{"id":94322,"date":"2021-02-21T21:51:29","date_gmt":"2021-02-21T21:51:29","guid":{"rendered":"https:\/\/www.autonvaraosahaku.fi\/?product=febi-bilstein-38351-vetonivelen-suojakumi"},"modified":"2021-02-21T21:51:35","modified_gmt":"2021-02-21T21:51:35","slug":"febi-bilstein-38351-vetonivelen-suojakumi","status":"publish","type":"product","link":"https:\/\/www.autonvaraosahaku.fi\/?product=febi-bilstein-38351-vetonivelen-suojakumi","title":{"rendered":"FEBI BILSTEIN 38351 Vetonivelen suojakumi"},"content":{"rendered":"<p>Pituus (mm): 105; Materiaali: Thermoplast; Asennuspuoli: Etuakseli, Vaihteiston puoli; Paino [kg]: 0,191; Sis\u00e4l\u00e4pimitta 1 [mm]: 27,8; Sis\u00e4l\u00e4pimitta 2 [mm]: 73,5; Huomioi huolto-ohjeet: , ; Moottorinumero: AEH; AKL; VW: GOLF IV 1J1,LUPO 6X1, 6E1,GOLF IV Variant 1J5,BORA 1J2,NEW BEETLE 9C1, 1C1,BORA Kombi 1J6,NEW BEETLE Cabriolet 1Y7,POLO Stufenheck 9A4,BORA,JETTA CITY Stufenheck; AUDI: A3 8L1,A4 Avant 8E5, B6,A4 8E2, B6,A2 8Z0,TT 8N3,TT Roadster 8N9; SKODA: FABIA Combi 6Y5,FABIA,FABIA 6Y2,OCTAVIA Combi 1U5,FABIA Combi,ROOMSTER 5J,OCTAVIA 1U2,FABIA Stufenheck 6Y3,ROOMSTER Praktik 5J,FABIA Praktik; SEAT: IBIZA IV 6L1,IBIZA V 6J5, 6P5,LEON 1M1,AROSA 6H,TOLEDO II 1M2,IBIZA V SPORTCOUPE 6J1, 6P1,CORDOBA 6L2; 1J0498201B, 1J0498201D, 1J0498201J, 1J0498201JSK, 1J0498201K, 1J0498201KSK, 8E0498201C, 1J0498201J, 1J0498201JSK, 1J0498201K, 1J0498201KSK, 1J0498201J, 1J0498201JSK, 1J0498201B, 1J0498201D, 1J0498201J, 1J0498201JSK, 1J0498201K, 1J0498201KSK, 8E0498201C<\/p>\n","protected":false},"excerpt":{"rendered":"<p>FEBI BILSTEIN Paljekumisarja, Vetoakseli 38351  VW,AUDI,SKODA,GOLF IV 1J1,LUPO 6X1, 6E1,GOLF IV Variant 1J5,BORA 1J2,NEW BEETLE 9C1, 1C1<\/p>\n","protected":false},"featured_media":0,"template":"","meta":{"site-sidebar-layout":"default","site-content-layout":"default","ast-global-header-display":"","ast-main-header-display":"","ast-hfb-above-header-display":"","ast-hfb-below-header-display":"","ast-hfb-mobile-header-display":"","site-post-title":"","ast-breadcrumbs-content":"","ast-featured-img":"","footer-sml-layout":"","theme-transparent-header-meta":"","adv-header-id-meta":"","stick-header-meta":"","header-above-stick-meta":"","header-main-stick-meta":"","header-below-stick-meta":""},"pwb-brand":[50],"product_cat":[42],"product_tag":[],"class_list":{"0":"post-94322","1":"product","2":"type-product","3":"status-publish","5":"pwb-brand-febi-bilstein","6":"product_cat-vetonivelen-suojakumi","7":"desktop-align-left","8":"tablet-align-left","9":"mobile-align-left","11":"first","12":"instock","13":"product-type-external"},"brands":[{"id":50,"name":"FEBI BILSTEIN","slug":"febi-bilstein"}],"_links":{"self":[{"href":"https:\/\/www.autonvaraosahaku.fi\/index.php?rest_route=\/wp\/v2\/product\/94322","targetHints":{"allow":["GET"]}}],"collection":[{"href":"https:\/\/www.autonvaraosahaku.fi\/index.php?rest_route=\/wp\/v2\/product"}],"about":[{"href":"https:\/\/www.autonvaraosahaku.fi\/index.php?rest_route=\/wp\/v2\/types\/product"}],"wp:attachment":[{"href":"https:\/\/www.autonvaraosahaku.fi\/index.php?rest_route=%2Fwp%2Fv2%2Fmedia&parent=94322"}],"wp:term":[{"taxonomy":"pwb-brand","embeddable":true,"href":"https:\/\/www.autonvaraosahaku.fi\/index.php?rest_route=%2Fwp%2Fv2%2Fpwb-brand&post=94322"},{"taxonomy":"product_cat","embeddable":true,"href":"https:\/\/www.autonvaraosahaku.fi\/index.php?rest_route=%2Fwp%2Fv2%2Fproduct_cat&post=94322"},{"taxonomy":"product_tag","embeddable":true,"href":"https:\/\/www.autonvaraosahaku.fi\/index.php?rest_route=%2Fwp%2Fv2%2Fproduct_tag&post=94322"}],"curies":[{"name":"wp","href":"https:\/\/api.w.org\/{rel}","templated":true}]}}