{"id":94359,"date":"2021-02-21T21:51:48","date_gmt":"2021-02-21T21:51:48","guid":{"rendered":"https:\/\/www.autonvaraosahaku.fi\/?product=mahle-original-lx-1805-ilmansuodatin"},"modified":"2021-02-21T21:51:52","modified_gmt":"2021-02-21T21:51:52","slug":"mahle-original-lx-1805-ilmansuodatin","status":"publish","type":"product","link":"https:\/\/www.autonvaraosahaku.fi\/?product=mahle-original-lx-1805-ilmansuodatin","title":{"rendered":"MAHLE ORIGINAL LX 1805 Ilmansuodatin"},"content":{"rendered":"<p>Suodatintyyppi: Suodatinpanos; Korkeus (mm): 135,0; Ulkol\u00e4pimitta [mm]: 92,0; Sis\u00e4l\u00e4pimitta 1 [mm]: 51,1; L\u00e4pimitta 3 [mm]: 51,1, 51,1; Paino [g]: 0,15; Korkeus (tuumaa): 5,51; Leveys (tuumaa): 3,94; Pituus (tuumaa): 3,94; SMART: CITY-COUPE 450,CABRIO 450,FORTWO Coupe 450,FORTWO Cabrio 450,CROSSBLADE 450; 0003124V001, 0004591V001, A0003124V001, A0004591V001, 0001024V001, 0003123V007, 0003124V001, 0003124V001000000, 0013944V001, Q0003124V001, Q0003124V001000000<\/p>\n","protected":false},"excerpt":{"rendered":"<p>MAHLE ORIGINAL Ilmansuodatin LX 1805  SMART,CITY-COUPE 450,CABRIO 450,FORTWO Coupe 450,FORTWO Cabrio 450,CROSSBLADE 450<\/p>\n","protected":false},"featured_media":0,"template":"","meta":{"site-sidebar-layout":"default","site-content-layout":"default","ast-global-header-display":"","ast-main-header-display":"","ast-hfb-above-header-display":"","ast-hfb-below-header-display":"","ast-hfb-mobile-header-display":"","site-post-title":"","ast-breadcrumbs-content":"","ast-featured-img":"","footer-sml-layout":"","theme-transparent-header-meta":"","adv-header-id-meta":"","stick-header-meta":"","header-above-stick-meta":"","header-main-stick-meta":"","header-below-stick-meta":""},"pwb-brand":[153],"product_cat":[31],"product_tag":[],"class_list":{"0":"post-94359","1":"product","2":"type-product","3":"status-publish","5":"pwb-brand-mahle-original","6":"product_cat-ilmansuodatin","7":"desktop-align-left","8":"tablet-align-left","9":"mobile-align-left","11":"first","12":"instock","13":"product-type-external"},"brands":[{"id":153,"name":"MAHLE ORIGINAL","slug":"mahle-original"}],"_links":{"self":[{"href":"https:\/\/www.autonvaraosahaku.fi\/index.php?rest_route=\/wp\/v2\/product\/94359","targetHints":{"allow":["GET"]}}],"collection":[{"href":"https:\/\/www.autonvaraosahaku.fi\/index.php?rest_route=\/wp\/v2\/product"}],"about":[{"href":"https:\/\/www.autonvaraosahaku.fi\/index.php?rest_route=\/wp\/v2\/types\/product"}],"wp:attachment":[{"href":"https:\/\/www.autonvaraosahaku.fi\/index.php?rest_route=%2Fwp%2Fv2%2Fmedia&parent=94359"}],"wp:term":[{"taxonomy":"pwb-brand","embeddable":true,"href":"https:\/\/www.autonvaraosahaku.fi\/index.php?rest_route=%2Fwp%2Fv2%2Fpwb-brand&post=94359"},{"taxonomy":"product_cat","embeddable":true,"href":"https:\/\/www.autonvaraosahaku.fi\/index.php?rest_route=%2Fwp%2Fv2%2Fproduct_cat&post=94359"},{"taxonomy":"product_tag","embeddable":true,"href":"https:\/\/www.autonvaraosahaku.fi\/index.php?rest_route=%2Fwp%2Fv2%2Fproduct_tag&post=94359"}],"curies":[{"name":"wp","href":"https:\/\/api.w.org\/{rel}","templated":true}]}}