{"id":94360,"date":"2021-02-21T21:51:48","date_gmt":"2021-02-21T21:51:48","guid":{"rendered":"https:\/\/www.autonvaraosahaku.fi\/?product=mahle-original-kl-85-polttoainesuodatin"},"modified":"2021-02-21T21:51:52","modified_gmt":"2021-02-21T21:51:52","slug":"mahle-original-kl-85-polttoainesuodatin","status":"publish","type":"product","link":"https:\/\/www.autonvaraosahaku.fi\/?product=mahle-original-kl-85-polttoainesuodatin","title":{"rendered":"MAHLE ORIGINAL KL 85 Polttoainesuodatin"},"content":{"rendered":"<p>Suodatintyyppi: Letkusuodatin; L\u00e4pimitta [mm]: 85,3; Kopan l\u00e4pimitta (mm): 80,5; Korkeus 1 (mm): 132,3; Korkeus (mm): 195,0; L\u00e4pimitta 2 [mm]: 8,0; L\u00e4pimitta 3 [mm]: 8,0; Paino [g]: 0,89; Korkeus (tuumaa): 7,87; Leveys (tuumaa): 3,54; Pituus (tuumaa): 3,54; Valmistusvuoteen: 04\/1992; VOLVO: V70 I LV,S60 I,850 Kombi LW,XC70 CROSS COUNTRY,C70 I Cabriolet,C70 I Coupe,850 LS,S70 LS,V90 Kombi,S90; FORD: ESCORT VII GAL, AAL, ABL,ESCORT VII Kombi GAL, ANL,ESCORT VI GAL,ESCORT V Cabriolet ALL,TRANSIT Bus T_ _,TRANSIT Bus MK-4 E_ _,TRANSIT MK-4 Pritsche\/Fahrgestell E_ _,ESCORT V GAL,ESCORT VII Stufenheck GAL, AFL,TRANSIT MK-4 Kasten E_ _,ESCORT VI Kombi GAL,ESCORT VI Stufenheck GAL,ORION II AFF,ESCORT V Kombi GAL, AVL,ESCORT &#8217;91 Express AVL,ORION III GAL; 6192187, 91AB9155AA, EFG14, 00091426585, 30671182, 306711820, 306711821, 3507416, 35074160, 9142648, 9142658, 91426585<\/p>\n","protected":false},"excerpt":{"rendered":"<p>MAHLE ORIGINAL Polttoainesuodatin KL 85  VOLVO,FORD,V70 I LV,S60 I,850 Kombi LW,XC70 CROSS COUNTRY,C70 I Cabriolet,C70 I Coupe,850 LS,S70 LS,V90 Kombi<\/p>\n","protected":false},"featured_media":0,"template":"","meta":{"site-sidebar-layout":"default","site-content-layout":"default","ast-global-header-display":"","ast-main-header-display":"","ast-hfb-above-header-display":"","ast-hfb-below-header-display":"","ast-hfb-mobile-header-display":"","site-post-title":"","ast-breadcrumbs-content":"","ast-featured-img":"","footer-sml-layout":"","theme-transparent-header-meta":"","adv-header-id-meta":"","stick-header-meta":"","header-above-stick-meta":"","header-main-stick-meta":"","header-below-stick-meta":""},"pwb-brand":[153],"product_cat":[29],"product_tag":[],"class_list":{"0":"post-94360","1":"product","2":"type-product","3":"status-publish","5":"pwb-brand-mahle-original","6":"product_cat-polttoainesuodatin","7":"desktop-align-left","8":"tablet-align-left","9":"mobile-align-left","11":"first","12":"instock","13":"product-type-external"},"brands":[{"id":153,"name":"MAHLE ORIGINAL","slug":"mahle-original"}],"_links":{"self":[{"href":"https:\/\/www.autonvaraosahaku.fi\/index.php?rest_route=\/wp\/v2\/product\/94360","targetHints":{"allow":["GET"]}}],"collection":[{"href":"https:\/\/www.autonvaraosahaku.fi\/index.php?rest_route=\/wp\/v2\/product"}],"about":[{"href":"https:\/\/www.autonvaraosahaku.fi\/index.php?rest_route=\/wp\/v2\/types\/product"}],"wp:attachment":[{"href":"https:\/\/www.autonvaraosahaku.fi\/index.php?rest_route=%2Fwp%2Fv2%2Fmedia&parent=94360"}],"wp:term":[{"taxonomy":"pwb-brand","embeddable":true,"href":"https:\/\/www.autonvaraosahaku.fi\/index.php?rest_route=%2Fwp%2Fv2%2Fpwb-brand&post=94360"},{"taxonomy":"product_cat","embeddable":true,"href":"https:\/\/www.autonvaraosahaku.fi\/index.php?rest_route=%2Fwp%2Fv2%2Fproduct_cat&post=94360"},{"taxonomy":"product_tag","embeddable":true,"href":"https:\/\/www.autonvaraosahaku.fi\/index.php?rest_route=%2Fwp%2Fv2%2Fproduct_tag&post=94360"}],"curies":[{"name":"wp","href":"https:\/\/api.w.org\/{rel}","templated":true}]}}