{"id":94372,"date":"2021-02-21T21:51:56","date_gmt":"2021-02-21T21:51:56","guid":{"rendered":"https:\/\/www.autonvaraosahaku.fi\/?product=vaico-v42-0125-oljynsuodatin"},"modified":"2021-02-21T21:51:57","modified_gmt":"2021-02-21T21:51:57","slug":"vaico-v42-0125-oljynsuodatin","status":"publish","type":"product","link":"https:\/\/www.autonvaraosahaku.fi\/?product=vaico-v42-0125-oljynsuodatin","title":{"rendered":"VAICO V42-0125 \u00d6ljynsuodatin"},"content":{"rendered":"<p>Korkeus (mm): 89; Kierremitta: M 20 X 1,5; Ulkol\u00e4pimitta [mm]: 76; Korvaava tuote\/korvaava tiedote 2: yhdell\u00e4 peruutuksenestoventtiilill\u00e4; Sis\u00e4l\u00e4pimitta 1 [mm]: 62; Sis\u00e4l\u00e4pimitta 2 [mm]: 71; Avauspaine ohitusventtiili [bar]: 1,5; Suodatintyyppi: Ruuvattava suodatin; Paino [kg]: 0,385; Pakkausleveys [cm]: 8,6; Pakkauskorkeus [mm]: 9,6; Pakkaussyvyys [cm]: 8,6; lis\u00e4tieto: CST99; Valmistusvuosi alkaen: 07\/1999; CHEVROLET: EPICA KL1_,EPICA Stufenheck US; DAEWOO: TOSCA; LADA: NIVA 2121; IVECO: EUROCARGO I-III; NISSAN: MICRA II K11; HYUNDAI: LANTRA II Wagon J-2,LANTRA II J-2; VOLVO: 440 K 445; DAIHATSU: HIJET Kasten S85; ROVER: 200 Hatchback XW,400 Tourer XW,100 \/ METRO XP,400 XW; SUZUKI: SAMURAI SJ,GRAND VITARA I FT,VITARA ET, TA,VITARA Cabrio ET, TA,BALENO Kombi EG,BALENO EG,BALENO Schr\u00e4gheck EG,VITARA ET,VITARA Cabrio ET; 9618899, 96818899, 1109R1, 1109T1, 1109X1, 1109X2, 9637143480, 9809532380, E149102, E149134, 71753741, 71771763, 9456183480, 9456203480, 9456203580, 71753741, 9456183480, 9456203480, 1109AL, 1109R0, 1109R1, 1109T0, 9644885480, 9809532380, E149102, E149134, 1651086CB1, SU001A4322<\/p>\n","protected":false},"excerpt":{"rendered":"<p>VAICO \u00d6ljynsuodatin V42-0125  CHEVROLET,DAEWOO,LADA,EPICA KL1_,EPICA Stufenheck US,TOSCA,NIVA 2121,EUROCARGO I-III,MICRA II K11,LANTRA II Wagon J-2<\/p>\n","protected":false},"featured_media":0,"template":"","meta":{"site-sidebar-layout":"default","site-content-layout":"default","ast-global-header-display":"","ast-main-header-display":"","ast-hfb-above-header-display":"","ast-hfb-below-header-display":"","ast-hfb-mobile-header-display":"","site-post-title":"","ast-breadcrumbs-content":"","ast-featured-img":"","footer-sml-layout":"","theme-transparent-header-meta":"","adv-header-id-meta":"","stick-header-meta":"","header-above-stick-meta":"","header-main-stick-meta":"","header-below-stick-meta":""},"pwb-brand":[330],"product_cat":[30],"product_tag":[],"class_list":{"0":"post-94372","1":"product","2":"type-product","3":"status-publish","5":"pwb-brand-vaico","6":"product_cat-oljynsuodatin","7":"desktop-align-left","8":"tablet-align-left","9":"mobile-align-left","11":"first","12":"instock","13":"product-type-external"},"brands":[{"id":330,"name":"VAICO","slug":"vaico"}],"_links":{"self":[{"href":"https:\/\/www.autonvaraosahaku.fi\/index.php?rest_route=\/wp\/v2\/product\/94372","targetHints":{"allow":["GET"]}}],"collection":[{"href":"https:\/\/www.autonvaraosahaku.fi\/index.php?rest_route=\/wp\/v2\/product"}],"about":[{"href":"https:\/\/www.autonvaraosahaku.fi\/index.php?rest_route=\/wp\/v2\/types\/product"}],"wp:attachment":[{"href":"https:\/\/www.autonvaraosahaku.fi\/index.php?rest_route=%2Fwp%2Fv2%2Fmedia&parent=94372"}],"wp:term":[{"taxonomy":"pwb-brand","embeddable":true,"href":"https:\/\/www.autonvaraosahaku.fi\/index.php?rest_route=%2Fwp%2Fv2%2Fpwb-brand&post=94372"},{"taxonomy":"product_cat","embeddable":true,"href":"https:\/\/www.autonvaraosahaku.fi\/index.php?rest_route=%2Fwp%2Fv2%2Fproduct_cat&post=94372"},{"taxonomy":"product_tag","embeddable":true,"href":"https:\/\/www.autonvaraosahaku.fi\/index.php?rest_route=%2Fwp%2Fv2%2Fproduct_tag&post=94372"}],"curies":[{"name":"wp","href":"https:\/\/api.w.org\/{rel}","templated":true}]}}