{"id":94377,"date":"2021-02-21T21:51:56","date_gmt":"2021-02-21T21:51:56","guid":{"rendered":"https:\/\/www.autonvaraosahaku.fi\/?product=hella-6zl-351-028-221-painekytkin-ilmastointilaite"},"modified":"2021-02-21T21:51:59","modified_gmt":"2021-02-21T21:51:59","slug":"hella-6zl-351-028-221-painekytkin-ilmastointilaite","status":"publish","type":"product","link":"https:\/\/www.autonvaraosahaku.fi\/?product=hella-6zl-351-028-221-painekytkin-ilmastointilaite","title":{"rendered":"HELLA 6ZL 351 028-221 Painekytkin ilmastointilaite"},"content":{"rendered":"<p>Painekatkaisijan liittimien m\u00e4\u00e4r\u00e4: 3; lis\u00e4tieto: BEHR HELLA SERVICE *** PREMIUM LINE ***; Alustanumerosta: 9C-Y-600 001; VW: GOLF IV 1J1,GOLF V 1K1,POLO 9N_,TOURAN 1T1, 1T2,GOLF VI 5K1,PASSAT Variant 3C5,GOLF PLUS 5M1, 521,PASSAT Variant 3B6,LUPO 6X1, 6E1,PASSAT 3C2,POLO 6R, 6C,TIGUAN 5N_,PASSAT Variant 365,GOLF IV Variant 1J5,SHARAN 7M8, 7M9, 7M6,CADDY III Kombi 2KB, 2KJ, 2CB, 2CJ,TRANSPORTER V Bus 7HB, 7HJ, 7EB, 7EJ, 7EF,TOURAN 1T3,FOX 5Z1, 5Z3,TOUAREG 7LA, 7L6, 7L7,GOLF VI Variant AJ5,GOLF V Variant 1K5,MULTIVAN V 7HM, 7HN, 7HF, 7EF, 7EM, 7EN,UP,CADDY III Kasten 2KA, 2KH, 2CA, 2CH,BORA 1J2,EOS 1F7, 1F8,SCIROCCO 137, 138,TRANSPORTER V Kasten 7HA, 7HH, 7EA, 7EH,PASSAT CC 357,NEW BEETLE 9C1, 1C1,PASSAT 3B3,SHARAN 7N1, 7N2,BORA Kombi 1J6,NEW BEETLE Cabriolet 1Y7,JETTA III 1K2,PASSAT 362,POLO CLASSIC 6KV2,AMAROK 2H_, S1B,CC 358,GOLF VI Cabriolet 517,JETTA IV 162, 163,TRANSPORTER V Pritsche\/Fahrgestell 7JD, 7JE, 7JL, 7JY, 7JZ,,PASSAT ALLTRACK 365,POLO Stufenheck 9A4; AUDI: A3 8P1,A3 8L1,A3 Sportback 8PA,Q7 4L,TT 8N3,TT 8J3,Q3 8U,A1 8X1, 8XF,TT Roadster 8N9,A1 Sportback 8XA, 8XK,TT Roadster 8J9,A3 Cabriolet 8P7; SKODA: OCTAVIA Combi 1Z5,FABIA Combi 6Y5,FABIA,FABIA 6Y2,OCTAVIA Combi 1U5,FABIA Combi,ROOMSTER 5J,YETI 5L,SUPERB Kombi 3T5,OCTAVIA 1Z3,OCTAVIA 1U2,CITIGO,SUPERB 3T4,RAPID Spaceback NH1,FABIA Stufenheck 6Y3,RAPID NH3,FABIA Praktik; SEAT: IBIZA IV 6L1,LEON 1P1,IBIZA V 6J5, 6P5,LEON 1M1,ALTEA 5P1,AROSA 6H,ALHAMBRA 7V8, 7V9,ALTEA XL 5P5, 5P8,IBIZA V ST 6J8, 6P8,ALHAMBRA 710, 711,IBIZA II 6K1,Mii KF1_,TOLEDO II 1M2,IBIZA V SPORTCOUPE 6J1, 6P1,CORDOBA 6K1, 6K2,CORDOBA Vario 6K1,CORDOBA 6L2,TOLEDO III 5P2,INCA 6K9; PORSCHE: 911 997,BOXSTER 987,CAYMAN 987,911 Cabriolet 997,BOXSTER 981,CAYMAN 981,911 Targa 997,BOXTER Spyder; 1J0959126, 1K0959126A, 1K0959126B, 1K0959126D, 1K0959126E, 5K0959126, 95561313700, 95561313701, 95561313702, 95561313703, 1J0959126, 1K0959126A, 1K0959126B, 1K0959126D, 1K0959126E, 5K0959126, 1J0959126, 1K0959126A, 1K0959126B, 1K0959126D, 1K0959126E, 5K0959126, 1J0959126, 1K0959126A, 1K0959126B, 1K0959126D, 1K0959126E, 5K0959126<\/p>\n","protected":false},"excerpt":{"rendered":"<p>HELLA Painekytkin Ilmastointilaite 6ZL 351 028-221  VW,AUDI,SKODA,GOLF IV 1J1,GOLF V 1K1,POLO 9N_,TOURAN 1T1, 1T2,GOLF VI 5K1,PASSAT Variant 3C5<\/p>\n","protected":false},"featured_media":0,"template":"","meta":{"site-sidebar-layout":"default","site-content-layout":"default","ast-global-header-display":"","ast-main-header-display":"","ast-hfb-above-header-display":"","ast-hfb-below-header-display":"","ast-hfb-mobile-header-display":"","site-post-title":"","ast-breadcrumbs-content":"","ast-featured-img":"","footer-sml-layout":"","theme-transparent-header-meta":"","adv-header-id-meta":"","stick-header-meta":"","header-above-stick-meta":"","header-main-stick-meta":"","header-below-stick-meta":""},"pwb-brand":[24],"product_cat":[472],"product_tag":[],"class_list":{"0":"post-94377","1":"product","2":"type-product","3":"status-publish","5":"pwb-brand-hella","6":"product_cat-painekytkin-ilmastointilaite","7":"desktop-align-left","8":"tablet-align-left","9":"mobile-align-left","11":"first","12":"instock","13":"product-type-external"},"brands":[{"id":24,"name":"HELLA","slug":"hella"}],"_links":{"self":[{"href":"https:\/\/www.autonvaraosahaku.fi\/index.php?rest_route=\/wp\/v2\/product\/94377","targetHints":{"allow":["GET"]}}],"collection":[{"href":"https:\/\/www.autonvaraosahaku.fi\/index.php?rest_route=\/wp\/v2\/product"}],"about":[{"href":"https:\/\/www.autonvaraosahaku.fi\/index.php?rest_route=\/wp\/v2\/types\/product"}],"wp:attachment":[{"href":"https:\/\/www.autonvaraosahaku.fi\/index.php?rest_route=%2Fwp%2Fv2%2Fmedia&parent=94377"}],"wp:term":[{"taxonomy":"pwb-brand","embeddable":true,"href":"https:\/\/www.autonvaraosahaku.fi\/index.php?rest_route=%2Fwp%2Fv2%2Fpwb-brand&post=94377"},{"taxonomy":"product_cat","embeddable":true,"href":"https:\/\/www.autonvaraosahaku.fi\/index.php?rest_route=%2Fwp%2Fv2%2Fproduct_cat&post=94377"},{"taxonomy":"product_tag","embeddable":true,"href":"https:\/\/www.autonvaraosahaku.fi\/index.php?rest_route=%2Fwp%2Fv2%2Fproduct_tag&post=94377"}],"curies":[{"name":"wp","href":"https:\/\/api.w.org\/{rel}","templated":true}]}}