{"id":94384,"date":"2021-02-21T21:51:56","date_gmt":"2021-02-21T21:51:56","guid":{"rendered":"https:\/\/www.autonvaraosahaku.fi\/?product=hella-6pr-008-079-081-anturit-sensorit"},"modified":"2021-02-21T21:52:02","modified_gmt":"2021-02-21T21:52:02","slug":"hella-6pr-008-079-081-anturit-sensorit","status":"publish","type":"product","link":"https:\/\/www.autonvaraosahaku.fi\/?product=hella-6pr-008-079-081-anturit-sensorit","title":{"rendered":"HELLA 6PR 008 079-081 Anturit (sensorit)"},"content":{"rendered":"<p>Lis\u00e4tarvike\/lis\u00e4tieto: Tiivisteill\u00e4; Napojen m\u00e4\u00e4r\u00e4: 3; Varustelumahdollisuudet: Boxster Spyder; VW: GOLF VI 5K1,PASSAT Variant 3C5,PASSAT 3C2,POLO 6R, 6C,TIGUAN 5N_,TOUAREG 7LA, 7L6, 7L7,EOS 1F7, 1F8,SCIROCCO 137, 138,PASSAT CC 357,PHAETON 3D_,SHARAN 7N1, 7N2,CRAFTER 30-50 Kasten 2E_,JETTA III 1K2,GOLF VI Cabriolet 517,BEETLE 5C1,JETTA IV 162, 163,CRAFTER 30-35 Bus 2E_,BEETLE Cabriolet 5C7,CRAFTER 30-50 Pritsche\/Fahrgestell 2F_; AUDI: A6 Avant 4F5, C6,A3 Sportback 8PA,A4 Avant 8ED, B7,A6 4F2, C6,A5 8T3,A4 Cabriolet 8H7, B6, 8HE, B7,A4 8EC, B7,Q7 4L,TT 8J3,Q3 8U,A6 Allroad 4FH, C6,A1 8X1, 8XF,TT Roadster 8J9; SKODA: SUPERB 3T4,FABIA NJ3,FABIA Kombi NJ5; SEAT: LEON 1P1,EXEO ST 3R5,ALHAMBRA 710, 711,EXEO 3R2; PORSCHE: CAYENNE 955,911 997,BOXSTER 987,CAYMAN 987,911 Cabriolet 997,911 Targa 997; 06E907660, 07Z907660, 94860615000, 06E907660, 07Z907660, 06E907660, 07Z907660, 06E907660, 07Z907660; \u00d6ljyn Tasoanturi,Tunnistin, Moottori\u00f6ljyn Taso<\/p>\n","protected":false},"excerpt":{"rendered":"<p>HELLA \u00d6ljytason Anturi 6PR 008 079-081 \u00d6ljyn Tasoanturi,Tunnistin, Moottori\u00f6ljyn Taso VW,AUDI,SKODA,GOLF VI 5K1,PASSAT Variant 3C5,PASSAT 3C2<\/p>\n","protected":false},"featured_media":0,"template":"","meta":{"site-sidebar-layout":"default","site-content-layout":"default","ast-global-header-display":"","ast-main-header-display":"","ast-hfb-above-header-display":"","ast-hfb-below-header-display":"","ast-hfb-mobile-header-display":"","site-post-title":"","ast-breadcrumbs-content":"","ast-featured-img":"","footer-sml-layout":"","theme-transparent-header-meta":"","adv-header-id-meta":"","stick-header-meta":"","header-above-stick-meta":"","header-main-stick-meta":"","header-below-stick-meta":""},"pwb-brand":[24],"product_cat":[98],"product_tag":[],"class_list":{"0":"post-94384","1":"product","2":"type-product","3":"status-publish","5":"pwb-brand-hella","6":"product_cat-anturit-sensorit","7":"desktop-align-left","8":"tablet-align-left","9":"mobile-align-left","11":"first","12":"instock","13":"product-type-external"},"brands":[{"id":24,"name":"HELLA","slug":"hella"}],"_links":{"self":[{"href":"https:\/\/www.autonvaraosahaku.fi\/index.php?rest_route=\/wp\/v2\/product\/94384","targetHints":{"allow":["GET"]}}],"collection":[{"href":"https:\/\/www.autonvaraosahaku.fi\/index.php?rest_route=\/wp\/v2\/product"}],"about":[{"href":"https:\/\/www.autonvaraosahaku.fi\/index.php?rest_route=\/wp\/v2\/types\/product"}],"wp:attachment":[{"href":"https:\/\/www.autonvaraosahaku.fi\/index.php?rest_route=%2Fwp%2Fv2%2Fmedia&parent=94384"}],"wp:term":[{"taxonomy":"pwb-brand","embeddable":true,"href":"https:\/\/www.autonvaraosahaku.fi\/index.php?rest_route=%2Fwp%2Fv2%2Fpwb-brand&post=94384"},{"taxonomy":"product_cat","embeddable":true,"href":"https:\/\/www.autonvaraosahaku.fi\/index.php?rest_route=%2Fwp%2Fv2%2Fproduct_cat&post=94384"},{"taxonomy":"product_tag","embeddable":true,"href":"https:\/\/www.autonvaraosahaku.fi\/index.php?rest_route=%2Fwp%2Fv2%2Fproduct_tag&post=94384"}],"curies":[{"name":"wp","href":"https:\/\/api.w.org\/{rel}","templated":true}]}}