{"id":94391,"date":"2021-02-21T21:52:05","date_gmt":"2021-02-21T21:52:05","guid":{"rendered":"https:\/\/www.autonvaraosahaku.fi\/?product=kyb-349084-iskunvaimennin"},"modified":"2021-02-21T21:52:05","modified_gmt":"2021-02-21T21:52:05","slug":"kyb-349084-iskunvaimennin","status":"publish","type":"product","link":"https:\/\/www.autonvaraosahaku.fi\/?product=kyb-349084-iskunvaimennin","title":{"rendered":"KYB 349084 Iskunvaimennin"},"content":{"rendered":"<p>Asennuspuoli: Taka-akseli; Iskunvaimennusj\u00e4rjestelm\u00e4: Kaksiputki; Iskunvaimennin tyyppi: Kaasupaine; Iskunvaimennin asennustapa: Tappi ylh\u00e4\u00e4ll\u00e4; Tuotelinja: Excel-G; Valmistusmaa: Republik Korea (S\u00fcdkorea); KIA: CEE&#8217;D SW ED,CEE&#8217;D Schr\u00e4gheck ED,CEE&#8217;D JD,CEE`D Sportswagon JD,PRO CEE&#8217;D ED,PRO CEE\u00b4D JD; HYUNDAI: i30 FD,i30 CW FD,i30 GD,i30 CW GD,i30 Coupe; 55300A6000, 55300A6050, 55300A6070, 55300A6100, 55300A6200, 55300A6400, 55300A6440, 55300A6460, 553112L000, 553112L100, 553112L200, 553112L500, 553112L600, 553112R100, 553112R200, 553112R250, 553112R400, 553112R600, 553112R700, 55300A2000, 55300A2020, 55300A2050, 55300A2500, 55300A2510, 55300A2520, 55300A2890, 55300A2900, 55300A2950, 55300A2960, 55300A2970, 55300A6010, 55300A6100, 55300A6200, 55300A6400, 55300A6420, 55300A6430, 55300A6440, 55300A6450, 55300A6460, 55300A6470, 55300A6700, 55300A6900, 553101H000, 553101H001, 553101H002, 553101H003, 553101H100, 553101H101, 553101H102, 553101H200, 553101H201, 553101H202, 553111H500, 553111H600; Iskarit,Iskunvaimennin<\/p>\n","protected":false},"excerpt":{"rendered":"<p>KYB Iskunvaimentimet 349084 Iskarit,Iskunvaimennin KIA,HYUNDAI,CEE&#8217;D SW ED,CEE&#8217;D Schr\u00e4gheck ED,CEE&#8217;D JD,CEE`D Sportswagon JD,PRO CEE&#8217;D ED<\/p>\n","protected":false},"featured_media":0,"template":"","meta":{"site-sidebar-layout":"default","site-content-layout":"default","ast-global-header-display":"","ast-main-header-display":"","ast-hfb-above-header-display":"","ast-hfb-below-header-display":"","ast-hfb-mobile-header-display":"","site-post-title":"","ast-breadcrumbs-content":"","ast-featured-img":"","footer-sml-layout":"","theme-transparent-header-meta":"","adv-header-id-meta":"","stick-header-meta":"","header-above-stick-meta":"","header-main-stick-meta":"","header-below-stick-meta":""},"pwb-brand":[226],"product_cat":[80],"product_tag":[],"class_list":{"0":"post-94391","1":"product","2":"type-product","3":"status-publish","5":"pwb-brand-kyb","6":"product_cat-iskunvaimennin","7":"desktop-align-left","8":"tablet-align-left","9":"mobile-align-left","11":"first","12":"instock","13":"product-type-external"},"brands":[{"id":226,"name":"KYB","slug":"kyb"}],"_links":{"self":[{"href":"https:\/\/www.autonvaraosahaku.fi\/index.php?rest_route=\/wp\/v2\/product\/94391","targetHints":{"allow":["GET"]}}],"collection":[{"href":"https:\/\/www.autonvaraosahaku.fi\/index.php?rest_route=\/wp\/v2\/product"}],"about":[{"href":"https:\/\/www.autonvaraosahaku.fi\/index.php?rest_route=\/wp\/v2\/types\/product"}],"wp:attachment":[{"href":"https:\/\/www.autonvaraosahaku.fi\/index.php?rest_route=%2Fwp%2Fv2%2Fmedia&parent=94391"}],"wp:term":[{"taxonomy":"pwb-brand","embeddable":true,"href":"https:\/\/www.autonvaraosahaku.fi\/index.php?rest_route=%2Fwp%2Fv2%2Fpwb-brand&post=94391"},{"taxonomy":"product_cat","embeddable":true,"href":"https:\/\/www.autonvaraosahaku.fi\/index.php?rest_route=%2Fwp%2Fv2%2Fproduct_cat&post=94391"},{"taxonomy":"product_tag","embeddable":true,"href":"https:\/\/www.autonvaraosahaku.fi\/index.php?rest_route=%2Fwp%2Fv2%2Fproduct_tag&post=94391"}],"curies":[{"name":"wp","href":"https:\/\/api.w.org\/{rel}","templated":true}]}}