{"id":9440,"date":"2021-02-21T14:05:55","date_gmt":"2021-02-21T14:05:55","guid":{"rendered":"https:\/\/www.autonvaraosahaku.fi\/?product=febi-bilstein-49459-muut-luokat"},"modified":"2021-02-21T14:05:55","modified_gmt":"2021-02-21T14:05:55","slug":"febi-bilstein-49459-muut-luokat","status":"publish","type":"product","link":"https:\/\/www.autonvaraosahaku.fi\/?product=febi-bilstein-49459-muut-luokat","title":{"rendered":"FEBI BILSTEIN 49459 Muut luokat"},"content":{"rendered":"<p>Sis\u00e4l\u00e4pimitta [mm]: 30,0; Ulkol\u00e4pimitta [mm]: 50,0; Laakerityyppi: Vierint\u00e4laakeri; Paino [kg]: 0,48, 0,48; MERCEDES-BENZ: E-CLASS W211,E-CLASS T-Model S211,E-CLASS W210,E-CLASS Kombi S210,S-CLASS W220; 2114100381, 2114100381S1<\/p>\n","protected":false},"excerpt":{"rendered":"<p>FEBI BILSTEIN Ripustus, Kardaaniakseli 49459  MERCEDES-BENZ,E-CLASS W211,E-CLASS T-Model S211,E-CLASS W210,E-CLASS Kombi S210,S-CLASS W220<\/p>\n","protected":false},"featured_media":0,"template":"","meta":{"site-sidebar-layout":"default","site-content-layout":"default","ast-global-header-display":"","ast-main-header-display":"","ast-hfb-above-header-display":"","ast-hfb-below-header-display":"","ast-hfb-mobile-header-display":"","site-post-title":"","ast-breadcrumbs-content":"","ast-featured-img":"","footer-sml-layout":"","theme-transparent-header-meta":"","adv-header-id-meta":"","stick-header-meta":"","header-above-stick-meta":"","header-main-stick-meta":"","header-below-stick-meta":""},"pwb-brand":[50],"product_cat":[37],"product_tag":[],"class_list":{"0":"post-9440","1":"product","2":"type-product","3":"status-publish","5":"pwb-brand-febi-bilstein","6":"product_cat-muut-luokat","7":"desktop-align-left","8":"tablet-align-left","9":"mobile-align-left","11":"first","12":"instock","13":"product-type-external"},"brands":[{"id":50,"name":"FEBI BILSTEIN","slug":"febi-bilstein"}],"_links":{"self":[{"href":"https:\/\/www.autonvaraosahaku.fi\/index.php?rest_route=\/wp\/v2\/product\/9440","targetHints":{"allow":["GET"]}}],"collection":[{"href":"https:\/\/www.autonvaraosahaku.fi\/index.php?rest_route=\/wp\/v2\/product"}],"about":[{"href":"https:\/\/www.autonvaraosahaku.fi\/index.php?rest_route=\/wp\/v2\/types\/product"}],"wp:attachment":[{"href":"https:\/\/www.autonvaraosahaku.fi\/index.php?rest_route=%2Fwp%2Fv2%2Fmedia&parent=9440"}],"wp:term":[{"taxonomy":"pwb-brand","embeddable":true,"href":"https:\/\/www.autonvaraosahaku.fi\/index.php?rest_route=%2Fwp%2Fv2%2Fpwb-brand&post=9440"},{"taxonomy":"product_cat","embeddable":true,"href":"https:\/\/www.autonvaraosahaku.fi\/index.php?rest_route=%2Fwp%2Fv2%2Fproduct_cat&post=9440"},{"taxonomy":"product_tag","embeddable":true,"href":"https:\/\/www.autonvaraosahaku.fi\/index.php?rest_route=%2Fwp%2Fv2%2Fproduct_tag&post=9440"}],"curies":[{"name":"wp","href":"https:\/\/api.w.org\/{rel}","templated":true}]}}