{"id":94423,"date":"2021-02-21T21:52:13","date_gmt":"2021-02-21T21:52:13","guid":{"rendered":"https:\/\/www.autonvaraosahaku.fi\/?product=metzger-2160077-ikkunannostin"},"modified":"2021-02-21T21:52:18","modified_gmt":"2021-02-21T21:52:18","slug":"metzger-2160077-ikkunannostin","status":"publish","type":"product","link":"https:\/\/www.autonvaraosahaku.fi\/?product=metzger-2160077-ikkunannostin","title":{"rendered":"METZGER 2160077 Ikkunannostin"},"content":{"rendered":"<p>Asennuspuoli: Eteen, vasen; K\u00e4ytt\u00f6: K\u00e4sik\u00e4ytt\u00f6inen; parilliset tuotenumerot: 2160154; MERCEDES-BENZ: Stufenheck W124,KOMBI Kombi S124,E-CLASS W124,E-CLASS Kombi S124; 1247201746, 1247202346, A1247201746, A1247202346; Lasinnostin<\/p>\n","protected":false},"excerpt":{"rendered":"<p>METZGER Ikkunannostin 2160077 Lasinnostin MERCEDES-BENZ,Stufenheck W124,KOMBI Kombi S124,E-CLASS W124,E-CLASS Kombi S124<\/p>\n","protected":false},"featured_media":0,"template":"","meta":{"site-sidebar-layout":"default","site-content-layout":"default","ast-global-header-display":"","ast-main-header-display":"","ast-hfb-above-header-display":"","ast-hfb-below-header-display":"","ast-hfb-mobile-header-display":"","site-post-title":"","ast-breadcrumbs-content":"","ast-featured-img":"","footer-sml-layout":"","theme-transparent-header-meta":"","adv-header-id-meta":"","stick-header-meta":"","header-above-stick-meta":"","header-main-stick-meta":"","header-below-stick-meta":""},"pwb-brand":[69],"product_cat":[203],"product_tag":[],"class_list":{"0":"post-94423","1":"product","2":"type-product","3":"status-publish","5":"pwb-brand-metzger","6":"product_cat-ikkunannostin","7":"desktop-align-left","8":"tablet-align-left","9":"mobile-align-left","11":"first","12":"instock","13":"product-type-external"},"brands":[{"id":69,"name":"METZGER","slug":"metzger"}],"_links":{"self":[{"href":"https:\/\/www.autonvaraosahaku.fi\/index.php?rest_route=\/wp\/v2\/product\/94423","targetHints":{"allow":["GET"]}}],"collection":[{"href":"https:\/\/www.autonvaraosahaku.fi\/index.php?rest_route=\/wp\/v2\/product"}],"about":[{"href":"https:\/\/www.autonvaraosahaku.fi\/index.php?rest_route=\/wp\/v2\/types\/product"}],"wp:attachment":[{"href":"https:\/\/www.autonvaraosahaku.fi\/index.php?rest_route=%2Fwp%2Fv2%2Fmedia&parent=94423"}],"wp:term":[{"taxonomy":"pwb-brand","embeddable":true,"href":"https:\/\/www.autonvaraosahaku.fi\/index.php?rest_route=%2Fwp%2Fv2%2Fpwb-brand&post=94423"},{"taxonomy":"product_cat","embeddable":true,"href":"https:\/\/www.autonvaraosahaku.fi\/index.php?rest_route=%2Fwp%2Fv2%2Fproduct_cat&post=94423"},{"taxonomy":"product_tag","embeddable":true,"href":"https:\/\/www.autonvaraosahaku.fi\/index.php?rest_route=%2Fwp%2Fv2%2Fproduct_tag&post=94423"}],"curies":[{"name":"wp","href":"https:\/\/api.w.org\/{rel}","templated":true}]}}