{"id":94427,"date":"2021-02-21T21:52:13","date_gmt":"2021-02-21T21:52:13","guid":{"rendered":"https:\/\/www.autonvaraosahaku.fi\/?product=a-b-s-9334-kasijarrukengat"},"modified":"2021-02-21T21:52:19","modified_gmt":"2021-02-21T21:52:19","slug":"a-b-s-9334-kasijarrukengat","status":"publish","type":"product","link":"https:\/\/www.autonvaraosahaku.fi\/?product=a-b-s-9334-kasijarrukengat","title":{"rendered":"A.B.S. 9334 K\u00e4sijarrukeng\u00e4t"},"content":{"rendered":"<p>L\u00e4pimitta [mm]: 180; Leveys (mm): 25; Kitkapinnan leveys (mm): 24; Paino [kg]: 1,01; Asennuspuoli: Hinterachse; MASERATI: QUATTROPORTE V,GRAN TURISMO,4200 GT SPYDER Cabriolet,4200 GT Coupe,GRANCABRIO,GRANSPORT Coupe,GRANSPORT Cabriolet; 194876, 219569, 248418; Jarrukenk\u00e4sarja, K\u00e4sijarru<\/p>\n","protected":false},"excerpt":{"rendered":"<p>A.B.S. K\u00e4sijarrukeng\u00e4t 9334 Jarrukenk\u00e4sarja, K\u00e4sijarru MASERATI,QUATTROPORTE V,GRAN TURISMO,4200 GT SPYDER Cabriolet,4200 GT Coupe,GRANCABRIO<\/p>\n","protected":false},"featured_media":0,"template":"","meta":{"site-sidebar-layout":"default","site-content-layout":"default","ast-global-header-display":"","ast-main-header-display":"","ast-hfb-above-header-display":"","ast-hfb-below-header-display":"","ast-hfb-mobile-header-display":"","site-post-title":"","ast-breadcrumbs-content":"","ast-featured-img":"","footer-sml-layout":"","theme-transparent-header-meta":"","adv-header-id-meta":"","stick-header-meta":"","header-above-stick-meta":"","header-main-stick-meta":"","header-below-stick-meta":""},"pwb-brand":[326],"product_cat":[236],"product_tag":[],"class_list":{"0":"post-94427","1":"product","2":"type-product","3":"status-publish","5":"pwb-brand-a-b-s","6":"product_cat-kasijarrukengat","7":"desktop-align-left","8":"tablet-align-left","9":"mobile-align-left","11":"first","12":"instock","13":"product-type-external"},"brands":[{"id":326,"name":"A.B.S.","slug":"a-b-s"}],"_links":{"self":[{"href":"https:\/\/www.autonvaraosahaku.fi\/index.php?rest_route=\/wp\/v2\/product\/94427","targetHints":{"allow":["GET"]}}],"collection":[{"href":"https:\/\/www.autonvaraosahaku.fi\/index.php?rest_route=\/wp\/v2\/product"}],"about":[{"href":"https:\/\/www.autonvaraosahaku.fi\/index.php?rest_route=\/wp\/v2\/types\/product"}],"wp:attachment":[{"href":"https:\/\/www.autonvaraosahaku.fi\/index.php?rest_route=%2Fwp%2Fv2%2Fmedia&parent=94427"}],"wp:term":[{"taxonomy":"pwb-brand","embeddable":true,"href":"https:\/\/www.autonvaraosahaku.fi\/index.php?rest_route=%2Fwp%2Fv2%2Fpwb-brand&post=94427"},{"taxonomy":"product_cat","embeddable":true,"href":"https:\/\/www.autonvaraosahaku.fi\/index.php?rest_route=%2Fwp%2Fv2%2Fproduct_cat&post=94427"},{"taxonomy":"product_tag","embeddable":true,"href":"https:\/\/www.autonvaraosahaku.fi\/index.php?rest_route=%2Fwp%2Fv2%2Fproduct_tag&post=94427"}],"curies":[{"name":"wp","href":"https:\/\/api.w.org\/{rel}","templated":true}]}}