{"id":94428,"date":"2021-02-21T21:52:13","date_gmt":"2021-02-21T21:52:13","guid":{"rendered":"https:\/\/www.autonvaraosahaku.fi\/?product=valeo-886695-jarrulevyt"},"modified":"2021-02-21T21:52:20","modified_gmt":"2021-02-21T21:52:20","slug":"valeo-886695-jarrulevyt","status":"publish","type":"product","link":"https:\/\/www.autonvaraosahaku.fi\/?product=valeo-886695-jarrulevyt","title":{"rendered":"VALEO 886695 Jarrulevyt"},"content":{"rendered":"<p>Asennuspuoli: Etuakseli; Jarrulevytyyppi: Reijitetty \/ tuuletettu; Ulkol\u00e4pimitta [mm]: 265,5; Jarrulevyn paksuus (mm): 22; keskitt\u00e4misl\u00e4pimitta [mm]: 66; Korkeus (mm): 34; V\u00e4himm\u00e4ispaksuus (mm): 20; Vanne, aukkoja: 4; Kiinnitysreikien lukum\u00e4\u00e4r\u00e4: 2; Korvaava tuote\/korvaava tiedote 2: Ruuvilla; Paino [kg]: 10,6; Valmistusvuosi alkaen: 01\/2011; CITRO\u00cbN: BERLINGO MF,XSARA PICASSO N68,C2 JM_,C3 I FC_,C4 I LC_,DS3,BERLINGO Kasten M_,C3 Picasso,C5 I DC_,C3 II,XSARA N1,C4 Coupe LA_,C3 Pluriel HB_,C4 II B7,C5 II RC_,XSARA Break N2,XSARA Coupe N0,DS3 Cabriolet,C2 ENTERPRISE,C-ELYSEE,XSARA Kasten,XSARA Kasten\/Schr\u00e4gheck; PEUGEOT: 206 Schr\u00e4gheck 2A\/C,206 CC 2D,207 WA_, WC_,307 3A\/C,207 SW WK_,206 SW 2E\/K,208,307 Break 3E,1007 KM_,PARTNER Combispace 5F,PARTNER Kasten 5,PARTNER Kasten,206 Stufenheck,207 Van,PARTNER Pritsche\/Fahrgestell,208 Kasten; DS: DS 3,DS 3 Cabriolet; 4246W1, 424916, 424983, 4249G1, 424983, 4246W7, 424915, 424983, 4249G1; Jarrulevy<\/p>\n","protected":false},"excerpt":{"rendered":"<p>VALEO Jarrulevyt 886695 Jarrulevy CITRO\u00cbN,PEUGEOT,DS,BERLINGO MF,XSARA PICASSO N68,C2 JM_,C3 I FC_,C4 I LC_,DS3,BERLINGO Kasten M_,C3 Picasso,C5 I DC_<\/p>\n","protected":false},"featured_media":0,"template":"","meta":{"site-sidebar-layout":"default","site-content-layout":"default","ast-global-header-display":"","ast-main-header-display":"","ast-hfb-above-header-display":"","ast-hfb-below-header-display":"","ast-hfb-mobile-header-display":"","site-post-title":"","ast-breadcrumbs-content":"","ast-featured-img":"","footer-sml-layout":"","theme-transparent-header-meta":"","adv-header-id-meta":"","stick-header-meta":"","header-above-stick-meta":"","header-main-stick-meta":"","header-below-stick-meta":""},"pwb-brand":[28],"product_cat":[66],"product_tag":[],"class_list":{"0":"post-94428","1":"product","2":"type-product","3":"status-publish","5":"pwb-brand-valeo","6":"product_cat-jarrulevyt","7":"desktop-align-left","8":"tablet-align-left","9":"mobile-align-left","11":"first","12":"instock","13":"product-type-external"},"brands":[{"id":28,"name":"VALEO","slug":"valeo"}],"_links":{"self":[{"href":"https:\/\/www.autonvaraosahaku.fi\/index.php?rest_route=\/wp\/v2\/product\/94428","targetHints":{"allow":["GET"]}}],"collection":[{"href":"https:\/\/www.autonvaraosahaku.fi\/index.php?rest_route=\/wp\/v2\/product"}],"about":[{"href":"https:\/\/www.autonvaraosahaku.fi\/index.php?rest_route=\/wp\/v2\/types\/product"}],"wp:attachment":[{"href":"https:\/\/www.autonvaraosahaku.fi\/index.php?rest_route=%2Fwp%2Fv2%2Fmedia&parent=94428"}],"wp:term":[{"taxonomy":"pwb-brand","embeddable":true,"href":"https:\/\/www.autonvaraosahaku.fi\/index.php?rest_route=%2Fwp%2Fv2%2Fpwb-brand&post=94428"},{"taxonomy":"product_cat","embeddable":true,"href":"https:\/\/www.autonvaraosahaku.fi\/index.php?rest_route=%2Fwp%2Fv2%2Fproduct_cat&post=94428"},{"taxonomy":"product_tag","embeddable":true,"href":"https:\/\/www.autonvaraosahaku.fi\/index.php?rest_route=%2Fwp%2Fv2%2Fproduct_tag&post=94428"}],"curies":[{"name":"wp","href":"https:\/\/api.w.org\/{rel}","templated":true}]}}