{"id":94432,"date":"2021-02-21T21:52:21","date_gmt":"2021-02-21T21:52:21","guid":{"rendered":"https:\/\/www.autonvaraosahaku.fi\/?product=powerflex-pfr5-306-tukivarren-hela"},"modified":"2021-02-21T21:52:23","modified_gmt":"2021-02-21T21:52:23","slug":"powerflex-pfr5-306-tukivarren-hela","status":"publish","type":"product","link":"https:\/\/www.autonvaraosahaku.fi\/?product=powerflex-pfr5-306-tukivarren-hela","title":{"rendered":"Powerflex PFR5-306 Tukivarren hela"},"content":{"rendered":"<p>Sis\u00e4l\u00e4pimitta [mm]: 12; Materiaali: PU (polyuretaani); Kiinnitysmalli: Kumimetallilaakeri; M\u00e4\u00e4r\u00e4yksikk\u00f6: Kappale; Versio: Road Series; Tarvittava kappalem\u00e4\u00e4r\u00e4: 4; Asennuspuoli: Hinterachse; BMW: 3 Compact E36,3 E36,3 E30,3 Coupe E36,Z3 E36,5 E34,3 Cabriolet E30,3 Cabriolet E36,3 Touring E36,5 E28,6 E24,3 E21,3 Touring E30,Z3 Coupe E36; 33329061945<\/p>\n","protected":false},"excerpt":{"rendered":"<p>Powerflex Tukivarren Hela PFR5-306  BMW,3 Compact E36,3 E36,3 E30,3 Coupe E36,Z3 E36,5 E34,3 Cabriolet E30,3 Cabriolet E36,3 Touring E36,5 E28,6 E24<\/p>\n","protected":false},"featured_media":0,"template":"","meta":{"site-sidebar-layout":"default","site-content-layout":"default","ast-global-header-display":"","ast-main-header-display":"","ast-hfb-above-header-display":"","ast-hfb-below-header-display":"","ast-hfb-mobile-header-display":"","site-post-title":"","ast-breadcrumbs-content":"","ast-featured-img":"","footer-sml-layout":"","theme-transparent-header-meta":"","adv-header-id-meta":"","stick-header-meta":"","header-above-stick-meta":"","header-main-stick-meta":"","header-below-stick-meta":""},"pwb-brand":[268],"product_cat":[115],"product_tag":[],"class_list":{"0":"post-94432","1":"product","2":"type-product","3":"status-publish","5":"pwb-brand-powerflex","6":"product_cat-tukivarren-hela","7":"desktop-align-left","8":"tablet-align-left","9":"mobile-align-left","11":"first","12":"instock","13":"product-type-external"},"brands":[{"id":268,"name":"Powerflex","slug":"powerflex"}],"_links":{"self":[{"href":"https:\/\/www.autonvaraosahaku.fi\/index.php?rest_route=\/wp\/v2\/product\/94432","targetHints":{"allow":["GET"]}}],"collection":[{"href":"https:\/\/www.autonvaraosahaku.fi\/index.php?rest_route=\/wp\/v2\/product"}],"about":[{"href":"https:\/\/www.autonvaraosahaku.fi\/index.php?rest_route=\/wp\/v2\/types\/product"}],"wp:attachment":[{"href":"https:\/\/www.autonvaraosahaku.fi\/index.php?rest_route=%2Fwp%2Fv2%2Fmedia&parent=94432"}],"wp:term":[{"taxonomy":"pwb-brand","embeddable":true,"href":"https:\/\/www.autonvaraosahaku.fi\/index.php?rest_route=%2Fwp%2Fv2%2Fpwb-brand&post=94432"},{"taxonomy":"product_cat","embeddable":true,"href":"https:\/\/www.autonvaraosahaku.fi\/index.php?rest_route=%2Fwp%2Fv2%2Fproduct_cat&post=94432"},{"taxonomy":"product_tag","embeddable":true,"href":"https:\/\/www.autonvaraosahaku.fi\/index.php?rest_route=%2Fwp%2Fv2%2Fproduct_tag&post=94432"}],"curies":[{"name":"wp","href":"https:\/\/api.w.org\/{rel}","templated":true}]}}