{"id":94437,"date":"2021-02-21T21:52:21","date_gmt":"2021-02-21T21:52:21","guid":{"rendered":"https:\/\/www.autonvaraosahaku.fi\/?product=mahle-original-002-49-n0-mannanrenkaat"},"modified":"2021-02-21T21:52:24","modified_gmt":"2021-02-21T21:52:24","slug":"mahle-original-002-49-n0-mannanrenkaat","status":"publish","type":"product","link":"https:\/\/www.autonvaraosahaku.fi\/?product=mahle-original-002-49-n0-mannanrenkaat","title":{"rendered":"MAHLE ORIGINAL 002 49 N0 M\u00e4nn\u00e4nrenkaat"},"content":{"rendered":"<p>Sylinterin halkaisija [mm]: 90,9; Komponenttinumero: 1. R 3,0 IF Mo, 2. M 2,0 IF P, 3. DSF 4,0 Cr; Moottorinumero: OM 616.936; MERCEDES-BENZ: Stufenheck W123,G-CLASS W460,KOMBI Kombi S123,T1 Bus 601,100 Bus 631,T1 Pritsche\/Fahrgestell 602,T2\/L Kasten\/Kombi,T1 Kasten 602,100 Kasten 631,T1 Pritsche\/Fahrgestell 601,T1 Kasten 601,100 Pritsche\/Fahrgestell 631,T2\/L Pritsche\/Fahrgestell,T1\/TN Pritsche\/Fahrgestell,T1\/TN Kasten\/Kombi,O 309,UNIMOG; PUCH: G-MODELL W 460; 0010303924, 0030302424, 0045864803, 6160300024, A0010303924, A0030302424, A0045864803, A6160300024; M\u00e4nn\u00e4nrengassarja<\/p>\n","protected":false},"excerpt":{"rendered":"<p>MAHLE ORIGINAL M\u00e4nn\u00e4nrenkaat 002 49 N0 M\u00e4nn\u00e4nrengassarja MERCEDES-BENZ,PUCH,Stufenheck W123,G-CLASS W460,KOMBI Kombi S123,T1 Bus 601,100 Bus 631<\/p>\n","protected":false},"featured_media":0,"template":"","meta":{"site-sidebar-layout":"default","site-content-layout":"default","ast-global-header-display":"","ast-main-header-display":"","ast-hfb-above-header-display":"","ast-hfb-below-header-display":"","ast-hfb-mobile-header-display":"","site-post-title":"","ast-breadcrumbs-content":"","ast-featured-img":"","footer-sml-layout":"","theme-transparent-header-meta":"","adv-header-id-meta":"","stick-header-meta":"","header-above-stick-meta":"","header-main-stick-meta":"","header-below-stick-meta":""},"pwb-brand":[153],"product_cat":[154],"product_tag":[],"class_list":{"0":"post-94437","1":"product","2":"type-product","3":"status-publish","5":"pwb-brand-mahle-original","6":"product_cat-mannanrenkaat","7":"desktop-align-left","8":"tablet-align-left","9":"mobile-align-left","11":"first","12":"instock","13":"product-type-external"},"brands":[{"id":153,"name":"MAHLE ORIGINAL","slug":"mahle-original"}],"_links":{"self":[{"href":"https:\/\/www.autonvaraosahaku.fi\/index.php?rest_route=\/wp\/v2\/product\/94437","targetHints":{"allow":["GET"]}}],"collection":[{"href":"https:\/\/www.autonvaraosahaku.fi\/index.php?rest_route=\/wp\/v2\/product"}],"about":[{"href":"https:\/\/www.autonvaraosahaku.fi\/index.php?rest_route=\/wp\/v2\/types\/product"}],"wp:attachment":[{"href":"https:\/\/www.autonvaraosahaku.fi\/index.php?rest_route=%2Fwp%2Fv2%2Fmedia&parent=94437"}],"wp:term":[{"taxonomy":"pwb-brand","embeddable":true,"href":"https:\/\/www.autonvaraosahaku.fi\/index.php?rest_route=%2Fwp%2Fv2%2Fpwb-brand&post=94437"},{"taxonomy":"product_cat","embeddable":true,"href":"https:\/\/www.autonvaraosahaku.fi\/index.php?rest_route=%2Fwp%2Fv2%2Fproduct_cat&post=94437"},{"taxonomy":"product_tag","embeddable":true,"href":"https:\/\/www.autonvaraosahaku.fi\/index.php?rest_route=%2Fwp%2Fv2%2Fproduct_tag&post=94437"}],"curies":[{"name":"wp","href":"https:\/\/api.w.org\/{rel}","templated":true}]}}