{"id":94498,"date":"2021-02-21T21:52:46","date_gmt":"2021-02-21T21:52:46","guid":{"rendered":"https:\/\/www.autonvaraosahaku.fi\/?product=zimmermann-610-3701-20-jarrulevyt"},"modified":"2021-02-21T21:52:49","modified_gmt":"2021-02-21T21:52:49","slug":"zimmermann-610-3701-20-jarrulevyt","status":"publish","type":"product","link":"https:\/\/www.autonvaraosahaku.fi\/?product=zimmermann-610-3701-20-jarrulevyt","title":{"rendered":"ZIMMERMANN 610.3701.20 Jarrulevyt"},"content":{"rendered":"<p>Jarrulevytyyppi: Tuuletettu, ulko; Pinta: pinnoitettu; Ulkol\u00e4pimitta [mm]: 286; Jarrulevyn paksuus (mm): 26; Korkeus (mm): 50; Vanne, aukkoja: 5; Reik\u00e4ympyr\u00e4-\u00d8 [mm]: 108; keskitt\u00e4misl\u00e4pimitta [mm]: 68; V\u00e4himm\u00e4ispaksuus (mm): 23; Paino [kg]: 6,90; Reik\u00e4kuvio\/-m\u00e4\u00e4r\u00e4: 10\/5; Tuotelinja: COAT Z; Asennuspuoli: Vorderachse; VOLVO: V70 II SW,S60 I,S80 I TS, XY,XC70 CROSS COUNTRY; 272403, 2724037, 31262706, 31400739, 31471830; Jarrulevy<\/p>\n","protected":false},"excerpt":{"rendered":"<p>ZIMMERMANN Jarrulevyt 610.3701.20 Jarrulevy VOLVO,V70 II SW,S60 I,S80 I TS, XY,XC70 CROSS COUNTRY<\/p>\n","protected":false},"featured_media":0,"template":"","meta":{"site-sidebar-layout":"default","site-content-layout":"default","ast-global-header-display":"","ast-main-header-display":"","ast-hfb-above-header-display":"","ast-hfb-below-header-display":"","ast-hfb-mobile-header-display":"","site-post-title":"","ast-breadcrumbs-content":"","ast-featured-img":"","footer-sml-layout":"","theme-transparent-header-meta":"","adv-header-id-meta":"","stick-header-meta":"","header-above-stick-meta":"","header-main-stick-meta":"","header-below-stick-meta":""},"pwb-brand":[145],"product_cat":[66],"product_tag":[],"class_list":{"0":"post-94498","1":"product","2":"type-product","3":"status-publish","5":"pwb-brand-zimmermann","6":"product_cat-jarrulevyt","7":"desktop-align-left","8":"tablet-align-left","9":"mobile-align-left","11":"first","12":"instock","13":"product-type-external"},"brands":[{"id":145,"name":"ZIMMERMANN","slug":"zimmermann"}],"_links":{"self":[{"href":"https:\/\/www.autonvaraosahaku.fi\/index.php?rest_route=\/wp\/v2\/product\/94498","targetHints":{"allow":["GET"]}}],"collection":[{"href":"https:\/\/www.autonvaraosahaku.fi\/index.php?rest_route=\/wp\/v2\/product"}],"about":[{"href":"https:\/\/www.autonvaraosahaku.fi\/index.php?rest_route=\/wp\/v2\/types\/product"}],"wp:attachment":[{"href":"https:\/\/www.autonvaraosahaku.fi\/index.php?rest_route=%2Fwp%2Fv2%2Fmedia&parent=94498"}],"wp:term":[{"taxonomy":"pwb-brand","embeddable":true,"href":"https:\/\/www.autonvaraosahaku.fi\/index.php?rest_route=%2Fwp%2Fv2%2Fpwb-brand&post=94498"},{"taxonomy":"product_cat","embeddable":true,"href":"https:\/\/www.autonvaraosahaku.fi\/index.php?rest_route=%2Fwp%2Fv2%2Fproduct_cat&post=94498"},{"taxonomy":"product_tag","embeddable":true,"href":"https:\/\/www.autonvaraosahaku.fi\/index.php?rest_route=%2Fwp%2Fv2%2Fproduct_tag&post=94498"}],"curies":[{"name":"wp","href":"https:\/\/api.w.org\/{rel}","templated":true}]}}