{"id":94519,"date":"2021-02-21T21:52:54","date_gmt":"2021-02-21T21:52:54","guid":{"rendered":"https:\/\/www.autonvaraosahaku.fi\/?product=ridex-123b0032-jarrurumpu"},"modified":"2021-02-21T21:52:58","modified_gmt":"2021-02-21T21:52:58","slug":"ridex-123b0032-jarrurumpu","status":"publish","type":"product","link":"https:\/\/www.autonvaraosahaku.fi\/?product=ridex-123b0032-jarrurumpu","title":{"rendered":"RIDEX 123B0032 Jarrurumpu"},"content":{"rendered":"<p>J-rumpu sis\u00e4leveys [mm]: 50,1; Jarrurummun ulkol\u00e4pim. [mm]: 240; J-rumpu ulkoleveys [mm]: 59,2; Reik\u00e4kuvio\/-m\u00e4\u00e4r\u00e4: 04\/05; Reik\u00e4ympyr\u00e4-\u00d8 [mm]: 100; Suurin mahdollinen rummun sis\u00e4mitta (mm): 201,5; keskitt\u00e4misl\u00e4pimitta [mm]: 65; Paino [kg]: 3,7; Korvaava tuote\/korvaava tiedote 2: ilman py\u00f6r\u00e4nlaakeria, Ilman py\u00f6r\u00e4nnapaa, Ilman py\u00f6r\u00e4nkiinnityspultteja; Jarrurummun sis\u00e4-\u00d8 [mm]: 200; Asennuspuoli: Taka-akseli, Hinterachse; Reik\u00e4-\u00d8 [mm]: 14; VW: LUPO 6X1, 6E1,POLO 6N2,POLO 6N1,UP,POLO Variant 6KV5,POLO CLASSIC 6KV2,POLO Kasten 6NF,GOL V,GOL,POLO Kasten 86CF,POLO PLAYA,LOAD UP; SKODA: CITIGO; SEAT: AROSA 6H,IBIZA II 6K1,Mii KF1_,CORDOBA 6K1, 6K2,CORDOBA Vario 6K1; CHERY: COWIN; 1S0609617, 6X0609617A, 1S0609617, 6X0609617A, 1S0609617, 6X0609617A, 1S0609617, 6X0609617A<\/p>\n","protected":false},"excerpt":{"rendered":"<p>RIDEX Jarrurumpu 123B0032  VW,SKODA,SEAT,LUPO 6X1, 6E1,POLO 6N2,POLO 6N1,UP,POLO Variant 6KV5,POLO CLASSIC 6KV2,POLO Kasten 6NF,GOL V,GOL<\/p>\n","protected":false},"featured_media":0,"template":"","meta":{"site-sidebar-layout":"default","site-content-layout":"default","ast-global-header-display":"","ast-main-header-display":"","ast-hfb-above-header-display":"","ast-hfb-below-header-display":"","ast-hfb-mobile-header-display":"","site-post-title":"","ast-breadcrumbs-content":"","ast-featured-img":"","footer-sml-layout":"","theme-transparent-header-meta":"","adv-header-id-meta":"","stick-header-meta":"","header-above-stick-meta":"","header-main-stick-meta":"","header-below-stick-meta":""},"pwb-brand":[157],"product_cat":[304],"product_tag":[],"class_list":{"0":"post-94519","1":"product","2":"type-product","3":"status-publish","5":"pwb-brand-ridex","6":"product_cat-jarrurumpu","7":"desktop-align-left","8":"tablet-align-left","9":"mobile-align-left","11":"first","12":"instock","13":"product-type-external"},"brands":[{"id":157,"name":"RIDEX","slug":"ridex"}],"_links":{"self":[{"href":"https:\/\/www.autonvaraosahaku.fi\/index.php?rest_route=\/wp\/v2\/product\/94519","targetHints":{"allow":["GET"]}}],"collection":[{"href":"https:\/\/www.autonvaraosahaku.fi\/index.php?rest_route=\/wp\/v2\/product"}],"about":[{"href":"https:\/\/www.autonvaraosahaku.fi\/index.php?rest_route=\/wp\/v2\/types\/product"}],"wp:attachment":[{"href":"https:\/\/www.autonvaraosahaku.fi\/index.php?rest_route=%2Fwp%2Fv2%2Fmedia&parent=94519"}],"wp:term":[{"taxonomy":"pwb-brand","embeddable":true,"href":"https:\/\/www.autonvaraosahaku.fi\/index.php?rest_route=%2Fwp%2Fv2%2Fpwb-brand&post=94519"},{"taxonomy":"product_cat","embeddable":true,"href":"https:\/\/www.autonvaraosahaku.fi\/index.php?rest_route=%2Fwp%2Fv2%2Fproduct_cat&post=94519"},{"taxonomy":"product_tag","embeddable":true,"href":"https:\/\/www.autonvaraosahaku.fi\/index.php?rest_route=%2Fwp%2Fv2%2Fproduct_tag&post=94519"}],"curies":[{"name":"wp","href":"https:\/\/api.w.org\/{rel}","templated":true}]}}