{"id":94520,"date":"2021-02-21T21:52:54","date_gmt":"2021-02-21T21:52:54","guid":{"rendered":"https:\/\/www.autonvaraosahaku.fi\/?product=ridex-2462s0020-alapallonivel"},"modified":"2021-02-21T21:52:58","modified_gmt":"2021-02-21T21:52:58","slug":"ridex-2462s0020-alapallonivel","status":"publish","type":"product","link":"https:\/\/www.autonvaraosahaku.fi\/?product=ridex-2462s0020-alapallonivel","title":{"rendered":"RIDEX 2462S0020 Alapallonivel"},"content":{"rendered":"<p>Sis\u00e4l\u00e4pimitta [mm]: 10,0; Ulkokierre [mm]: M16 x 1,5; Kartiomitta (mm): 18; Lis\u00e4tarvike\/lis\u00e4tieto: Asennusmateriaalilla; Asennuspuoli: etuakseli molemminpuoleinen; Paino [kg]: 0,5; Tarvittava kappalem\u00e4\u00e4r\u00e4: 2; Alustanumeroon: 7V621197; NISSAN: PRIMASTAR Bus X83,PRIMASTAR Kasten X83,PRIMASTAR Pritsche\/Fahrgestell; OPEL: VIVARO Kasten F7,VIVARO Combi J7,VIVARO Pritsche\/Fahrgestell E7; RENAULT: ESPACE IV JK0\/1_,LAGUNA II Grandtour KG0\/1_,LAGUNA II BG0\/1_,TRAFIC II Bus JL,TRAFIC II Kasten FL,LAGUNA I Grandtour K56_,VEL SATIS BJ0_,TRAFIC II Pritsche\/Fahrgestell EL; VAUXHALL: VIVARO Kasten F7,VIVARO Combi J7,VIVARO Pritsche\/Fahrgestell E7; 4016000Q0C, 5450200QAA, 5450300QAA, 04419075, 4408958, 4408958SK, 4408959, 4408959SK, 4419075, 95516404, 401606676R, 6040002105, 7701476576, 7701478029, 8200247898, 8200247898S, 8200389134, 8200389134S, 91166461, 91166461SK, 91166462, 91166462SK, 93196923, 95516404; Pallonivel<\/p>\n","protected":false},"excerpt":{"rendered":"<p>RIDEX Alapallonivel 2462S0020 Pallonivel NISSAN,OPEL,RENAULT,PRIMASTAR Bus X83,PRIMASTAR Kasten X83,PRIMASTAR Pritsche\/Fahrgestell,VIVARO Kasten F7<\/p>\n","protected":false},"featured_media":0,"template":"","meta":{"site-sidebar-layout":"default","site-content-layout":"default","ast-global-header-display":"","ast-main-header-display":"","ast-hfb-above-header-display":"","ast-hfb-below-header-display":"","ast-hfb-mobile-header-display":"","site-post-title":"","ast-breadcrumbs-content":"","ast-featured-img":"","footer-sml-layout":"","theme-transparent-header-meta":"","adv-header-id-meta":"","stick-header-meta":"","header-above-stick-meta":"","header-main-stick-meta":"","header-below-stick-meta":""},"pwb-brand":[157],"product_cat":[93],"product_tag":[],"class_list":{"0":"post-94520","1":"product","2":"type-product","3":"status-publish","5":"pwb-brand-ridex","6":"product_cat-alapallonivel","7":"desktop-align-left","8":"tablet-align-left","9":"mobile-align-left","11":"first","12":"instock","13":"product-type-external"},"brands":[{"id":157,"name":"RIDEX","slug":"ridex"}],"_links":{"self":[{"href":"https:\/\/www.autonvaraosahaku.fi\/index.php?rest_route=\/wp\/v2\/product\/94520","targetHints":{"allow":["GET"]}}],"collection":[{"href":"https:\/\/www.autonvaraosahaku.fi\/index.php?rest_route=\/wp\/v2\/product"}],"about":[{"href":"https:\/\/www.autonvaraosahaku.fi\/index.php?rest_route=\/wp\/v2\/types\/product"}],"wp:attachment":[{"href":"https:\/\/www.autonvaraosahaku.fi\/index.php?rest_route=%2Fwp%2Fv2%2Fmedia&parent=94520"}],"wp:term":[{"taxonomy":"pwb-brand","embeddable":true,"href":"https:\/\/www.autonvaraosahaku.fi\/index.php?rest_route=%2Fwp%2Fv2%2Fpwb-brand&post=94520"},{"taxonomy":"product_cat","embeddable":true,"href":"https:\/\/www.autonvaraosahaku.fi\/index.php?rest_route=%2Fwp%2Fv2%2Fproduct_cat&post=94520"},{"taxonomy":"product_tag","embeddable":true,"href":"https:\/\/www.autonvaraosahaku.fi\/index.php?rest_route=%2Fwp%2Fv2%2Fproduct_tag&post=94520"}],"curies":[{"name":"wp","href":"https:\/\/api.w.org\/{rel}","templated":true}]}}