{"id":94528,"date":"2021-02-21T21:52:54","date_gmt":"2021-02-21T21:52:54","guid":{"rendered":"https:\/\/www.autonvaraosahaku.fi\/?product=jp-group-1290400200-oven-lukko"},"modified":"2021-02-21T21:53:01","modified_gmt":"2021-02-21T21:53:01","slug":"jp-group-1290400200-oven-lukko","status":"publish","type":"product","link":"https:\/\/www.autonvaraosahaku.fi\/?product=jp-group-1290400200-oven-lukko","title":{"rendered":"JP GROUP 1290400200 Oven lukko"},"content":{"rendered":"<p>Paino [kg]: 0,160; Tarvittava kappalem\u00e4\u00e4r\u00e4: 1; OPEL: CORSA C F08, F68,MERIVA,ZAFIRA A F75_,ASTRA G CC F48_, F08_,ASTRA G Caravan F35_,CORSA B 73_, 78_, 79_,ASTRA F CC 53_, 54_, 58_, 59_,ASTRA G Cabriolet F67,ASTRA F Caravan 51_, 52_,ASTRA G Coupe F07_,COMBO Kasten\/Kombi,ASTRA G Stufenheck F69_,COMBO Tour,ASTRA F Cabriolet 53_B,ASTRA F 56_, 57_,CORSA D Van,TIGRA 95_,CORSA C Kasten F08, W5L,COMBO 71_,ASTRA F CLASSIC CC,ASTRA F CLASSIC Stufenheck,ASTRA F CLASSIC Caravan,CORSA B Kasten 73_,ASTRA G Kasten F70,CORSA B Kombi F35,ASTRA F Van 55_; VAUXHALL: ZAFIRA Mk I A F75,CORSA Mk II C W5L, F08,ASTRA Mk IV G CC,ASTRA Mk III F CC,CORSA Mk I B,CORSAVAN Mk II C,ASTRA Mk IV G Sedan,MERIVA Mk I A,ASTRA Mk III F Estate,ASTRAVAN Mk V H,ASTRAVAN Mk IV G,ASTRA Mk IV G Coupe F67,COMBO Mk I B,TIGRA Mk I F07,COMBO TOUR Mk II C F25,ASTRA Mk IV G Convertible,ASTRAVAN Mk III F,COMBO Mk II C Kasten\/Kombi F25,ASTRA Mk IV G Estate; 0913652, 0913654, 0913692, 0913694, 0913965, 913652, 913654, 913692, 913694, 913965, 90512001, 93172798, 93172799, 93172805<\/p>\n","protected":false},"excerpt":{"rendered":"<p>JP GROUP Sulkusylinteri, Sytytyksen Lukko JP Group 1290400200  OPEL,VAUXHALL,CORSA C F08, F68,MERIVA,ZAFIRA A F75_,ASTRA G CC F48_, F08_<\/p>\n","protected":false},"featured_media":0,"template":"","meta":{"site-sidebar-layout":"default","site-content-layout":"default","ast-global-header-display":"","ast-main-header-display":"","ast-hfb-above-header-display":"","ast-hfb-below-header-display":"","ast-hfb-mobile-header-display":"","site-post-title":"","ast-breadcrumbs-content":"","ast-featured-img":"","footer-sml-layout":"","theme-transparent-header-meta":"","adv-header-id-meta":"","stick-header-meta":"","header-above-stick-meta":"","header-main-stick-meta":"","header-below-stick-meta":""},"pwb-brand":[131],"product_cat":[46],"product_tag":[],"class_list":{"0":"post-94528","1":"product","2":"type-product","3":"status-publish","5":"pwb-brand-jp-group","6":"product_cat-oven-lukko","7":"desktop-align-left","8":"tablet-align-left","9":"mobile-align-left","11":"first","12":"instock","13":"product-type-external"},"brands":[{"id":131,"name":"JP GROUP","slug":"jp-group"}],"_links":{"self":[{"href":"https:\/\/www.autonvaraosahaku.fi\/index.php?rest_route=\/wp\/v2\/product\/94528","targetHints":{"allow":["GET"]}}],"collection":[{"href":"https:\/\/www.autonvaraosahaku.fi\/index.php?rest_route=\/wp\/v2\/product"}],"about":[{"href":"https:\/\/www.autonvaraosahaku.fi\/index.php?rest_route=\/wp\/v2\/types\/product"}],"wp:attachment":[{"href":"https:\/\/www.autonvaraosahaku.fi\/index.php?rest_route=%2Fwp%2Fv2%2Fmedia&parent=94528"}],"wp:term":[{"taxonomy":"pwb-brand","embeddable":true,"href":"https:\/\/www.autonvaraosahaku.fi\/index.php?rest_route=%2Fwp%2Fv2%2Fpwb-brand&post=94528"},{"taxonomy":"product_cat","embeddable":true,"href":"https:\/\/www.autonvaraosahaku.fi\/index.php?rest_route=%2Fwp%2Fv2%2Fproduct_cat&post=94528"},{"taxonomy":"product_tag","embeddable":true,"href":"https:\/\/www.autonvaraosahaku.fi\/index.php?rest_route=%2Fwp%2Fv2%2Fproduct_tag&post=94528"}],"curies":[{"name":"wp","href":"https:\/\/api.w.org\/{rel}","templated":true}]}}