{"id":94538,"date":"2021-02-21T21:53:02","date_gmt":"2021-02-21T21:53:02","guid":{"rendered":"https:\/\/www.autonvaraosahaku.fi\/?product=meyle-314-800-9004-paisuntasailion-korkki"},"modified":"2021-02-21T21:53:06","modified_gmt":"2021-02-21T21:53:06","slug":"meyle-314-800-9004-paisuntasailion-korkki","status":"publish","type":"product","link":"https:\/\/www.autonvaraosahaku.fi\/?product=meyle-314-800-9004-paisuntasailion-korkki","title":{"rendered":"MEYLE 314 800 9004 Paisuntas\u00e4ili\u00f6n korkki"},"content":{"rendered":"<p>Paine (bar): 2; V\u00e4ri: Musta; L\u00e4pimitta [mm]: 56; lis\u00e4tieto: ORIGINAL Quality; BMW: 3 E46,5 E39,3 Touring E46,X3 E83,5 Touring E39,3 Compact E46,3 Coupe E46,3 Compact E36,3 E36,X5 E53,3 E30,3 Cabriolet E46,7 E38,Z3 E36,Z4 E85,5 E34,3 Cabriolet E36,3 Touring E36,7 E32,8 E31,5 Touring E34,Z8 E52; 17111712669, 17111742231; Korkki, Paisuntas\u00e4ili\u00f6<\/p>\n","protected":false},"excerpt":{"rendered":"<p>MEYLE Paisuntas\u00e4ili\u00f6n Korkki 314 800 9004 Korkki, Paisuntas\u00e4ili\u00f6 BMW,3 E46,5 E39,3 Touring E46,X3 E83,5 Touring E39,3 Compact E46,3 Coupe E46<\/p>\n","protected":false},"featured_media":0,"template":"","meta":{"site-sidebar-layout":"default","site-content-layout":"default","ast-global-header-display":"","ast-main-header-display":"","ast-hfb-above-header-display":"","ast-hfb-below-header-display":"","ast-hfb-mobile-header-display":"","site-post-title":"","ast-breadcrumbs-content":"","ast-featured-img":"","footer-sml-layout":"","theme-transparent-header-meta":"","adv-header-id-meta":"","stick-header-meta":"","header-above-stick-meta":"","header-main-stick-meta":"","header-below-stick-meta":""},"pwb-brand":[84],"product_cat":[99],"product_tag":[],"class_list":{"0":"post-94538","1":"product","2":"type-product","3":"status-publish","5":"pwb-brand-meyle","6":"product_cat-paisuntasailion-korkki","7":"desktop-align-left","8":"tablet-align-left","9":"mobile-align-left","11":"first","12":"instock","13":"product-type-external"},"brands":[{"id":84,"name":"MEYLE","slug":"meyle"}],"_links":{"self":[{"href":"https:\/\/www.autonvaraosahaku.fi\/index.php?rest_route=\/wp\/v2\/product\/94538","targetHints":{"allow":["GET"]}}],"collection":[{"href":"https:\/\/www.autonvaraosahaku.fi\/index.php?rest_route=\/wp\/v2\/product"}],"about":[{"href":"https:\/\/www.autonvaraosahaku.fi\/index.php?rest_route=\/wp\/v2\/types\/product"}],"wp:attachment":[{"href":"https:\/\/www.autonvaraosahaku.fi\/index.php?rest_route=%2Fwp%2Fv2%2Fmedia&parent=94538"}],"wp:term":[{"taxonomy":"pwb-brand","embeddable":true,"href":"https:\/\/www.autonvaraosahaku.fi\/index.php?rest_route=%2Fwp%2Fv2%2Fpwb-brand&post=94538"},{"taxonomy":"product_cat","embeddable":true,"href":"https:\/\/www.autonvaraosahaku.fi\/index.php?rest_route=%2Fwp%2Fv2%2Fproduct_cat&post=94538"},{"taxonomy":"product_tag","embeddable":true,"href":"https:\/\/www.autonvaraosahaku.fi\/index.php?rest_route=%2Fwp%2Fv2%2Fproduct_tag&post=94538"}],"curies":[{"name":"wp","href":"https:\/\/api.w.org\/{rel}","templated":true}]}}