{"id":9454,"date":"2021-02-21T14:05:55","date_gmt":"2021-02-21T14:05:55","guid":{"rendered":"https:\/\/www.autonvaraosahaku.fi\/?product=master-sport-2401090171b-pcs-ms-jarrulevyt"},"modified":"2021-02-21T14:05:56","modified_gmt":"2021-02-21T14:05:56","slug":"master-sport-2401090171b-pcs-ms-jarrulevyt","status":"publish","type":"product","link":"https:\/\/www.autonvaraosahaku.fi\/?product=master-sport-2401090171b-pcs-ms-jarrulevyt","title":{"rendered":"MASTER-SPORT 2401090171B-PCS-MS Jarrulevyt"},"content":{"rendered":"<p>L\u00e4pimitta [mm]: 249,0; Jarrulevytyyppi: Vakiomalli; Jarrulevyn paksuus (mm): 9,0; L\u00e4pimitta sis\u00e4\u00e4notto [mm]: 30; Korkeus (mm): 73,2; V\u00e4himm\u00e4ispaksuus (mm): 8,0; Sis\u00e4l\u00e4pimitta [mm]: 62,0; Reikien m\u00e4\u00e4r\u00e4: 4; keskitt\u00e4misl\u00e4pimitta [mm]: 56,0; Reik\u00e4ympyr\u00e4-\u00d8 [mm]: 108,0; Kierremitta: M12x1,25; Korvaava tuote\/korvaava tiedote 2: laakerilla, ABS-sensorirenkaalla; Nettopaino [kg]: 4,87; Bruttopaino [kg]: 4,92; Asennuspuoli: Hinterachse; CITRO\u00cbN: C4 II B7,DS4; PEUGEOT: 308 SW,308 4A_, 4C_,308 CC; DS: DS 4 \/ DS 4 CROSSBACK; 424965, 424966, 424965, 424966; Jarrulevy<\/p>\n","protected":false},"excerpt":{"rendered":"<p>MASTER-SPORT Jarrulevyt 2401090171B-PCS-MS Jarrulevy CITRO\u00cbN,PEUGEOT,DS,C4 II B7,DS4,308 SW,308 4A_, 4C_,308 CC,DS 4 \/ DS 4 CROSSBACK<\/p>\n","protected":false},"featured_media":0,"template":"","meta":{"site-sidebar-layout":"default","site-content-layout":"default","ast-global-header-display":"","ast-main-header-display":"","ast-hfb-above-header-display":"","ast-hfb-below-header-display":"","ast-hfb-mobile-header-display":"","site-post-title":"","ast-breadcrumbs-content":"","ast-featured-img":"","footer-sml-layout":"","theme-transparent-header-meta":"","adv-header-id-meta":"","stick-header-meta":"","header-above-stick-meta":"","header-main-stick-meta":"","header-below-stick-meta":""},"pwb-brand":[61],"product_cat":[66],"product_tag":[],"class_list":{"0":"post-9454","1":"product","2":"type-product","3":"status-publish","5":"pwb-brand-master-sport","6":"product_cat-jarrulevyt","7":"desktop-align-left","8":"tablet-align-left","9":"mobile-align-left","11":"first","12":"instock","13":"product-type-external"},"brands":[{"id":61,"name":"MASTER-SPORT","slug":"master-sport"}],"_links":{"self":[{"href":"https:\/\/www.autonvaraosahaku.fi\/index.php?rest_route=\/wp\/v2\/product\/9454","targetHints":{"allow":["GET"]}}],"collection":[{"href":"https:\/\/www.autonvaraosahaku.fi\/index.php?rest_route=\/wp\/v2\/product"}],"about":[{"href":"https:\/\/www.autonvaraosahaku.fi\/index.php?rest_route=\/wp\/v2\/types\/product"}],"wp:attachment":[{"href":"https:\/\/www.autonvaraosahaku.fi\/index.php?rest_route=%2Fwp%2Fv2%2Fmedia&parent=9454"}],"wp:term":[{"taxonomy":"pwb-brand","embeddable":true,"href":"https:\/\/www.autonvaraosahaku.fi\/index.php?rest_route=%2Fwp%2Fv2%2Fpwb-brand&post=9454"},{"taxonomy":"product_cat","embeddable":true,"href":"https:\/\/www.autonvaraosahaku.fi\/index.php?rest_route=%2Fwp%2Fv2%2Fproduct_cat&post=9454"},{"taxonomy":"product_tag","embeddable":true,"href":"https:\/\/www.autonvaraosahaku.fi\/index.php?rest_route=%2Fwp%2Fv2%2Fproduct_tag&post=9454"}],"curies":[{"name":"wp","href":"https:\/\/api.w.org\/{rel}","templated":true}]}}