{"id":9455,"date":"2021-02-21T14:05:55","date_gmt":"2021-02-21T14:05:55","guid":{"rendered":"https:\/\/www.autonvaraosahaku.fi\/?product=original-imperium-31261-kallistuksenvakaajan-puslat"},"modified":"2021-02-21T14:05:57","modified_gmt":"2021-02-21T14:05:57","slug":"original-imperium-31261-kallistuksenvakaajan-puslat","status":"publish","type":"product","link":"https:\/\/www.autonvaraosahaku.fi\/?product=original-imperium-31261-kallistuksenvakaajan-puslat","title":{"rendered":"ORIGINAL IMPERIUM 31261 Kallistuksenvakaajan puslat"},"content":{"rendered":"<p>Asennuspuoli: Vasen, Etuakseli, Oikea, Hinterachse; OE-numerolle: 94AB5484AB; Tarvittava kappalem\u00e4\u00e4r\u00e4: 2; Paino [g]: 27; Materiaali: Kumi kudosvahvikkeella; Sis\u00e4l\u00e4pimitta [mm]: 16; FORD: FIESTA IV JA_, JB_,FIESTA III GFJ,PUMA EC_,ESCORT VII GAL, AAL, ABL,ESCORT IV Cabriolet ALF,ESCORT VII Kombi GAL, ANL,ESCORT VII Cabriolet ALL,ESCORT VI Cabriolet ALL,ESCORT VI GAL,ESCORT IV GAF, AWF, ABFT,ESCORT V Cabriolet ALL,ESCORT &#8217;95 Express AVL,ESCORT II ATH,ESCORT III GAA,FIESTA Kasten J5_, J3_,ESCORT I AFH, ATH,ESCORT V GAL,ESCORT VII Stufenheck GAL, AFL,FIESTA Kasten JV_,ESCORT III Cabriolet ALD,ESCORT VI Kombi GAL,ESCORT CLASSIC AAL, ABL,ESCORT CLASSIC Turnier ANL,ESCORT VI Stufenheck GAL,FIESTA Kasten F3L, F5L,ORION II AFF,ESCORT IV Kombi AWF, AVF,ESCORT V Kombi GAL, AVL,ESCORT &#8217;91 Express AVL,ORION III GAL,ESCORT II Kombi,ESCORT III Kombi AWA,ORION I AFD,ESCORT I Kombi ADH,ESCORT &#8217;81 Express AVA; RENAULT: TWINGO I C06_,TWINGO I Kasten S06_; MAZDA: 121 III JASM, JBSM; 1145272, 1E0034156, 6185809, 6543416, 7102392, 89FB5474BA, 94AB5484AA, 94AB5484AB, 1E0034156, 1E0034156A, 8200024373; Kallistuksenvakaajan Kumit,Vakaajan Hela<\/p>\n","protected":false},"excerpt":{"rendered":"<p>ORIGINAL IMPERIUM Kallistuksenvakaajan Puslat 31261 Kallistuksenvakaajan Kumit,Vakaajan Hela FORD,RENAULT,MAZDA,FIESTA IV JA_, JB_,FIESTA III GFJ<\/p>\n","protected":false},"featured_media":0,"template":"","meta":{"site-sidebar-layout":"default","site-content-layout":"default","ast-global-header-display":"","ast-main-header-display":"","ast-hfb-above-header-display":"","ast-hfb-below-header-display":"","ast-hfb-mobile-header-display":"","site-post-title":"","ast-breadcrumbs-content":"","ast-featured-img":"","footer-sml-layout":"","theme-transparent-header-meta":"","adv-header-id-meta":"","stick-header-meta":"","header-above-stick-meta":"","header-main-stick-meta":"","header-below-stick-meta":""},"pwb-brand":[72],"product_cat":[82],"product_tag":[],"class_list":{"0":"post-9455","1":"product","2":"type-product","3":"status-publish","5":"pwb-brand-original-imperium","6":"product_cat-kallistuksenvakaajan-puslat","7":"desktop-align-left","8":"tablet-align-left","9":"mobile-align-left","11":"first","12":"instock","13":"product-type-external"},"brands":[{"id":72,"name":"ORIGINAL IMPERIUM","slug":"original-imperium"}],"_links":{"self":[{"href":"https:\/\/www.autonvaraosahaku.fi\/index.php?rest_route=\/wp\/v2\/product\/9455","targetHints":{"allow":["GET"]}}],"collection":[{"href":"https:\/\/www.autonvaraosahaku.fi\/index.php?rest_route=\/wp\/v2\/product"}],"about":[{"href":"https:\/\/www.autonvaraosahaku.fi\/index.php?rest_route=\/wp\/v2\/types\/product"}],"wp:attachment":[{"href":"https:\/\/www.autonvaraosahaku.fi\/index.php?rest_route=%2Fwp%2Fv2%2Fmedia&parent=9455"}],"wp:term":[{"taxonomy":"pwb-brand","embeddable":true,"href":"https:\/\/www.autonvaraosahaku.fi\/index.php?rest_route=%2Fwp%2Fv2%2Fpwb-brand&post=9455"},{"taxonomy":"product_cat","embeddable":true,"href":"https:\/\/www.autonvaraosahaku.fi\/index.php?rest_route=%2Fwp%2Fv2%2Fproduct_cat&post=9455"},{"taxonomy":"product_tag","embeddable":true,"href":"https:\/\/www.autonvaraosahaku.fi\/index.php?rest_route=%2Fwp%2Fv2%2Fproduct_tag&post=9455"}],"curies":[{"name":"wp","href":"https:\/\/api.w.org\/{rel}","templated":true}]}}