{"id":94560,"date":"2021-02-21T21:53:11","date_gmt":"2021-02-21T21:53:11","guid":{"rendered":"https:\/\/www.autonvaraosahaku.fi\/?product=a-b-s-41493-jarrupaasylinteri"},"modified":"2021-02-21T21:53:16","modified_gmt":"2021-02-21T21:53:16","slug":"a-b-s-41493-jarrupaasylinteri","status":"publish","type":"product","link":"https:\/\/www.autonvaraosahaku.fi\/?product=a-b-s-41493-jarrupaasylinteri","title":{"rendered":"A.B.S. 41493 Jarrup\u00e4\u00e4sylinteri"},"content":{"rendered":"<p>Asennuspuoli: Edess\u00e4; L\u00e4pimitta 1\/l\u00e4pimitta 2 [mm]: 17.46; Jarruj\u00e4rjestelm\u00e4: ATE; Pituus 2 (mm): 125; Liittimi\u00e4: 4; Pituus 1 (mm): 14,5; Kierre 1: 4x M10x1.0; Materiaali: Valurauta; Kiinnitysreikien lukum\u00e4\u00e4r\u00e4: 2; Kytkin: Ilman jarruvalokytkint\u00e4; Rakennemalli: Kaefer\/Kaver; VW: KAEFER,KAEFER Cabriolet 15; 113611021, 113611021F, 113611021G, 113611023B<\/p>\n","protected":false},"excerpt":{"rendered":"<p>A.B.S. Jarrup\u00e4\u00e4sylinteri 41493  VW,KAEFER,KAEFER Cabriolet 15<\/p>\n","protected":false},"featured_media":0,"template":"","meta":{"site-sidebar-layout":"default","site-content-layout":"default","ast-global-header-display":"","ast-main-header-display":"","ast-hfb-above-header-display":"","ast-hfb-below-header-display":"","ast-hfb-mobile-header-display":"","site-post-title":"","ast-breadcrumbs-content":"","ast-featured-img":"","footer-sml-layout":"","theme-transparent-header-meta":"","adv-header-id-meta":"","stick-header-meta":"","header-above-stick-meta":"","header-main-stick-meta":"","header-below-stick-meta":""},"pwb-brand":[326],"product_cat":[276],"product_tag":[],"class_list":{"0":"post-94560","1":"product","2":"type-product","3":"status-publish","5":"pwb-brand-a-b-s","6":"product_cat-jarrupaasylinteri","7":"desktop-align-left","8":"tablet-align-left","9":"mobile-align-left","11":"first","12":"instock","13":"product-type-external"},"brands":[{"id":326,"name":"A.B.S.","slug":"a-b-s"}],"_links":{"self":[{"href":"https:\/\/www.autonvaraosahaku.fi\/index.php?rest_route=\/wp\/v2\/product\/94560","targetHints":{"allow":["GET"]}}],"collection":[{"href":"https:\/\/www.autonvaraosahaku.fi\/index.php?rest_route=\/wp\/v2\/product"}],"about":[{"href":"https:\/\/www.autonvaraosahaku.fi\/index.php?rest_route=\/wp\/v2\/types\/product"}],"wp:attachment":[{"href":"https:\/\/www.autonvaraosahaku.fi\/index.php?rest_route=%2Fwp%2Fv2%2Fmedia&parent=94560"}],"wp:term":[{"taxonomy":"pwb-brand","embeddable":true,"href":"https:\/\/www.autonvaraosahaku.fi\/index.php?rest_route=%2Fwp%2Fv2%2Fpwb-brand&post=94560"},{"taxonomy":"product_cat","embeddable":true,"href":"https:\/\/www.autonvaraosahaku.fi\/index.php?rest_route=%2Fwp%2Fv2%2Fproduct_cat&post=94560"},{"taxonomy":"product_tag","embeddable":true,"href":"https:\/\/www.autonvaraosahaku.fi\/index.php?rest_route=%2Fwp%2Fv2%2Fproduct_tag&post=94560"}],"curies":[{"name":"wp","href":"https:\/\/api.w.org\/{rel}","templated":true}]}}