{"id":94561,"date":"2021-02-21T21:53:11","date_gmt":"2021-02-21T21:53:11","guid":{"rendered":"https:\/\/www.autonvaraosahaku.fi\/?product=valeo-246871-sytytystulpat"},"modified":"2021-02-21T21:53:16","modified_gmt":"2021-02-21T21:53:16","slug":"valeo-246871-sytytystulpat","status":"publish","type":"product","link":"https:\/\/www.autonvaraosahaku.fi\/?product=valeo-246871-sytytystulpat","title":{"rendered":"VALEO 246871 Sytytystulpat"},"content":{"rendered":"<p>Sytytystulppa: 1-maaelektroodi; Kierteen pituus (mm): 19; K\u00e4rkiv\u00e4li (mm): 1; Avainv\u00e4li: 16; Kiristysmomentti > [Nm]: 20; Kiristysmomentti enint\u00e4\u00e4n [Nm]: 30; Paino [kg]: 0,2; Moottorinumero: F6B; MAZDA: MX-5 II NB,323 F VI BJ,MX-5 I NA,DEMIO DW,323 P V BA,626 IV Hatchback GE,MX-3 EC,FAMILIA VI BJ,XEDOS 6 CA,323 C IV BG,FAMILIA IV BF,XEDOS 9 TA,626 IV GE,FAMILIA V BA,FAMILIA V BG8,323 III Hatchback BF,121 II DB,MX-6 GE,626 III GD,FAMILIA IV BG,626 III Hatchback GD,626 III Coupe GD,E-SERIE Kasten SR2,626 III Station Wagon GV,323 III BF,MPV I LV; CHEVROLET: NUBIRA Kombi,KALOS,LACETTI J200,AVEO Stufenheck T250, T255; DAEWOO: KALOS KLAS,LANOS KLAT,LACETTI Schr\u00e4gheck KLAN,KALOS Stufenheck KLAS,NUBIRA Wagon KLAN,NUBIRA Wagon KLAJ,LANOS Stufenheck KLAT,NEXIA KLETN,NUBIRA Stufenheck KLAJ,ESPERO KLEJ,NUBIRA KLAJ,NEXIA Stufenheck KLETN; LADA: KALINA Kombi 1117,KALINA Schr\u00e4gheck 1119,KALINA Stufenheck 1118,PRIORA Schr\u00e4gheck 2172; NISSAN: PRIMERA P11,PRIMERA Traveller WP11,PRIMERA Hatchback P11,ALMERA I Hatchback N15,300 ZX Z31,SUNNY II Coupe B12,BLUEBIRD T72 , T12,BLUEBIRD Hatchback T72, T12,MAXIMA II J30,BLUEBIRD Station Wagon WU11,PRAIRIE PRO M11,BLUEBIRD U11,SUNNY II Traveller B12; KIA: SPORTAGE K00,RETONA CE,SHUMA FB,SEPHIA FB; FORD USA: PROBE II ECP; HONDA: JAZZ II GD,CIVIC VI Hatchback EJ, EK,ACCORD VI CG, CK,CIVIC VI Fastback MA, MB,CRX III EH, EG,CR-V I RD,CRX II ED, EE,CIVIC V Hatchback EG,ACCORD VI Hatchback CH,CIVIC IV Hatchback EC, ED, EE,CIVIC VI Stufenheck EJ, EK,CIVIC VI Coupe EJ, EM1,CIVIC V Coupe EJ,PRELUDE III BA,CIVIC V Stufenheck EG, EH,CONCERTO HW,CIVIC IV Stufenheck ED,CRX I AF, AS,ACCORD III CA,CONCERTO Stufenheck HWW,LEGEND I Coupe KA3,CIVIC II Shuttle EE,LEGEND I HS, KA,INTEGRA DA; DAIHATSU: SIRION M3_,TERIOS J2_,HIJET Kasten S85,COPEN L880_, L881_,FEROZA Soft Top F300,SPORTRAK F300,GRAN MOVE G3,CHARADE IV G200, G202,CHARADE III G100, G101, G102,APPLAUSE I A101, A111,CHARADE IV Stufenheck G203,HIJET Pick-up,CHARADE III Stufenheck G102; SAAB: 9-5 Kombi YS3E,9-5 YS3E,9000 Schr\u00e4gheck,9000; 9004851100000, 9807956148, 980795614E, 0K01C18110, K01C18110, BP0318110, MS851358, 224012J206, 59624G, MS851358, 8671004080, 22401AA310, 0948200494, 948200494; Tulpat,Sytytystulppa<\/p>\n","protected":false},"excerpt":{"rendered":"<p>VALEO Sytytystulpat 246871 Tulpat,Sytytystulppa MAZDA,CHEVROLET,DAEWOO,MX-5 II NB,323 F VI BJ,MX-5 I NA,DEMIO DW,323 P V BA,626 IV Hatchback GE<\/p>\n","protected":false},"featured_media":0,"template":"","meta":{"site-sidebar-layout":"default","site-content-layout":"default","ast-global-header-display":"","ast-main-header-display":"","ast-hfb-above-header-display":"","ast-hfb-below-header-display":"","ast-hfb-mobile-header-display":"","site-post-title":"","ast-breadcrumbs-content":"","ast-featured-img":"","footer-sml-layout":"","theme-transparent-header-meta":"","adv-header-id-meta":"","stick-header-meta":"","header-above-stick-meta":"","header-main-stick-meta":"","header-below-stick-meta":""},"pwb-brand":[28],"product_cat":[165],"product_tag":[],"class_list":{"0":"post-94561","1":"product","2":"type-product","3":"status-publish","5":"pwb-brand-valeo","6":"product_cat-sytytystulpat","7":"desktop-align-left","8":"tablet-align-left","9":"mobile-align-left","11":"first","12":"instock","13":"product-type-external"},"brands":[{"id":28,"name":"VALEO","slug":"valeo"}],"_links":{"self":[{"href":"https:\/\/www.autonvaraosahaku.fi\/index.php?rest_route=\/wp\/v2\/product\/94561","targetHints":{"allow":["GET"]}}],"collection":[{"href":"https:\/\/www.autonvaraosahaku.fi\/index.php?rest_route=\/wp\/v2\/product"}],"about":[{"href":"https:\/\/www.autonvaraosahaku.fi\/index.php?rest_route=\/wp\/v2\/types\/product"}],"wp:attachment":[{"href":"https:\/\/www.autonvaraosahaku.fi\/index.php?rest_route=%2Fwp%2Fv2%2Fmedia&parent=94561"}],"wp:term":[{"taxonomy":"pwb-brand","embeddable":true,"href":"https:\/\/www.autonvaraosahaku.fi\/index.php?rest_route=%2Fwp%2Fv2%2Fpwb-brand&post=94561"},{"taxonomy":"product_cat","embeddable":true,"href":"https:\/\/www.autonvaraosahaku.fi\/index.php?rest_route=%2Fwp%2Fv2%2Fproduct_cat&post=94561"},{"taxonomy":"product_tag","embeddable":true,"href":"https:\/\/www.autonvaraosahaku.fi\/index.php?rest_route=%2Fwp%2Fv2%2Fproduct_tag&post=94561"}],"curies":[{"name":"wp","href":"https:\/\/api.w.org\/{rel}","templated":true}]}}