{"id":94563,"date":"2021-02-21T21:53:11","date_gmt":"2021-02-21T21:53:11","guid":{"rendered":"https:\/\/www.autonvaraosahaku.fi\/?product=master-sport-14945-pcs-ms-koiranluu"},"modified":"2021-02-21T21:53:17","modified_gmt":"2021-02-21T21:53:17","slug":"master-sport-14945-pcs-ms-koiranluu","status":"publish","type":"product","link":"https:\/\/www.autonvaraosahaku.fi\/?product=master-sport-14945-pcs-ms-koiranluu","title":{"rendered":"MASTER-SPORT 14945-PCS-MS Koiranluu"},"content":{"rendered":"<p>Asennuspuoli: Taka-akseli, Molemminpuolin; Materiaali: Ter\u00e4s; Tanko \/ tuki: Heilurintanko; Lukum\u00e4\u00e4r\u00e4 akselille: 2; Nettopaino [kg]: 0,24; Bruttopaino [kg]: 0,26; TOYOTA: COROLLA Liftback _E11_,COROLLA Compact _E11_,COROLLA Compact _E10_,COROLLA _E11_,COROLLA Wagon __E11_,COROLLA Liftback _E10_,COROLLA _E10_,CARINA II _T17_,CARINA II Stufenheck _T17_,COROLLA Wagon _E10_,CAMRY _V2_,CARINA II Station Wagon _T17_,CAMRY Station Wagon _V2_,COROLLA LEVIN Coupe AE10_; 4883032020, 4883032010, 4883005011, 4883012060, 4883020010, 4883032010, 4883032020; Kallistuksenvakaajan Yhdystanko,Tanko, Kallistuksenvaimennin<\/p>\n","protected":false},"excerpt":{"rendered":"<p>MASTER-SPORT Koiranluu 14945-PCS-MS Kallistuksenvakaajan Yhdystanko,Tanko, Kallistuksenvaimennin TOYOTA,COROLLA Liftback _E11_,COROLLA Compact _E11_<\/p>\n","protected":false},"featured_media":0,"template":"","meta":{"site-sidebar-layout":"default","site-content-layout":"default","ast-global-header-display":"","ast-main-header-display":"","ast-hfb-above-header-display":"","ast-hfb-below-header-display":"","ast-hfb-mobile-header-display":"","site-post-title":"","ast-breadcrumbs-content":"","ast-featured-img":"","footer-sml-layout":"","theme-transparent-header-meta":"","adv-header-id-meta":"","stick-header-meta":"","header-above-stick-meta":"","header-main-stick-meta":"","header-below-stick-meta":""},"pwb-brand":[61],"product_cat":[38],"product_tag":[],"class_list":{"0":"post-94563","1":"product","2":"type-product","3":"status-publish","5":"pwb-brand-master-sport","6":"product_cat-koiranluu","7":"desktop-align-left","8":"tablet-align-left","9":"mobile-align-left","11":"first","12":"instock","13":"product-type-external"},"brands":[{"id":61,"name":"MASTER-SPORT","slug":"master-sport"}],"_links":{"self":[{"href":"https:\/\/www.autonvaraosahaku.fi\/index.php?rest_route=\/wp\/v2\/product\/94563","targetHints":{"allow":["GET"]}}],"collection":[{"href":"https:\/\/www.autonvaraosahaku.fi\/index.php?rest_route=\/wp\/v2\/product"}],"about":[{"href":"https:\/\/www.autonvaraosahaku.fi\/index.php?rest_route=\/wp\/v2\/types\/product"}],"wp:attachment":[{"href":"https:\/\/www.autonvaraosahaku.fi\/index.php?rest_route=%2Fwp%2Fv2%2Fmedia&parent=94563"}],"wp:term":[{"taxonomy":"pwb-brand","embeddable":true,"href":"https:\/\/www.autonvaraosahaku.fi\/index.php?rest_route=%2Fwp%2Fv2%2Fpwb-brand&post=94563"},{"taxonomy":"product_cat","embeddable":true,"href":"https:\/\/www.autonvaraosahaku.fi\/index.php?rest_route=%2Fwp%2Fv2%2Fproduct_cat&post=94563"},{"taxonomy":"product_tag","embeddable":true,"href":"https:\/\/www.autonvaraosahaku.fi\/index.php?rest_route=%2Fwp%2Fv2%2Fproduct_tag&post=94563"}],"curies":[{"name":"wp","href":"https:\/\/api.w.org\/{rel}","templated":true}]}}