{"id":94568,"date":"2021-02-21T21:53:11","date_gmt":"2021-02-21T21:53:11","guid":{"rendered":"https:\/\/www.autonvaraosahaku.fi\/?product=ridex-458f0088-polttoainepumppu"},"modified":"2021-02-21T21:53:18","modified_gmt":"2021-02-21T21:53:18","slug":"ridex-458f0088-polttoainepumppu","status":"publish","type":"product","link":"https:\/\/www.autonvaraosahaku.fi\/?product=ridex-458f0088-polttoainepumppu","title":{"rendered":"RIDEX 458F0088 Polttoainepumppu"},"content":{"rendered":"<p>K\u00e4ytt\u00f6: S\u00e4hk\u00f6inen; K\u00e4ytt\u00f6paine (bar): 3; Siirtom\u00e4\u00e4r\u00e4 (l\/h): 130; Ruiskutusj\u00e4rjestelm\u00e4: MPI (monipiste); Moottorinumero: AR 06134; MERCEDES-BENZ: S-CLASS W126,S-CLASS Coupe C126; RENAULT: ESPACE II J\/S63_,21 Stufenheck L48_,25 B29_; FIAT: UNO 146A\/E; PEUGEOT: 505 551A; VOLVO: 940 Kombi 945,240 Kombi P245,740 Kombi 745,960 II Kombi 965,740 744,240 P242, P244,960 II 964,940 944,760 704, 764,340-360 343, 345,960 Kombi 965,760 Kombi 704, 765,960 964,340-360 Stufenheck 344,780; ALFA ROMEO: SPIDER 115,75 162B; PORSCHE: 944,924,911,928,968,911 Cabriolet,944 Cabriolet,968 Cabriolet; JAGUAR: XJ XJ 40, 81,XJSC Convertible,XJ Coupe; SAAB: 9000 Schr\u00e4gheck,9000; DAIMLER: XJ 40, 81; 60518322, 7554136, 145070, 91518190, 91538807, CBC5656, DBC2482, 60518322, 7554136, CBC5656, CFB5656, DBC2482, EBC10123, EBC11365, EBC11367, EBC11368, NMD6013AA, 60518322, 7554136, 145070, 91518190, 91538807, 7700267774, 1336679, 13366794, 1389449, 13894498, 241723, 285211, 9142044, 91420448, 9142045, 91420455<\/p>\n","protected":false},"excerpt":{"rendered":"<p>RIDEX Polttoainepumppu 458F0088  MERCEDES-BENZ,RENAULT,FIAT,S-CLASS W126,S-CLASS Coupe C126,ESPACE II J\/S63_,21 Stufenheck L48_,25 B29_,UNO 146A\/E<\/p>\n","protected":false},"featured_media":0,"template":"","meta":{"site-sidebar-layout":"default","site-content-layout":"default","ast-global-header-display":"","ast-main-header-display":"","ast-hfb-above-header-display":"","ast-hfb-below-header-display":"","ast-hfb-mobile-header-display":"","site-post-title":"","ast-breadcrumbs-content":"","ast-featured-img":"","footer-sml-layout":"","theme-transparent-header-meta":"","adv-header-id-meta":"","stick-header-meta":"","header-above-stick-meta":"","header-main-stick-meta":"","header-below-stick-meta":""},"pwb-brand":[157],"product_cat":[73],"product_tag":[],"class_list":{"0":"post-94568","1":"product","2":"type-product","3":"status-publish","5":"pwb-brand-ridex","6":"product_cat-polttoainepumppu","7":"desktop-align-left","8":"tablet-align-left","9":"mobile-align-left","11":"first","12":"instock","13":"product-type-external"},"brands":[{"id":157,"name":"RIDEX","slug":"ridex"}],"_links":{"self":[{"href":"https:\/\/www.autonvaraosahaku.fi\/index.php?rest_route=\/wp\/v2\/product\/94568","targetHints":{"allow":["GET"]}}],"collection":[{"href":"https:\/\/www.autonvaraosahaku.fi\/index.php?rest_route=\/wp\/v2\/product"}],"about":[{"href":"https:\/\/www.autonvaraosahaku.fi\/index.php?rest_route=\/wp\/v2\/types\/product"}],"wp:attachment":[{"href":"https:\/\/www.autonvaraosahaku.fi\/index.php?rest_route=%2Fwp%2Fv2%2Fmedia&parent=94568"}],"wp:term":[{"taxonomy":"pwb-brand","embeddable":true,"href":"https:\/\/www.autonvaraosahaku.fi\/index.php?rest_route=%2Fwp%2Fv2%2Fpwb-brand&post=94568"},{"taxonomy":"product_cat","embeddable":true,"href":"https:\/\/www.autonvaraosahaku.fi\/index.php?rest_route=%2Fwp%2Fv2%2Fproduct_cat&post=94568"},{"taxonomy":"product_tag","embeddable":true,"href":"https:\/\/www.autonvaraosahaku.fi\/index.php?rest_route=%2Fwp%2Fv2%2Fproduct_tag&post=94568"}],"curies":[{"name":"wp","href":"https:\/\/api.w.org\/{rel}","templated":true}]}}