{"id":94580,"date":"2021-02-21T21:53:20","date_gmt":"2021-02-21T21:53:20","guid":{"rendered":"https:\/\/www.autonvaraosahaku.fi\/?product=meyle-314-800-9005-paisuntasailion-korkki"},"modified":"2021-02-21T21:53:25","modified_gmt":"2021-02-21T21:53:25","slug":"meyle-314-800-9005-paisuntasailion-korkki","status":"publish","type":"product","link":"https:\/\/www.autonvaraosahaku.fi\/?product=meyle-314-800-9005-paisuntasailion-korkki","title":{"rendered":"MEYLE 314 800 9005 Paisuntas\u00e4ili\u00f6n korkki"},"content":{"rendered":"<p>Paine (bar): 1,4; V\u00e4ri: Musta; L\u00e4pimitta [mm]: 65; lis\u00e4tieto: ORIGINAL Quality; BMW: 3 E46,5 E39,5 E60,3 Touring E46,X3 E83,5 Touring E39,3 Compact E46,3 Coupe E46,3 Compact E36,3 E36,3 E30,7 E38,5 E34,7 E65, E66, E67,3 Cabriolet E30,3 Touring E36,5 Touring E34,3 Touring E30; 17111719167, 17111742232, 17114379048; Korkki, Paisuntas\u00e4ili\u00f6<\/p>\n","protected":false},"excerpt":{"rendered":"<p>MEYLE Paisuntas\u00e4ili\u00f6n Korkki 314 800 9005 Korkki, Paisuntas\u00e4ili\u00f6 BMW,3 E46,5 E39,5 E60,3 Touring E46,X3 E83,5 Touring E39,3 Compact E46,3 Coupe E46<\/p>\n","protected":false},"featured_media":0,"template":"","meta":{"site-sidebar-layout":"default","site-content-layout":"default","ast-global-header-display":"","ast-main-header-display":"","ast-hfb-above-header-display":"","ast-hfb-below-header-display":"","ast-hfb-mobile-header-display":"","site-post-title":"","ast-breadcrumbs-content":"","ast-featured-img":"","footer-sml-layout":"","theme-transparent-header-meta":"","adv-header-id-meta":"","stick-header-meta":"","header-above-stick-meta":"","header-main-stick-meta":"","header-below-stick-meta":""},"pwb-brand":[84],"product_cat":[99],"product_tag":[],"class_list":{"0":"post-94580","1":"product","2":"type-product","3":"status-publish","5":"pwb-brand-meyle","6":"product_cat-paisuntasailion-korkki","7":"desktop-align-left","8":"tablet-align-left","9":"mobile-align-left","11":"first","12":"instock","13":"product-type-external"},"brands":[{"id":84,"name":"MEYLE","slug":"meyle"}],"_links":{"self":[{"href":"https:\/\/www.autonvaraosahaku.fi\/index.php?rest_route=\/wp\/v2\/product\/94580","targetHints":{"allow":["GET"]}}],"collection":[{"href":"https:\/\/www.autonvaraosahaku.fi\/index.php?rest_route=\/wp\/v2\/product"}],"about":[{"href":"https:\/\/www.autonvaraosahaku.fi\/index.php?rest_route=\/wp\/v2\/types\/product"}],"wp:attachment":[{"href":"https:\/\/www.autonvaraosahaku.fi\/index.php?rest_route=%2Fwp%2Fv2%2Fmedia&parent=94580"}],"wp:term":[{"taxonomy":"pwb-brand","embeddable":true,"href":"https:\/\/www.autonvaraosahaku.fi\/index.php?rest_route=%2Fwp%2Fv2%2Fpwb-brand&post=94580"},{"taxonomy":"product_cat","embeddable":true,"href":"https:\/\/www.autonvaraosahaku.fi\/index.php?rest_route=%2Fwp%2Fv2%2Fproduct_cat&post=94580"},{"taxonomy":"product_tag","embeddable":true,"href":"https:\/\/www.autonvaraosahaku.fi\/index.php?rest_route=%2Fwp%2Fv2%2Fproduct_tag&post=94580"}],"curies":[{"name":"wp","href":"https:\/\/api.w.org\/{rel}","templated":true}]}}