{"id":94583,"date":"2021-02-21T21:53:20","date_gmt":"2021-02-21T21:53:20","guid":{"rendered":"https:\/\/www.autonvaraosahaku.fi\/?product=nipparts-j3604034-jarrupalat"},"modified":"2021-02-21T21:53:26","modified_gmt":"2021-02-21T21:53:26","slug":"nipparts-j3604034-jarrupalat","status":"publish","type":"product","link":"https:\/\/www.autonvaraosahaku.fi\/?product=nipparts-j3604034-jarrupalat","title":{"rendered":"NIPPARTS J3604034 Jarrupalat"},"content":{"rendered":"<p>Paksuus [mm]: 14,8; Pituus (mm): 131,4; Leveys, sis\u00e4 (mm): 54,7; Erittely: ECE R90 APPROVED; Kulumisenilmaisimen liitos: akustisella kulumavaroittimella; Paksuus 1 [mm]: 15,8; Paksuus 2 [mm]: 15; M\u00e4\u00e4r\u00e4yksikk\u00f6: Akselisarja; Asennuspuoli: Vorderachse; HONDA: JAZZ II GD,JAZZ III GE,CIVIC VI Hatchback EJ, EK,CIVIC VI Fastback MA, MB,LOGO GA3,CIVIC V Hatchback EG,JAZZ Stufenheck,CIVIC IV Hatchback EC, ED, EE,CIVIC VI Stufenheck EJ, EK,CIVIC VI Coupe EJ, EM1,CIVIC V Coupe EJ,CIVIC V Stufenheck EG, EH,CIVIC IV Stufenheck ED; 04650SAA900, 06450S2G000, 06450S2GJ00, 06450S2GJ01, 06450S5A010, 06450S7H000, 06450SAA900, 06450SAA901, 06450SELT00, 45022504G00, 45022S04000, 45022S04010, 45022S04020, 45022S04409, 45022S04505, 45022S04G00, 45022S04G02, 45022S04G03, 45022S04J00, 45022S04J01, 45022S07000, 45022S07010, 45022S07020, 45022S07030, 45022S07408, 45022S2G000, 45022S5A000, 45022S5A010, 45022S7H000, 45022SAA900, 45022SAA901, 45022SAAE51, 45022SO4505, 45022SR3000, 45022SR3G00, 45022SR3G01, 45022SR7000, 45022SR7010, 45022ST7408, 45022ST7J00, 45022ST7J01, 45022ST7J02, 45022TG1T00, 5860052620, 5860052630, 5860052640, 5860092080, 5860092090, 5860095760, 5860148350, 5860151910, H4502S07003; Jarrupalasarja,Jarrupala, Levyjarru<\/p>\n","protected":false},"excerpt":{"rendered":"<p>NIPPARTS Jarrupalat J3604034 Jarrupalasarja,Jarrupala, Levyjarru HONDA,JAZZ II GD,JAZZ III GE,CIVIC VI Hatchback EJ, EK,CIVIC VI Fastback MA, MB<\/p>\n","protected":false},"featured_media":0,"template":"","meta":{"site-sidebar-layout":"default","site-content-layout":"default","ast-global-header-display":"","ast-main-header-display":"","ast-hfb-above-header-display":"","ast-hfb-below-header-display":"","ast-hfb-mobile-header-display":"","site-post-title":"","ast-breadcrumbs-content":"","ast-featured-img":"","footer-sml-layout":"","theme-transparent-header-meta":"","adv-header-id-meta":"","stick-header-meta":"","header-above-stick-meta":"","header-main-stick-meta":"","header-below-stick-meta":""},"pwb-brand":[335],"product_cat":[100],"product_tag":[],"class_list":{"0":"post-94583","1":"product","2":"type-product","3":"status-publish","5":"pwb-brand-nipparts","6":"product_cat-jarrupalat","7":"desktop-align-left","8":"tablet-align-left","9":"mobile-align-left","11":"first","12":"instock","13":"product-type-external"},"brands":[{"id":335,"name":"NIPPARTS","slug":"nipparts"}],"_links":{"self":[{"href":"https:\/\/www.autonvaraosahaku.fi\/index.php?rest_route=\/wp\/v2\/product\/94583","targetHints":{"allow":["GET"]}}],"collection":[{"href":"https:\/\/www.autonvaraosahaku.fi\/index.php?rest_route=\/wp\/v2\/product"}],"about":[{"href":"https:\/\/www.autonvaraosahaku.fi\/index.php?rest_route=\/wp\/v2\/types\/product"}],"wp:attachment":[{"href":"https:\/\/www.autonvaraosahaku.fi\/index.php?rest_route=%2Fwp%2Fv2%2Fmedia&parent=94583"}],"wp:term":[{"taxonomy":"pwb-brand","embeddable":true,"href":"https:\/\/www.autonvaraosahaku.fi\/index.php?rest_route=%2Fwp%2Fv2%2Fpwb-brand&post=94583"},{"taxonomy":"product_cat","embeddable":true,"href":"https:\/\/www.autonvaraosahaku.fi\/index.php?rest_route=%2Fwp%2Fv2%2Fproduct_cat&post=94583"},{"taxonomy":"product_tag","embeddable":true,"href":"https:\/\/www.autonvaraosahaku.fi\/index.php?rest_route=%2Fwp%2Fv2%2Fproduct_tag&post=94583"}],"curies":[{"name":"wp","href":"https:\/\/api.w.org\/{rel}","templated":true}]}}