{"id":9462,"date":"2021-02-21T14:05:58","date_gmt":"2021-02-21T14:05:58","guid":{"rendered":"https:\/\/www.autonvaraosahaku.fi\/?product=original-imperium-30978-hammastangon-suojakumi"},"modified":"2021-02-21T14:05:59","modified_gmt":"2021-02-21T14:05:59","slug":"original-imperium-30978-hammastangon-suojakumi","status":"publish","type":"product","link":"https:\/\/www.autonvaraosahaku.fi\/?product=original-imperium-30978-hammastangon-suojakumi","title":{"rendered":"ORIGINAL IMPERIUM 30978 Hammastangon suojakumi"},"content":{"rendered":"<p>Paino [g]: 84; Materiaali: Kumi; Asennuspuoli: Etuakseli, oikea; Tarvittava kappalem\u00e4\u00e4r\u00e4: 1; Korkeus (mm): 120; Varusteet: Autoihin, joissa ohjaustehostin; L\u00e4pimitta 1 [mm]: 44; L\u00e4pimitta 2 [mm]: 44; Moottorinumero: XU10J2C; PEUGEOT: 306 Schr\u00e4gheck 7A, 7C, N3, N5,306 Cabriolet 7D, N3, N5,406 Break 8E\/F,406 Coupe 8C,306 Break 7E, N3, N5,406 8B,306 7B, N3, N5,405 I 15B,605 6B,405 II 4B,504 A_, M_,505 551A,405 II Break 4E,405 I Break 15E,604 561A_; CITRO\u00cbN: XANTIA X2,XANTIA X1,XANTIA Break X2,ZX N2,XM Y3,XANTIA Break X1,ZX Break N2,XM Break Y3; 406630, 95639173, 406630, 95639173, 406630, 95639173; Paljekumi, Ohjaus<\/p>\n","protected":false},"excerpt":{"rendered":"<p>ORIGINAL IMPERIUM Hammastangon Suojakumi 30978 Paljekumi, Ohjaus PEUGEOT,CITRO\u00cbN,306 Schr\u00e4gheck 7A, 7C, N3, N5,306 Cabriolet 7D, N3, N5,406 Break 8E\/F<\/p>\n","protected":false},"featured_media":0,"template":"","meta":{"site-sidebar-layout":"default","site-content-layout":"default","ast-global-header-display":"","ast-main-header-display":"","ast-hfb-above-header-display":"","ast-hfb-below-header-display":"","ast-hfb-mobile-header-display":"","site-post-title":"","ast-breadcrumbs-content":"","ast-featured-img":"","footer-sml-layout":"","theme-transparent-header-meta":"","adv-header-id-meta":"","stick-header-meta":"","header-above-stick-meta":"","header-main-stick-meta":"","header-below-stick-meta":""},"pwb-brand":[72],"product_cat":[81],"product_tag":[],"class_list":{"0":"post-9462","1":"product","2":"type-product","3":"status-publish","5":"pwb-brand-original-imperium","6":"product_cat-hammastangon-suojakumi","7":"desktop-align-left","8":"tablet-align-left","9":"mobile-align-left","11":"first","12":"instock","13":"product-type-external"},"brands":[{"id":72,"name":"ORIGINAL IMPERIUM","slug":"original-imperium"}],"_links":{"self":[{"href":"https:\/\/www.autonvaraosahaku.fi\/index.php?rest_route=\/wp\/v2\/product\/9462","targetHints":{"allow":["GET"]}}],"collection":[{"href":"https:\/\/www.autonvaraosahaku.fi\/index.php?rest_route=\/wp\/v2\/product"}],"about":[{"href":"https:\/\/www.autonvaraosahaku.fi\/index.php?rest_route=\/wp\/v2\/types\/product"}],"wp:attachment":[{"href":"https:\/\/www.autonvaraosahaku.fi\/index.php?rest_route=%2Fwp%2Fv2%2Fmedia&parent=9462"}],"wp:term":[{"taxonomy":"pwb-brand","embeddable":true,"href":"https:\/\/www.autonvaraosahaku.fi\/index.php?rest_route=%2Fwp%2Fv2%2Fpwb-brand&post=9462"},{"taxonomy":"product_cat","embeddable":true,"href":"https:\/\/www.autonvaraosahaku.fi\/index.php?rest_route=%2Fwp%2Fv2%2Fproduct_cat&post=9462"},{"taxonomy":"product_tag","embeddable":true,"href":"https:\/\/www.autonvaraosahaku.fi\/index.php?rest_route=%2Fwp%2Fv2%2Fproduct_tag&post=9462"}],"curies":[{"name":"wp","href":"https:\/\/api.w.org\/{rel}","templated":true}]}}