{"id":94624,"date":"2021-02-21T21:53:37","date_gmt":"2021-02-21T21:53:37","guid":{"rendered":"https:\/\/www.autonvaraosahaku.fi\/?product=metzger-0900764-abs-keha"},"modified":"2021-02-21T21:53:43","modified_gmt":"2021-02-21T21:53:43","slug":"metzger-0900764-abs-keha","status":"publish","type":"product","link":"https:\/\/www.autonvaraosahaku.fi\/?product=metzger-0900764-abs-keha","title":{"rendered":"METZGER 0900764 ABS keh\u00e4"},"content":{"rendered":"<p>Asennuspuoli: Taka-akseli, Hinterachse beidseitig; Hammasluku, ABS-keh\u00e4: 48; Sis\u00e4l\u00e4pimitta [mm]: 79; Leveys (mm): 13; BMW: 3 E46,3 Touring E91,3 E90,1 E87,3 Touring E46,X3 E83,3 Compact E46,3 Coupe E46,1 E81,3 Coupe E92,3 Cabriolet E46,Z4 E85,3 Cabriolet E93,1 Cabriolet E88,1 Coupe E82; 33213428179, 33217504521, 33217504522, 33217504523, 33217530964, 33217530965, 33217540115, 33217540116, 33217547069, 33217547070; ABS Hammaskeh\u00e4,ABS Rengas,Anturirengas, ABS<\/p>\n","protected":false},"excerpt":{"rendered":"<p>METZGER ABS Keh\u00e4 0900764 ABS Hammaskeh\u00e4,ABS Rengas BMW,3 E46,3 Touring E91,3 E90,1 E87,3 Touring E46,X3 E83,3 Compact E46,3 Coupe E46,1 E81<\/p>\n","protected":false},"featured_media":0,"template":"","meta":{"site-sidebar-layout":"default","site-content-layout":"default","ast-global-header-display":"","ast-main-header-display":"","ast-hfb-above-header-display":"","ast-hfb-below-header-display":"","ast-hfb-mobile-header-display":"","site-post-title":"","ast-breadcrumbs-content":"","ast-featured-img":"","footer-sml-layout":"","theme-transparent-header-meta":"","adv-header-id-meta":"","stick-header-meta":"","header-above-stick-meta":"","header-main-stick-meta":"","header-below-stick-meta":""},"pwb-brand":[69],"product_cat":[273],"product_tag":[],"class_list":{"0":"post-94624","1":"product","2":"type-product","3":"status-publish","5":"pwb-brand-metzger","6":"product_cat-abs-keha","7":"desktop-align-left","8":"tablet-align-left","9":"mobile-align-left","11":"first","12":"instock","13":"product-type-external"},"brands":[{"id":69,"name":"METZGER","slug":"metzger"}],"_links":{"self":[{"href":"https:\/\/www.autonvaraosahaku.fi\/index.php?rest_route=\/wp\/v2\/product\/94624","targetHints":{"allow":["GET"]}}],"collection":[{"href":"https:\/\/www.autonvaraosahaku.fi\/index.php?rest_route=\/wp\/v2\/product"}],"about":[{"href":"https:\/\/www.autonvaraosahaku.fi\/index.php?rest_route=\/wp\/v2\/types\/product"}],"wp:attachment":[{"href":"https:\/\/www.autonvaraosahaku.fi\/index.php?rest_route=%2Fwp%2Fv2%2Fmedia&parent=94624"}],"wp:term":[{"taxonomy":"pwb-brand","embeddable":true,"href":"https:\/\/www.autonvaraosahaku.fi\/index.php?rest_route=%2Fwp%2Fv2%2Fpwb-brand&post=94624"},{"taxonomy":"product_cat","embeddable":true,"href":"https:\/\/www.autonvaraosahaku.fi\/index.php?rest_route=%2Fwp%2Fv2%2Fproduct_cat&post=94624"},{"taxonomy":"product_tag","embeddable":true,"href":"https:\/\/www.autonvaraosahaku.fi\/index.php?rest_route=%2Fwp%2Fv2%2Fproduct_tag&post=94624"}],"curies":[{"name":"wp","href":"https:\/\/api.w.org\/{rel}","templated":true}]}}