{"id":94647,"date":"2021-02-21T21:53:46","date_gmt":"2021-02-21T21:53:46","guid":{"rendered":"https:\/\/www.autonvaraosahaku.fi\/?product=reinz-81-19195-00-kampiakselin-tiiviste"},"modified":"2021-02-21T21:53:52","modified_gmt":"2021-02-21T21:53:52","slug":"reinz-81-19195-00-kampiakselin-tiiviste","status":"publish","type":"product","link":"https:\/\/www.autonvaraosahaku.fi\/?product=reinz-81-19195-00-kampiakselin-tiiviste","title":{"rendered":"REINZ 81-19195-00 Kampiakselin tiiviste"},"content":{"rendered":"<p>Materiaali: ACM (polyakryyli-kautsu); Sis\u00e4l\u00e4pimitta [mm]: 45; Ulkol\u00e4pimitta [mm]: 60; Leveys (mm): 9, 8; Akselitiivisteen malli: A SL; Rihlamalli: Oikea kierre; Asennuspuoli: stirnseitig; OPEL: OMEGA A 16_, 17_, 19_,FRONTERA A 5_MWL4,KADETT C Coupe,MANTA B 58_, 59_,MONZA A 22_,KADETT C,OPEL,ASCONA B 81_, 86_, 87_, 88_,REKORD E 17_-19_, 11_, 14_, 16_,SENATOR B 29_,SENATOR A 29_,MANTA A 58_, 59_,OMEGA A Caravan 66_, 67_,REKORD C,DIPLOMAT B,ADMIRAL B,ADMIRAL A,KADETT B Coupe,REKORD D,COMMODORE A,COMMODORE A Coupe,ASCONA A 81_, 86_, 87_, 88_,MANTA B CC 53_, 55_,KADETT C City,COMMODORE B Coupe,COMMODORE C 14_, 19_,COMMODORE B,REKORD A,REKORD C Coupe,REKORD B,REKORD E Caravan 61_, 66_, 67_,REKORD D Coupe,KADETT C Caravan,REKORD C Caravan,COMMODORE C Caravan 61,REKORD D Caravan,REKORD B Coupe,ASCONA A Voyage 84_, 89_,OLYMPIA A Coupe,OLYMPIA A,KAPIT\u00c4N A; VAUXHALL: FRONTERA Mk I A,CARLTON Mk III; BEDFORD: BLITZ CF97; 234034406, 372418, 97408101, 638187, 372418, 0948340456, 0948340607; Akselitiiviste, Kampiakseli<\/p>\n","protected":false},"excerpt":{"rendered":"<p>REINZ Kampiakselin Tiiviste 81-19195-00 Akselitiiviste, Kampiakseli OPEL,VAUXHALL,BEDFORD,OMEGA A 16_, 17_, 19_,FRONTERA A 5_MWL4,KADETT C Coupe<\/p>\n","protected":false},"featured_media":0,"template":"","meta":{"site-sidebar-layout":"default","site-content-layout":"default","ast-global-header-display":"","ast-main-header-display":"","ast-hfb-above-header-display":"","ast-hfb-below-header-display":"","ast-hfb-mobile-header-display":"","site-post-title":"","ast-breadcrumbs-content":"","ast-featured-img":"","footer-sml-layout":"","theme-transparent-header-meta":"","adv-header-id-meta":"","stick-header-meta":"","header-above-stick-meta":"","header-main-stick-meta":"","header-below-stick-meta":""},"pwb-brand":[138],"product_cat":[88],"product_tag":[],"class_list":{"0":"post-94647","1":"product","2":"type-product","3":"status-publish","5":"pwb-brand-reinz","6":"product_cat-kampiakselin-tiiviste","7":"desktop-align-left","8":"tablet-align-left","9":"mobile-align-left","11":"first","12":"instock","13":"product-type-external"},"brands":[{"id":138,"name":"REINZ","slug":"reinz"}],"_links":{"self":[{"href":"https:\/\/www.autonvaraosahaku.fi\/index.php?rest_route=\/wp\/v2\/product\/94647","targetHints":{"allow":["GET"]}}],"collection":[{"href":"https:\/\/www.autonvaraosahaku.fi\/index.php?rest_route=\/wp\/v2\/product"}],"about":[{"href":"https:\/\/www.autonvaraosahaku.fi\/index.php?rest_route=\/wp\/v2\/types\/product"}],"wp:attachment":[{"href":"https:\/\/www.autonvaraosahaku.fi\/index.php?rest_route=%2Fwp%2Fv2%2Fmedia&parent=94647"}],"wp:term":[{"taxonomy":"pwb-brand","embeddable":true,"href":"https:\/\/www.autonvaraosahaku.fi\/index.php?rest_route=%2Fwp%2Fv2%2Fpwb-brand&post=94647"},{"taxonomy":"product_cat","embeddable":true,"href":"https:\/\/www.autonvaraosahaku.fi\/index.php?rest_route=%2Fwp%2Fv2%2Fproduct_cat&post=94647"},{"taxonomy":"product_tag","embeddable":true,"href":"https:\/\/www.autonvaraosahaku.fi\/index.php?rest_route=%2Fwp%2Fv2%2Fproduct_tag&post=94647"}],"curies":[{"name":"wp","href":"https:\/\/api.w.org\/{rel}","templated":true}]}}