{"id":94653,"date":"2021-02-21T21:53:54","date_gmt":"2021-02-21T21:53:54","guid":{"rendered":"https:\/\/www.autonvaraosahaku.fi\/?product=meyle-100-498-0080-vetonivelen-suojakumi"},"modified":"2021-02-21T21:53:56","modified_gmt":"2021-02-21T21:53:56","slug":"meyle-100-498-0080-vetonivelen-suojakumi","status":"publish","type":"product","link":"https:\/\/www.autonvaraosahaku.fi\/?product=meyle-100-498-0080-vetonivelen-suojakumi","title":{"rendered":"MEYLE 100 498 0080 Vetonivelen suojakumi"},"content":{"rendered":"<p>Asennuspuoli: Vaihteiston puoli, Etuakseli; Sis\u00e4l\u00e4pimitta 1 [mm]: 28; Sis\u00e4l\u00e4pimitta 2 [mm]: 100; Pituus (mm): 110; Materiaali: Kumi; lis\u00e4tieto: ORIGINAL Quality; Alustanumerosta: 8C-R-000 001; VW: GOLF III 1H1,GOLF II 19E, 1G1,PASSAT Variant 3A5, 35I,GOLF I Cabriolet 155,GOLF III Cabriolet 1E7,GOLF Mk III Cabriolet 1E7,GOLF III Variant 1H5,PASSAT 3A2, 35I,CORRADO 53I,SCIROCCO 53B,VENTO 1H2,JETTA II 19E, 1G2, 165,PASSAT Variant 32B,PASSAT 32B,PASSAT Stufenheck 32B; AUDI: A4 8D2, B5,A4 Avant 8D5, B5,80 8C, B4,80 89, 89Q, 8A, B3,80 Avant 8C, B4,COUPE 81, 85; SEAT: LEON 1M1,ALTEA 5P1,IBIZA II 6K1,TOLEDO II 1M2,CORDOBA 6K1, 6K2,CORDOBA Vario 6K1,TOLEDO I 1L,TOLEDO III 5P2,INCA 6K9; 191498201B, 191498201B, 191498201B<\/p>\n","protected":false},"excerpt":{"rendered":"<p>MEYLE Paljekumisarja, Vetoakseli 100 498 0080  VW,AUDI,SEAT,GOLF III 1H1,GOLF II 19E, 1G1,PASSAT Variant 3A5, 35I,GOLF I Cabriolet 155<\/p>\n","protected":false},"featured_media":0,"template":"","meta":{"site-sidebar-layout":"default","site-content-layout":"default","ast-global-header-display":"","ast-main-header-display":"","ast-hfb-above-header-display":"","ast-hfb-below-header-display":"","ast-hfb-mobile-header-display":"","site-post-title":"","ast-breadcrumbs-content":"","ast-featured-img":"","footer-sml-layout":"","theme-transparent-header-meta":"","adv-header-id-meta":"","stick-header-meta":"","header-above-stick-meta":"","header-main-stick-meta":"","header-below-stick-meta":""},"pwb-brand":[84],"product_cat":[42],"product_tag":[],"class_list":{"0":"post-94653","1":"product","2":"type-product","3":"status-publish","5":"pwb-brand-meyle","6":"product_cat-vetonivelen-suojakumi","7":"desktop-align-left","8":"tablet-align-left","9":"mobile-align-left","11":"first","12":"instock","13":"product-type-external"},"brands":[{"id":84,"name":"MEYLE","slug":"meyle"}],"_links":{"self":[{"href":"https:\/\/www.autonvaraosahaku.fi\/index.php?rest_route=\/wp\/v2\/product\/94653","targetHints":{"allow":["GET"]}}],"collection":[{"href":"https:\/\/www.autonvaraosahaku.fi\/index.php?rest_route=\/wp\/v2\/product"}],"about":[{"href":"https:\/\/www.autonvaraosahaku.fi\/index.php?rest_route=\/wp\/v2\/types\/product"}],"wp:attachment":[{"href":"https:\/\/www.autonvaraosahaku.fi\/index.php?rest_route=%2Fwp%2Fv2%2Fmedia&parent=94653"}],"wp:term":[{"taxonomy":"pwb-brand","embeddable":true,"href":"https:\/\/www.autonvaraosahaku.fi\/index.php?rest_route=%2Fwp%2Fv2%2Fpwb-brand&post=94653"},{"taxonomy":"product_cat","embeddable":true,"href":"https:\/\/www.autonvaraosahaku.fi\/index.php?rest_route=%2Fwp%2Fv2%2Fproduct_cat&post=94653"},{"taxonomy":"product_tag","embeddable":true,"href":"https:\/\/www.autonvaraosahaku.fi\/index.php?rest_route=%2Fwp%2Fv2%2Fproduct_tag&post=94653"}],"curies":[{"name":"wp","href":"https:\/\/api.w.org\/{rel}","templated":true}]}}