{"id":94654,"date":"2021-02-21T21:53:54","date_gmt":"2021-02-21T21:53:54","guid":{"rendered":"https:\/\/www.autonvaraosahaku.fi\/?product=lpr-2208-kytkin-paasylinteri"},"modified":"2021-02-21T21:53:56","modified_gmt":"2021-02-21T21:53:56","slug":"lpr-2208-kytkin-paasylinteri","status":"publish","type":"product","link":"https:\/\/www.autonvaraosahaku.fi\/?product=lpr-2208-kytkin-paasylinteri","title":{"rendered":"LPR 2208 Kytkin p\u00e4\u00e4sylinteri"},"content":{"rendered":"<p>Jarruj\u00e4rjestelm\u00e4: Bendix, Bendix; Reik\u00e4-\u00d8 [mm]: 19,05; Kierremitta: 10 x 1; Kiinnityrreikien et\u00e4isyys [mm]: 50; Materiaali: Valurauta; Valmistusvuosi alkaen: 11\/1974; PEUGEOT: 504 A_, M_,504 Cabriolet,505 551A,504 Coupe,505 Break 551D,604 561A_,504 Break D_, F_,504 Pick-up E_; UMM: ALTER; 209515, 209517, 209518, 91503888; P\u00e4\u00e4sylinteri, Kytkin<\/p>\n","protected":false},"excerpt":{"rendered":"<p>LPR Kytkin P\u00e4\u00e4sylinteri 2208 P\u00e4\u00e4sylinteri, Kytkin PEUGEOT,UMM,504 A_, M_,504 Cabriolet,505 551A,504 Coupe,505 Break 551D,604 561A_,504 Break D_, F_<\/p>\n","protected":false},"featured_media":0,"template":"","meta":{"site-sidebar-layout":"default","site-content-layout":"default","ast-global-header-display":"","ast-main-header-display":"","ast-hfb-above-header-display":"","ast-hfb-below-header-display":"","ast-hfb-mobile-header-display":"","site-post-title":"","ast-breadcrumbs-content":"","ast-featured-img":"","footer-sml-layout":"","theme-transparent-header-meta":"","adv-header-id-meta":"","stick-header-meta":"","header-above-stick-meta":"","header-main-stick-meta":"","header-below-stick-meta":""},"pwb-brand":[238],"product_cat":[239],"product_tag":[],"class_list":{"0":"post-94654","1":"product","2":"type-product","3":"status-publish","5":"pwb-brand-lpr","6":"product_cat-kytkin-paasylinteri","7":"desktop-align-left","8":"tablet-align-left","9":"mobile-align-left","11":"first","12":"instock","13":"product-type-external"},"brands":[{"id":238,"name":"LPR","slug":"lpr"}],"_links":{"self":[{"href":"https:\/\/www.autonvaraosahaku.fi\/index.php?rest_route=\/wp\/v2\/product\/94654","targetHints":{"allow":["GET"]}}],"collection":[{"href":"https:\/\/www.autonvaraosahaku.fi\/index.php?rest_route=\/wp\/v2\/product"}],"about":[{"href":"https:\/\/www.autonvaraosahaku.fi\/index.php?rest_route=\/wp\/v2\/types\/product"}],"wp:attachment":[{"href":"https:\/\/www.autonvaraosahaku.fi\/index.php?rest_route=%2Fwp%2Fv2%2Fmedia&parent=94654"}],"wp:term":[{"taxonomy":"pwb-brand","embeddable":true,"href":"https:\/\/www.autonvaraosahaku.fi\/index.php?rest_route=%2Fwp%2Fv2%2Fpwb-brand&post=94654"},{"taxonomy":"product_cat","embeddable":true,"href":"https:\/\/www.autonvaraosahaku.fi\/index.php?rest_route=%2Fwp%2Fv2%2Fproduct_cat&post=94654"},{"taxonomy":"product_tag","embeddable":true,"href":"https:\/\/www.autonvaraosahaku.fi\/index.php?rest_route=%2Fwp%2Fv2%2Fproduct_tag&post=94654"}],"curies":[{"name":"wp","href":"https:\/\/api.w.org\/{rel}","templated":true}]}}