{"id":94675,"date":"2021-02-21T21:54:02","date_gmt":"2021-02-21T21:54:02","guid":{"rendered":"https:\/\/www.autonvaraosahaku.fi\/?product=ulo-1032003-takavalot"},"modified":"2021-02-21T21:54:05","modified_gmt":"2021-02-21T21:54:05","slug":"ulo-1032003-takavalot","status":"publish","type":"product","link":"https:\/\/www.autonvaraosahaku.fi\/?product=ulo-1032003-takavalot","title":{"rendered":"ULO 1032003 Takavalot"},"content":{"rendered":"<p>Vuosimallista: 2006, 2006; Vuosimalliin: 2009; Uusittuun malliin (facelift): ; Varustelumahdollisuudet: Avantgarde; Asennuspuoli: Vasen; Vasen \/ oikea liikenne: Oikean-\/vasemmanpuolinen ohjaus; Lyhdyn muoto: LED, Hehkulankatekniikka; Valotoiminto: Jarruvalolla (LED); Lasin v\u00e4ri, vilkkulyhty: Savunharmaa; Vilkun v\u00e4ri: Keltainen; Lis\u00e4tarvike\/lis\u00e4tieto: Lampun kannalla; Rekister\u00f6ity tyyppi: E-hyv\u00e4ksytty, SAE-hyv\u00e4ksytty; Laatu: OEM, ORIGINAL; Paino [kg]: 1,205; MERCEDES-BENZ: E-CLASS W211; 2118202564, A2118202564; Takavalo<\/p>\n","protected":false},"excerpt":{"rendered":"<p>ULO Takavalot 1032003 Takavalo MERCEDES-BENZ,E-CLASS W211<\/p>\n","protected":false},"featured_media":0,"template":"","meta":{"site-sidebar-layout":"default","site-content-layout":"default","ast-global-header-display":"","ast-main-header-display":"","ast-hfb-above-header-display":"","ast-hfb-below-header-display":"","ast-hfb-mobile-header-display":"","site-post-title":"","ast-breadcrumbs-content":"","ast-featured-img":"","footer-sml-layout":"","theme-transparent-header-meta":"","adv-header-id-meta":"","stick-header-meta":"","header-above-stick-meta":"","header-main-stick-meta":"","header-below-stick-meta":""},"pwb-brand":[316],"product_cat":[159],"product_tag":[],"class_list":{"0":"post-94675","1":"product","2":"type-product","3":"status-publish","5":"pwb-brand-ulo","6":"product_cat-takavalot","7":"desktop-align-left","8":"tablet-align-left","9":"mobile-align-left","11":"first","12":"instock","13":"product-type-external"},"brands":[{"id":316,"name":"ULO","slug":"ulo"}],"_links":{"self":[{"href":"https:\/\/www.autonvaraosahaku.fi\/index.php?rest_route=\/wp\/v2\/product\/94675","targetHints":{"allow":["GET"]}}],"collection":[{"href":"https:\/\/www.autonvaraosahaku.fi\/index.php?rest_route=\/wp\/v2\/product"}],"about":[{"href":"https:\/\/www.autonvaraosahaku.fi\/index.php?rest_route=\/wp\/v2\/types\/product"}],"wp:attachment":[{"href":"https:\/\/www.autonvaraosahaku.fi\/index.php?rest_route=%2Fwp%2Fv2%2Fmedia&parent=94675"}],"wp:term":[{"taxonomy":"pwb-brand","embeddable":true,"href":"https:\/\/www.autonvaraosahaku.fi\/index.php?rest_route=%2Fwp%2Fv2%2Fpwb-brand&post=94675"},{"taxonomy":"product_cat","embeddable":true,"href":"https:\/\/www.autonvaraosahaku.fi\/index.php?rest_route=%2Fwp%2Fv2%2Fproduct_cat&post=94675"},{"taxonomy":"product_tag","embeddable":true,"href":"https:\/\/www.autonvaraosahaku.fi\/index.php?rest_route=%2Fwp%2Fv2%2Fproduct_tag&post=94675"}],"curies":[{"name":"wp","href":"https:\/\/api.w.org\/{rel}","templated":true}]}}