{"id":94687,"date":"2021-02-21T21:54:02","date_gmt":"2021-02-21T21:54:02","guid":{"rendered":"https:\/\/www.autonvaraosahaku.fi\/?product=zimmermann-150-1261-52-jarrulevyt"},"modified":"2021-02-21T21:54:09","modified_gmt":"2021-02-21T21:54:09","slug":"zimmermann-150-1261-52-jarrulevyt","status":"publish","type":"product","link":"https:\/\/www.autonvaraosahaku.fi\/?product=zimmermann-150-1261-52-jarrulevyt","title":{"rendered":"ZIMMERMANN 150.1261.52 Jarrulevyt"},"content":{"rendered":"<p>Jarrulevytyyppi: Tuuletettu, sis\u00e4, Reijitetty; K\u00e4sittely: hiiliter\u00e4s; Pinta: pinnoitettu; Ulkol\u00e4pimitta [mm]: 302; Jarrulevyn paksuus (mm): 28; Korkeus (mm): 76; Vanne, aukkoja: 5; Reik\u00e4ympyr\u00e4-\u00d8 [mm]: 120; keskitt\u00e4misl\u00e4pimitta [mm]: 79; Tarkistuskilpi: KBA 60872; V\u00e4himm\u00e4ispaksuus (mm): 26,4; Paino [kg]: 8,00; Reik\u00e4kuvio\/-m\u00e4\u00e4r\u00e4: 7\/5; Tuotelinja: SPORT COAT Z; Tuning: 1; Asennuspuoli: Vorderachse; BMW: 5 E34,7 E32,5 Touring E34; 34111155322, 34111157391, 34111158038, 34111158039, 34111159896, 34116756090; Jarrulevy<\/p>\n","protected":false},"excerpt":{"rendered":"<p>ZIMMERMANN Jarrulevyt 150.1261.52 Jarrulevy BMW,5 E34,7 E32,5 Touring E34<\/p>\n","protected":false},"featured_media":0,"template":"","meta":{"site-sidebar-layout":"default","site-content-layout":"default","ast-global-header-display":"","ast-main-header-display":"","ast-hfb-above-header-display":"","ast-hfb-below-header-display":"","ast-hfb-mobile-header-display":"","site-post-title":"","ast-breadcrumbs-content":"","ast-featured-img":"","footer-sml-layout":"","theme-transparent-header-meta":"","adv-header-id-meta":"","stick-header-meta":"","header-above-stick-meta":"","header-main-stick-meta":"","header-below-stick-meta":""},"pwb-brand":[145],"product_cat":[66],"product_tag":[],"class_list":{"0":"post-94687","1":"product","2":"type-product","3":"status-publish","5":"pwb-brand-zimmermann","6":"product_cat-jarrulevyt","7":"desktop-align-left","8":"tablet-align-left","9":"mobile-align-left","11":"first","12":"instock","13":"product-type-external"},"brands":[{"id":145,"name":"ZIMMERMANN","slug":"zimmermann"}],"_links":{"self":[{"href":"https:\/\/www.autonvaraosahaku.fi\/index.php?rest_route=\/wp\/v2\/product\/94687","targetHints":{"allow":["GET"]}}],"collection":[{"href":"https:\/\/www.autonvaraosahaku.fi\/index.php?rest_route=\/wp\/v2\/product"}],"about":[{"href":"https:\/\/www.autonvaraosahaku.fi\/index.php?rest_route=\/wp\/v2\/types\/product"}],"wp:attachment":[{"href":"https:\/\/www.autonvaraosahaku.fi\/index.php?rest_route=%2Fwp%2Fv2%2Fmedia&parent=94687"}],"wp:term":[{"taxonomy":"pwb-brand","embeddable":true,"href":"https:\/\/www.autonvaraosahaku.fi\/index.php?rest_route=%2Fwp%2Fv2%2Fpwb-brand&post=94687"},{"taxonomy":"product_cat","embeddable":true,"href":"https:\/\/www.autonvaraosahaku.fi\/index.php?rest_route=%2Fwp%2Fv2%2Fproduct_cat&post=94687"},{"taxonomy":"product_tag","embeddable":true,"href":"https:\/\/www.autonvaraosahaku.fi\/index.php?rest_route=%2Fwp%2Fv2%2Fproduct_tag&post=94687"}],"curies":[{"name":"wp","href":"https:\/\/api.w.org\/{rel}","templated":true}]}}