{"id":94690,"date":"2021-02-21T21:54:11","date_gmt":"2021-02-21T21:54:11","guid":{"rendered":"https:\/\/www.autonvaraosahaku.fi\/?product=febi-bilstein-03180-hammastangon-suojakumi"},"modified":"2021-02-21T21:54:11","modified_gmt":"2021-02-21T21:54:11","slug":"febi-bilstein-03180-hammastangon-suojakumi","status":"publish","type":"product","link":"https:\/\/www.autonvaraosahaku.fi\/?product=febi-bilstein-03180-hammastangon-suojakumi","title":{"rendered":"FEBI BILSTEIN 03180 Hammastangon suojakumi"},"content":{"rendered":"<p>Pituus (mm): 165; Materiaali: Kumi; Asennuspuoli: etuakseli molemminpuoleinen; Paino [kg]: 0,126; Sis\u00e4l\u00e4pimitta 1 [mm]: 41; Sis\u00e4l\u00e4pimitta 2 [mm]: 52, 52; Varusteet: f\u00fcr Fahrzeuge ohne Servolenkung; OPEL: VECTRA A 86_, 87_,KADETT E CC 33_, 34_, 43_, 44_,VECTRA A CC 88_, 89_,KADETT E Cabriolet 43B_,ASCONA C 81_, 86_, 87_, 88_,KADETT D 31_-34_, 41_-44_,KADETT E 39_, 49_,ASCONA C CC 84_, 89_,KADETT E Caravan 35_, 36_, 45_, 46_,KADETT D 32_,37_,39, _42,KADETT D Caravan 35_, 36_, 45_, 46_,KADETT E Kasten 37_, 47_,KADETT E Combo 38_, 48_; VAUXHALL: ASTRA Mk II CC,CAVALIER Mk III 87,CAVALIER Mk III CC,CAVALIER Mk II CC; 00902825, 00902828, 0902825, 0902828, 902825, 902828, 090090811, 090345195, 90090811, 90345195; Paljekumi, Ohjaus<\/p>\n","protected":false},"excerpt":{"rendered":"<p>FEBI BILSTEIN Hammastangon Suojakumi 03180 Paljekumi, Ohjaus OPEL,VAUXHALL,VECTRA A 86_, 87_,KADETT E CC 33_, 34_, 43_, 44_,VECTRA A CC 88_, 89_<\/p>\n","protected":false},"featured_media":0,"template":"","meta":{"site-sidebar-layout":"default","site-content-layout":"default","ast-global-header-display":"","ast-main-header-display":"","ast-hfb-above-header-display":"","ast-hfb-below-header-display":"","ast-hfb-mobile-header-display":"","site-post-title":"","ast-breadcrumbs-content":"","ast-featured-img":"","footer-sml-layout":"","theme-transparent-header-meta":"","adv-header-id-meta":"","stick-header-meta":"","header-above-stick-meta":"","header-main-stick-meta":"","header-below-stick-meta":""},"pwb-brand":[50],"product_cat":[81],"product_tag":[],"class_list":{"0":"post-94690","1":"product","2":"type-product","3":"status-publish","5":"pwb-brand-febi-bilstein","6":"product_cat-hammastangon-suojakumi","7":"desktop-align-left","8":"tablet-align-left","9":"mobile-align-left","11":"first","12":"instock","13":"product-type-external"},"brands":[{"id":50,"name":"FEBI BILSTEIN","slug":"febi-bilstein"}],"_links":{"self":[{"href":"https:\/\/www.autonvaraosahaku.fi\/index.php?rest_route=\/wp\/v2\/product\/94690","targetHints":{"allow":["GET"]}}],"collection":[{"href":"https:\/\/www.autonvaraosahaku.fi\/index.php?rest_route=\/wp\/v2\/product"}],"about":[{"href":"https:\/\/www.autonvaraosahaku.fi\/index.php?rest_route=\/wp\/v2\/types\/product"}],"wp:attachment":[{"href":"https:\/\/www.autonvaraosahaku.fi\/index.php?rest_route=%2Fwp%2Fv2%2Fmedia&parent=94690"}],"wp:term":[{"taxonomy":"pwb-brand","embeddable":true,"href":"https:\/\/www.autonvaraosahaku.fi\/index.php?rest_route=%2Fwp%2Fv2%2Fpwb-brand&post=94690"},{"taxonomy":"product_cat","embeddable":true,"href":"https:\/\/www.autonvaraosahaku.fi\/index.php?rest_route=%2Fwp%2Fv2%2Fproduct_cat&post=94690"},{"taxonomy":"product_tag","embeddable":true,"href":"https:\/\/www.autonvaraosahaku.fi\/index.php?rest_route=%2Fwp%2Fv2%2Fproduct_tag&post=94690"}],"curies":[{"name":"wp","href":"https:\/\/api.w.org\/{rel}","templated":true}]}}