{"id":94692,"date":"2021-02-21T21:54:11","date_gmt":"2021-02-21T21:54:11","guid":{"rendered":"https:\/\/www.autonvaraosahaku.fi\/?product=eibach-s90-4-25-019-muut-luokat"},"modified":"2021-02-21T21:54:12","modified_gmt":"2021-02-21T21:54:12","slug":"eibach-s90-4-25-019-muut-luokat","status":"publish","type":"product","link":"https:\/\/www.autonvaraosahaku.fi\/?product=eibach-s90-4-25-019-muut-luokat","title":{"rendered":"EIBACH S90-4-25-019 Muut luokat"},"content":{"rendered":"<p>Paksuus [mm]: 25; Raidev\u00e4lin suurennus per akseli: 50; keskitt\u00e4misl\u00e4pimitta [mm]: 66; Kierremitta: M12x1,25; Reik\u00e4ympyr\u00e4-\u00d8 [mm]: 114,3; Reikien m\u00e4\u00e4r\u00e4: 5; Pinta: eloksoitu; V\u00e4ri: Natur; Huomioi asennusohje: ; Tuotelinja: Pro-Spacer; Materiaali: Alumiini; Tuning: 1; Huomioi huolto-ohjeet: ; NISSAN: QASHQAI \/ QASHQAI +2 J10, JJ10,X-TRAIL T30,X-TRAIL T31,350 Z Z33,MURANO Z50,350 Z Roadster Z33,X-TRAIL T32,PATHFINDER R52; INFINITI: Q50,FX,EX,G Stufenheck,M37,G Coupe,M35,Q60 Coupe; RENAULT: KOLEOS HY_,KOLEOS II; Raidev\u00e4lilevennys<\/p>\n","protected":false},"excerpt":{"rendered":"<p>EIBACH Levikepalat S90-4-25-019 Raidev\u00e4lilevennys NISSAN,INFINITI,RENAULT,QASHQAI \/ QASHQAI +2 J10, JJ10,X-TRAIL T30,X-TRAIL T31,350 Z Z33,MURANO Z50<\/p>\n","protected":false},"featured_media":0,"template":"","meta":{"site-sidebar-layout":"default","site-content-layout":"default","ast-global-header-display":"","ast-main-header-display":"","ast-hfb-above-header-display":"","ast-hfb-below-header-display":"","ast-hfb-mobile-header-display":"","site-post-title":"","ast-breadcrumbs-content":"","ast-featured-img":"","footer-sml-layout":"","theme-transparent-header-meta":"","adv-header-id-meta":"","stick-header-meta":"","header-above-stick-meta":"","header-main-stick-meta":"","header-below-stick-meta":""},"pwb-brand":[328],"product_cat":[37],"product_tag":[],"class_list":{"0":"post-94692","1":"product","2":"type-product","3":"status-publish","5":"pwb-brand-eibach","6":"product_cat-muut-luokat","7":"desktop-align-left","8":"tablet-align-left","9":"mobile-align-left","11":"first","12":"instock","13":"product-type-external"},"brands":[{"id":328,"name":"EIBACH","slug":"eibach"}],"_links":{"self":[{"href":"https:\/\/www.autonvaraosahaku.fi\/index.php?rest_route=\/wp\/v2\/product\/94692","targetHints":{"allow":["GET"]}}],"collection":[{"href":"https:\/\/www.autonvaraosahaku.fi\/index.php?rest_route=\/wp\/v2\/product"}],"about":[{"href":"https:\/\/www.autonvaraosahaku.fi\/index.php?rest_route=\/wp\/v2\/types\/product"}],"wp:attachment":[{"href":"https:\/\/www.autonvaraosahaku.fi\/index.php?rest_route=%2Fwp%2Fv2%2Fmedia&parent=94692"}],"wp:term":[{"taxonomy":"pwb-brand","embeddable":true,"href":"https:\/\/www.autonvaraosahaku.fi\/index.php?rest_route=%2Fwp%2Fv2%2Fpwb-brand&post=94692"},{"taxonomy":"product_cat","embeddable":true,"href":"https:\/\/www.autonvaraosahaku.fi\/index.php?rest_route=%2Fwp%2Fv2%2Fproduct_cat&post=94692"},{"taxonomy":"product_tag","embeddable":true,"href":"https:\/\/www.autonvaraosahaku.fi\/index.php?rest_route=%2Fwp%2Fv2%2Fproduct_tag&post=94692"}],"curies":[{"name":"wp","href":"https:\/\/api.w.org\/{rel}","templated":true}]}}