{"id":94731,"date":"2021-02-21T21:54:28","date_gmt":"2021-02-21T21:54:28","guid":{"rendered":"https:\/\/www.autonvaraosahaku.fi\/?product=eibach-e7001-120-jouset"},"modified":"2021-02-21T21:54:29","modified_gmt":"2021-02-21T21:54:29","slug":"eibach-e7001-120-jouset","status":"publish","type":"product","link":"https:\/\/www.autonvaraosahaku.fi\/?product=eibach-e7001-120-jouset","title":{"rendered":"EIBACH E7001-120 Jouset"},"content":{"rendered":"<p>Rekister\u00f6ity tyyppi: T\u00dcV-hyv\u00e4ksytty; Akselikuorma, etu, enint. [kg]: 640; Akselikuorma, taka, enint. [kg]: 620; Lis\u00e4tarvike\/lis\u00e4tieto: 2 jousen sarja; Varusteet: Autoihin ilman tasons\u00e4\u00e4t\u00f6\u00e4; Tuotelinja: Pro-Kit; Tuning: 1; Huomioi huolto-ohjeet: ; PEUGEOT: 106 I 1A, 1C,205 I Cabriolet 741B, 20D,205 I 741A\/C; Alustasarja Jouset<\/p>\n","protected":false},"excerpt":{"rendered":"<p>EIBACH Madallusjouset E7001-120 Alustasarja Jouset PEUGEOT,106 I 1A, 1C,205 I Cabriolet 741B, 20D,205 I 741A\/C<\/p>\n","protected":false},"featured_media":0,"template":"","meta":{"site-sidebar-layout":"default","site-content-layout":"default","ast-global-header-display":"","ast-main-header-display":"","ast-hfb-above-header-display":"","ast-hfb-below-header-display":"","ast-hfb-mobile-header-display":"","site-post-title":"","ast-breadcrumbs-content":"","ast-featured-img":"","footer-sml-layout":"","theme-transparent-header-meta":"","adv-header-id-meta":"","stick-header-meta":"","header-above-stick-meta":"","header-main-stick-meta":"","header-below-stick-meta":""},"pwb-brand":[328],"product_cat":[171],"product_tag":[],"class_list":{"0":"post-94731","1":"product","2":"type-product","3":"status-publish","5":"pwb-brand-eibach","6":"product_cat-jouset","7":"desktop-align-left","8":"tablet-align-left","9":"mobile-align-left","11":"first","12":"instock","13":"product-type-external"},"brands":[{"id":328,"name":"EIBACH","slug":"eibach"}],"_links":{"self":[{"href":"https:\/\/www.autonvaraosahaku.fi\/index.php?rest_route=\/wp\/v2\/product\/94731","targetHints":{"allow":["GET"]}}],"collection":[{"href":"https:\/\/www.autonvaraosahaku.fi\/index.php?rest_route=\/wp\/v2\/product"}],"about":[{"href":"https:\/\/www.autonvaraosahaku.fi\/index.php?rest_route=\/wp\/v2\/types\/product"}],"wp:attachment":[{"href":"https:\/\/www.autonvaraosahaku.fi\/index.php?rest_route=%2Fwp%2Fv2%2Fmedia&parent=94731"}],"wp:term":[{"taxonomy":"pwb-brand","embeddable":true,"href":"https:\/\/www.autonvaraosahaku.fi\/index.php?rest_route=%2Fwp%2Fv2%2Fpwb-brand&post=94731"},{"taxonomy":"product_cat","embeddable":true,"href":"https:\/\/www.autonvaraosahaku.fi\/index.php?rest_route=%2Fwp%2Fv2%2Fproduct_cat&post=94731"},{"taxonomy":"product_tag","embeddable":true,"href":"https:\/\/www.autonvaraosahaku.fi\/index.php?rest_route=%2Fwp%2Fv2%2Fproduct_tag&post=94731"}],"curies":[{"name":"wp","href":"https:\/\/api.w.org\/{rel}","templated":true}]}}