{"id":9474,"date":"2021-02-21T14:05:58","date_gmt":"2021-02-21T14:05:58","guid":{"rendered":"https:\/\/www.autonvaraosahaku.fi\/?product=meyle-30-12-321-0012-ilmansuodatin"},"modified":"2021-02-21T14:06:00","modified_gmt":"2021-02-21T14:06:00","slug":"meyle-30-12-321-0012-ilmansuodatin","status":"publish","type":"product","link":"https:\/\/www.autonvaraosahaku.fi\/?product=meyle-30-12-321-0012-ilmansuodatin","title":{"rendered":"MEYLE 30-12 321 0012 Ilmansuodatin"},"content":{"rendered":"<p>Ulkol\u00e4pimitta [mm]: 220; Suodatintyyppi: Suodatinpanos; Korkeus (mm): 145; Sis\u00e4l\u00e4pimitta [mm]: 108; lis\u00e4tieto: ORIGINAL Quality; TOYOTA: LAND CRUISER KDJ12_, GRJ12_,LAND CRUISER 90 _J9_; 1780130030, 1780167030, 178016703083, 17801670308T, 1780167060, 1780167080, 1780178010, 1780178011<\/p>\n","protected":false},"excerpt":{"rendered":"<p>MEYLE Ilmansuodatin 30-12 321 0012  TOYOTA,LAND CRUISER KDJ12_, GRJ12_,LAND CRUISER 90 _J9_<\/p>\n","protected":false},"featured_media":0,"template":"","meta":{"site-sidebar-layout":"default","site-content-layout":"default","ast-global-header-display":"","ast-main-header-display":"","ast-hfb-above-header-display":"","ast-hfb-below-header-display":"","ast-hfb-mobile-header-display":"","site-post-title":"","ast-breadcrumbs-content":"","ast-featured-img":"","footer-sml-layout":"","theme-transparent-header-meta":"","adv-header-id-meta":"","stick-header-meta":"","header-above-stick-meta":"","header-main-stick-meta":"","header-below-stick-meta":""},"pwb-brand":[84],"product_cat":[31],"product_tag":[],"class_list":{"0":"post-9474","1":"product","2":"type-product","3":"status-publish","5":"pwb-brand-meyle","6":"product_cat-ilmansuodatin","7":"desktop-align-left","8":"tablet-align-left","9":"mobile-align-left","11":"first","12":"instock","13":"product-type-external"},"brands":[{"id":84,"name":"MEYLE","slug":"meyle"}],"_links":{"self":[{"href":"https:\/\/www.autonvaraosahaku.fi\/index.php?rest_route=\/wp\/v2\/product\/9474","targetHints":{"allow":["GET"]}}],"collection":[{"href":"https:\/\/www.autonvaraosahaku.fi\/index.php?rest_route=\/wp\/v2\/product"}],"about":[{"href":"https:\/\/www.autonvaraosahaku.fi\/index.php?rest_route=\/wp\/v2\/types\/product"}],"wp:attachment":[{"href":"https:\/\/www.autonvaraosahaku.fi\/index.php?rest_route=%2Fwp%2Fv2%2Fmedia&parent=9474"}],"wp:term":[{"taxonomy":"pwb-brand","embeddable":true,"href":"https:\/\/www.autonvaraosahaku.fi\/index.php?rest_route=%2Fwp%2Fv2%2Fpwb-brand&post=9474"},{"taxonomy":"product_cat","embeddable":true,"href":"https:\/\/www.autonvaraosahaku.fi\/index.php?rest_route=%2Fwp%2Fv2%2Fproduct_cat&post=9474"},{"taxonomy":"product_tag","embeddable":true,"href":"https:\/\/www.autonvaraosahaku.fi\/index.php?rest_route=%2Fwp%2Fv2%2Fproduct_tag&post=9474"}],"curies":[{"name":"wp","href":"https:\/\/api.w.org\/{rel}","templated":true}]}}