{"id":94762,"date":"2021-02-21T21:54:37","date_gmt":"2021-02-21T21:54:37","guid":{"rendered":"https:\/\/www.autonvaraosahaku.fi\/?product=japanparts-pa-254af-jarrupalat"},"modified":"2021-02-21T21:54:41","modified_gmt":"2021-02-21T21:54:41","slug":"japanparts-pa-254af-jarrupalat","status":"publish","type":"product","link":"https:\/\/www.autonvaraosahaku.fi\/?product=japanparts-pa-254af-jarrupalat","title":{"rendered":"JAPANPARTS PA-254AF Jarrupalat"},"content":{"rendered":"<p>Asennuspuoli: Etuakseli; Jarrutyyppi: Levyjarru; Pituus (mm): 119,5; Korkeus (mm): 73,7; Korkeus 1 (mm): 68; Paksuus [mm]: 14,7; Jarruj\u00e4rjestelm\u00e4: SUMITOMO; WVA-numero: 21679; Tarkistuskilpi: ECE R90 APPROVED; M\u00e4\u00e4r\u00e4yksikk\u00f6: Akselisarja; Vaihtoehtoisesti: ; VW: TARO; TOYOTA: LAND CRUISER 90 _J9_,LAND CRUISER PZJ7_, KZJ7_, HZJ7_, BJ7_, LJ7_, RJ7_,LAND CRUISER 80 _J8_,LAND CRUISER _J4_,HILUX VI Pick-up _N1_,HILUX V Pick-up LN_, KZN1_, VZN1_,4 RUNNER RN10_, VZN13_, VZN10_, RN13_,4 RUNNER KZN18_, VZN18_, RZN18_,LAND CRUISER Hardtop _J7_,HILUX IV Pick-up _N5_, _N6_,LAND CRUISER Pick-up _J4_,4 RUNNER RN5_, LN5_, VZN6_, RN7_, RN6_; 9100712, V91150014, V9118A028, 0446535030, 0446535031, 0446535040, 0446535080, 0446535100, 0446535140, 0446535190, 0446535200, 0446535230, 0446535240, 0446535260, 0446535280, 0446560030, 0446560130, 04465YZZ57, 04465YZZAF, 04465YZZDH, 04465YZZDJ, 04465YZZF6, 0449133160, 0449135110, 0449135111, 0449135140, 0449135160, 0449135170, 0449135171, 0449135190, 0449135240, 0449135241, 0449160070, 0449160080, 0449160090, 446535040, 446560030, 449133160, 449135190, 449160080, J0446535040, J0449135160; Jarrupalasarja,Jarrupala, Levyjarru<\/p>\n","protected":false},"excerpt":{"rendered":"<p>JAPANPARTS Jarrupalat PA-254AF Jarrupalasarja,Jarrupala, Levyjarru VW,TOYOTA,TARO,LAND CRUISER 90 _J9_<\/p>\n","protected":false},"featured_media":0,"template":"","meta":{"site-sidebar-layout":"default","site-content-layout":"default","ast-global-header-display":"","ast-main-header-display":"","ast-hfb-above-header-display":"","ast-hfb-below-header-display":"","ast-hfb-mobile-header-display":"","site-post-title":"","ast-breadcrumbs-content":"","ast-featured-img":"","footer-sml-layout":"","theme-transparent-header-meta":"","adv-header-id-meta":"","stick-header-meta":"","header-above-stick-meta":"","header-main-stick-meta":"","header-below-stick-meta":""},"pwb-brand":[334],"product_cat":[100],"product_tag":[],"class_list":{"0":"post-94762","1":"product","2":"type-product","3":"status-publish","5":"pwb-brand-japanparts","6":"product_cat-jarrupalat","7":"desktop-align-left","8":"tablet-align-left","9":"mobile-align-left","11":"first","12":"instock","13":"product-type-external"},"brands":[{"id":334,"name":"JAPANPARTS","slug":"japanparts"}],"_links":{"self":[{"href":"https:\/\/www.autonvaraosahaku.fi\/index.php?rest_route=\/wp\/v2\/product\/94762","targetHints":{"allow":["GET"]}}],"collection":[{"href":"https:\/\/www.autonvaraosahaku.fi\/index.php?rest_route=\/wp\/v2\/product"}],"about":[{"href":"https:\/\/www.autonvaraosahaku.fi\/index.php?rest_route=\/wp\/v2\/types\/product"}],"wp:attachment":[{"href":"https:\/\/www.autonvaraosahaku.fi\/index.php?rest_route=%2Fwp%2Fv2%2Fmedia&parent=94762"}],"wp:term":[{"taxonomy":"pwb-brand","embeddable":true,"href":"https:\/\/www.autonvaraosahaku.fi\/index.php?rest_route=%2Fwp%2Fv2%2Fpwb-brand&post=94762"},{"taxonomy":"product_cat","embeddable":true,"href":"https:\/\/www.autonvaraosahaku.fi\/index.php?rest_route=%2Fwp%2Fv2%2Fproduct_cat&post=94762"},{"taxonomy":"product_tag","embeddable":true,"href":"https:\/\/www.autonvaraosahaku.fi\/index.php?rest_route=%2Fwp%2Fv2%2Fproduct_tag&post=94762"}],"curies":[{"name":"wp","href":"https:\/\/api.w.org\/{rel}","templated":true}]}}