{"id":94790,"date":"2021-02-21T21:54:53","date_gmt":"2021-02-21T21:54:53","guid":{"rendered":"https:\/\/www.autonvaraosahaku.fi\/?product=japanparts-fc-208s-polttoainesuodatin"},"modified":"2021-02-21T21:54:54","modified_gmt":"2021-02-21T21:54:54","slug":"japanparts-fc-208s-polttoainesuodatin","status":"publish","type":"product","link":"https:\/\/www.autonvaraosahaku.fi\/?product=japanparts-fc-208s-polttoainesuodatin","title":{"rendered":"JAPANPARTS FC-208S Polttoainesuodatin"},"content":{"rendered":"<p>Suodatintyyppi: Ruuvattava suodatin; Pituus (mm): 89; Ulkol\u00e4pimitta [mm]: 84,5; Asennusl\u00e4pimitta [mm]: 62; Sis\u00e4kierre (mm): 3\/4 x 16; Valmistusvuoteen: 06\/1985; NISSAN: PICK UP D21,PATROL Hardtop K160,PATROL Station Wagon W160; TOYOTA: LAND CRUISER _J4_,LAND CRUISER _J6_,HILUX IV Pick-up _N5_, _N6_,LAND CRUISER Pick-up _J4_,CROWN Stufenheck _S1_,HIACE II Wagon LH7_, LH5_, LH6_, YH7_, YH6_, YH5_,HIACE II Kasten LH5_, YH7_, LH7_, LH6_, YH6_, YH5_,HIACE I Kasten RH1_, LH3_, RH3_, RH2_, LH2_, LH1_,CRESSIDA Stufenheck _X6_,DYNA Pritsche\/Fahrgestell,DYNA Bus _U3_, _U2_; ISUZU: D-MAX 8DH,CAMPO KB; 2330356031, 4312420, 5132400230, 5876100110, 861000580, 8941434790, 8941446110, 894144613, 8944147963, 8944489841, 8979169931, 8979169932, 1640009W00, 1640090108, 16400Q4000, 1640301T01, 1640301T0A, 1640309W00, 1640309W0A, 1640327000, 16403J2000, 16403J2001, 16403J5500, 16403Z7000, 2330356021, 2330356022, 2330356030, 2330356031, 2330054010, 0423456010, 0423456011, 16403Z9000, 1861000582, 1861000583, 2330054011, 2330056040, 2330354010, 2330354011, 2330354071, 2330354072, 2330356021, 2330356022, 2330356030, 2330356031, 4131078<\/p>\n","protected":false},"excerpt":{"rendered":"<p>JAPANPARTS Polttoainesuodatin FC-208S  NISSAN,TOYOTA,ISUZU,PICK UP D21,PATROL Hardtop K160,PATROL Station Wagon W160,LAND CRUISER _J4_<\/p>\n","protected":false},"featured_media":0,"template":"","meta":{"site-sidebar-layout":"default","site-content-layout":"default","ast-global-header-display":"","ast-main-header-display":"","ast-hfb-above-header-display":"","ast-hfb-below-header-display":"","ast-hfb-mobile-header-display":"","site-post-title":"","ast-breadcrumbs-content":"","ast-featured-img":"","footer-sml-layout":"","theme-transparent-header-meta":"","adv-header-id-meta":"","stick-header-meta":"","header-above-stick-meta":"","header-main-stick-meta":"","header-below-stick-meta":""},"pwb-brand":[334],"product_cat":[29],"product_tag":[],"class_list":{"0":"post-94790","1":"product","2":"type-product","3":"status-publish","5":"pwb-brand-japanparts","6":"product_cat-polttoainesuodatin","7":"desktop-align-left","8":"tablet-align-left","9":"mobile-align-left","11":"first","12":"instock","13":"product-type-external"},"brands":[{"id":334,"name":"JAPANPARTS","slug":"japanparts"}],"_links":{"self":[{"href":"https:\/\/www.autonvaraosahaku.fi\/index.php?rest_route=\/wp\/v2\/product\/94790","targetHints":{"allow":["GET"]}}],"collection":[{"href":"https:\/\/www.autonvaraosahaku.fi\/index.php?rest_route=\/wp\/v2\/product"}],"about":[{"href":"https:\/\/www.autonvaraosahaku.fi\/index.php?rest_route=\/wp\/v2\/types\/product"}],"wp:attachment":[{"href":"https:\/\/www.autonvaraosahaku.fi\/index.php?rest_route=%2Fwp%2Fv2%2Fmedia&parent=94790"}],"wp:term":[{"taxonomy":"pwb-brand","embeddable":true,"href":"https:\/\/www.autonvaraosahaku.fi\/index.php?rest_route=%2Fwp%2Fv2%2Fpwb-brand&post=94790"},{"taxonomy":"product_cat","embeddable":true,"href":"https:\/\/www.autonvaraosahaku.fi\/index.php?rest_route=%2Fwp%2Fv2%2Fproduct_cat&post=94790"},{"taxonomy":"product_tag","embeddable":true,"href":"https:\/\/www.autonvaraosahaku.fi\/index.php?rest_route=%2Fwp%2Fv2%2Fproduct_tag&post=94790"}],"curies":[{"name":"wp","href":"https:\/\/api.w.org\/{rel}","templated":true}]}}