{"id":94795,"date":"2021-02-21T21:54:53","date_gmt":"2021-02-21T21:54:53","guid":{"rendered":"https:\/\/www.autonvaraosahaku.fi\/?product=japanparts-faa-ki06-raitisilmasuodatin"},"modified":"2021-02-21T21:54:56","modified_gmt":"2021-02-21T21:54:56","slug":"japanparts-faa-ki06-raitisilmasuodatin","status":"publish","type":"product","link":"https:\/\/www.autonvaraosahaku.fi\/?product=japanparts-faa-ki06-raitisilmasuodatin","title":{"rendered":"JAPANPARTS FAA-KI06 Raitisilmasuodatin"},"content":{"rendered":"<p>Pituus (mm): 261; Leveys (mm): 193; Korkeus (mm): 38; Valmistusvuoteen: 03\/2003; KIA: SORENTO I JC,MAGENTIS GD; HYUNDAI: SANTA F\u00c9 I SM,TRAJET FO,SONATA IV EF,XG XG,SONATA III Y-3,HIGHWAY VAN,SONATA II Y-2; 967193D000, 9761938000, 9761938100, 976193E000, LOC410, 9761938100, 976193C000, 976193C100, 976193E000, 976193E010; Sis\u00e4ilmansuodatin,Suodatin, Sis\u00e4ilma<\/p>\n","protected":false},"excerpt":{"rendered":"<p>JAPANPARTS Raitisilmasuodatin FAA-KI06 Sis\u00e4ilmansuodatin,Suodatin, Sis\u00e4ilma KIA,HYUNDAI,SORENTO I JC,MAGENTIS GD,SANTA F\u00c9 I SM,TRAJET FO,SONATA IV EF<\/p>\n","protected":false},"featured_media":0,"template":"","meta":{"site-sidebar-layout":"default","site-content-layout":"default","ast-global-header-display":"","ast-main-header-display":"","ast-hfb-above-header-display":"","ast-hfb-below-header-display":"","ast-hfb-mobile-header-display":"","site-post-title":"","ast-breadcrumbs-content":"","ast-featured-img":"","footer-sml-layout":"","theme-transparent-header-meta":"","adv-header-id-meta":"","stick-header-meta":"","header-above-stick-meta":"","header-main-stick-meta":"","header-below-stick-meta":""},"pwb-brand":[334],"product_cat":[19],"product_tag":[],"class_list":{"0":"post-94795","1":"product","2":"type-product","3":"status-publish","5":"pwb-brand-japanparts","6":"product_cat-raitisilmasuodatin","7":"desktop-align-left","8":"tablet-align-left","9":"mobile-align-left","11":"first","12":"instock","13":"product-type-external"},"brands":[{"id":334,"name":"JAPANPARTS","slug":"japanparts"}],"_links":{"self":[{"href":"https:\/\/www.autonvaraosahaku.fi\/index.php?rest_route=\/wp\/v2\/product\/94795","targetHints":{"allow":["GET"]}}],"collection":[{"href":"https:\/\/www.autonvaraosahaku.fi\/index.php?rest_route=\/wp\/v2\/product"}],"about":[{"href":"https:\/\/www.autonvaraosahaku.fi\/index.php?rest_route=\/wp\/v2\/types\/product"}],"wp:attachment":[{"href":"https:\/\/www.autonvaraosahaku.fi\/index.php?rest_route=%2Fwp%2Fv2%2Fmedia&parent=94795"}],"wp:term":[{"taxonomy":"pwb-brand","embeddable":true,"href":"https:\/\/www.autonvaraosahaku.fi\/index.php?rest_route=%2Fwp%2Fv2%2Fpwb-brand&post=94795"},{"taxonomy":"product_cat","embeddable":true,"href":"https:\/\/www.autonvaraosahaku.fi\/index.php?rest_route=%2Fwp%2Fv2%2Fproduct_cat&post=94795"},{"taxonomy":"product_tag","embeddable":true,"href":"https:\/\/www.autonvaraosahaku.fi\/index.php?rest_route=%2Fwp%2Fv2%2Fproduct_tag&post=94795"}],"curies":[{"name":"wp","href":"https:\/\/api.w.org\/{rel}","templated":true}]}}