{"id":94799,"date":"2021-02-21T21:54:53","date_gmt":"2021-02-21T21:54:53","guid":{"rendered":"https:\/\/www.autonvaraosahaku.fi\/?product=febi-bilstein-34940-alatukivarsi"},"modified":"2021-02-21T21:54:57","modified_gmt":"2021-02-21T21:54:57","slug":"febi-bilstein-34940-alatukivarsi","status":"publish","type":"product","link":"https:\/\/www.autonvaraosahaku.fi\/?product=febi-bilstein-34940-alatukivarsi","title":{"rendered":"FEBI BILSTEIN 34940 Alatukivarsi"},"content":{"rendered":"<p>Sis\u00e4l\u00e4pimitta [mm]: 12,0, 14,0; Materiaali: Ter\u00e4slevy; Ohjausmalli: Poikittaistukivarsi; Asennuspuoli: Taka-akseli, molemminpuolinen, Alla; Paino [kg]: 0,85, 0,85; Moottorinumero: Z19DT; OPEL: VECTRA C Caravan,SIGNUM,VECTRA C,VECTRA C GTS; FIAT: CROMA 194; VAUXHALL: VECTRA Mk II C CC,VECTRA Mk II C Estate,VECTRA Mk II C,SIGNUM; 51755681, 00423002, 00423032, 0423002, 0423032, 423002, 423032, 013204112, 024428548, 13204112, 24428548; Tukivarsi,Tukivarsi, Py\u00f6r\u00e4ntuenta<\/p>\n","protected":false},"excerpt":{"rendered":"<p>FEBI BILSTEIN Alatukivarsi 34940 Tukivarsi,Tukivarsi, Py\u00f6r\u00e4ntuenta OPEL,FIAT,VAUXHALL,VECTRA C Caravan,SIGNUM,VECTRA C,VECTRA C GTS,CROMA 194<\/p>\n","protected":false},"featured_media":0,"template":"","meta":{"site-sidebar-layout":"default","site-content-layout":"default","ast-global-header-display":"","ast-main-header-display":"","ast-hfb-above-header-display":"","ast-hfb-below-header-display":"","ast-hfb-mobile-header-display":"","site-post-title":"","ast-breadcrumbs-content":"","ast-featured-img":"","footer-sml-layout":"","theme-transparent-header-meta":"","adv-header-id-meta":"","stick-header-meta":"","header-above-stick-meta":"","header-main-stick-meta":"","header-below-stick-meta":""},"pwb-brand":[50],"product_cat":[62],"product_tag":[],"class_list":{"0":"post-94799","1":"product","2":"type-product","3":"status-publish","5":"pwb-brand-febi-bilstein","6":"product_cat-alatukivarsi","7":"desktop-align-left","8":"tablet-align-left","9":"mobile-align-left","11":"first","12":"instock","13":"product-type-external"},"brands":[{"id":50,"name":"FEBI BILSTEIN","slug":"febi-bilstein"}],"_links":{"self":[{"href":"https:\/\/www.autonvaraosahaku.fi\/index.php?rest_route=\/wp\/v2\/product\/94799","targetHints":{"allow":["GET"]}}],"collection":[{"href":"https:\/\/www.autonvaraosahaku.fi\/index.php?rest_route=\/wp\/v2\/product"}],"about":[{"href":"https:\/\/www.autonvaraosahaku.fi\/index.php?rest_route=\/wp\/v2\/types\/product"}],"wp:attachment":[{"href":"https:\/\/www.autonvaraosahaku.fi\/index.php?rest_route=%2Fwp%2Fv2%2Fmedia&parent=94799"}],"wp:term":[{"taxonomy":"pwb-brand","embeddable":true,"href":"https:\/\/www.autonvaraosahaku.fi\/index.php?rest_route=%2Fwp%2Fv2%2Fpwb-brand&post=94799"},{"taxonomy":"product_cat","embeddable":true,"href":"https:\/\/www.autonvaraosahaku.fi\/index.php?rest_route=%2Fwp%2Fv2%2Fproduct_cat&post=94799"},{"taxonomy":"product_tag","embeddable":true,"href":"https:\/\/www.autonvaraosahaku.fi\/index.php?rest_route=%2Fwp%2Fv2%2Fproduct_tag&post=94799"}],"curies":[{"name":"wp","href":"https:\/\/api.w.org\/{rel}","templated":true}]}}