{"id":94825,"date":"2021-02-21T21:55:02","date_gmt":"2021-02-21T21:55:02","guid":{"rendered":"https:\/\/www.autonvaraosahaku.fi\/?product=trw-df2689-jarrulevyt"},"modified":"2021-02-21T21:55:08","modified_gmt":"2021-02-21T21:55:08","slug":"trw-df2689-jarrulevyt","status":"publish","type":"product","link":"https:\/\/www.autonvaraosahaku.fi\/?product=trw-df2689-jarrulevyt","title":{"rendered":"TRW DF2689 Jarrulevyt"},"content":{"rendered":"<p>Pinta: Lakattu; Jarrulevytyyppi: Tuuletettu; Ulkol\u00e4pimitta [mm]: 212; Jarrulevyn paksuus (mm): 18; V\u00e4himm\u00e4ispaksuus (mm): 15,5; keskitt\u00e4misl\u00e4pimitta [mm]: 65; Korkeus (mm): 36,5; Reikien m\u00e4\u00e4r\u00e4: 4; Kierremitta: M10 x 1.25; Reik\u00e4ympyr\u00e4-\u00d8 [mm]: 94; V\u00e4ri: Musta; Asennuspuoli: Vorderachse; SUBARU: LIBERO Bus E10, E12,JUSTY I KAD; 725431150, 725431300, 725431301, 725431310, 725431311, 725431312, 725431390; Jarrulevy<\/p>\n","protected":false},"excerpt":{"rendered":"<p>TRW Jarrulevyt DF2689 Jarrulevy SUBARU,LIBERO Bus E10, E12,JUSTY I KAD<\/p>\n","protected":false},"featured_media":0,"template":"","meta":{"site-sidebar-layout":"default","site-content-layout":"default","ast-global-header-display":"","ast-main-header-display":"","ast-hfb-above-header-display":"","ast-hfb-below-header-display":"","ast-hfb-mobile-header-display":"","site-post-title":"","ast-breadcrumbs-content":"","ast-featured-img":"","footer-sml-layout":"","theme-transparent-header-meta":"","adv-header-id-meta":"","stick-header-meta":"","header-above-stick-meta":"","header-main-stick-meta":"","header-below-stick-meta":""},"pwb-brand":[332],"product_cat":[66],"product_tag":[],"class_list":{"0":"post-94825","1":"product","2":"type-product","3":"status-publish","5":"pwb-brand-trw","6":"product_cat-jarrulevyt","7":"desktop-align-left","8":"tablet-align-left","9":"mobile-align-left","11":"first","12":"instock","13":"product-type-external"},"brands":[{"id":332,"name":"TRW","slug":"trw"}],"_links":{"self":[{"href":"https:\/\/www.autonvaraosahaku.fi\/index.php?rest_route=\/wp\/v2\/product\/94825","targetHints":{"allow":["GET"]}}],"collection":[{"href":"https:\/\/www.autonvaraosahaku.fi\/index.php?rest_route=\/wp\/v2\/product"}],"about":[{"href":"https:\/\/www.autonvaraosahaku.fi\/index.php?rest_route=\/wp\/v2\/types\/product"}],"wp:attachment":[{"href":"https:\/\/www.autonvaraosahaku.fi\/index.php?rest_route=%2Fwp%2Fv2%2Fmedia&parent=94825"}],"wp:term":[{"taxonomy":"pwb-brand","embeddable":true,"href":"https:\/\/www.autonvaraosahaku.fi\/index.php?rest_route=%2Fwp%2Fv2%2Fpwb-brand&post=94825"},{"taxonomy":"product_cat","embeddable":true,"href":"https:\/\/www.autonvaraosahaku.fi\/index.php?rest_route=%2Fwp%2Fv2%2Fproduct_cat&post=94825"},{"taxonomy":"product_tag","embeddable":true,"href":"https:\/\/www.autonvaraosahaku.fi\/index.php?rest_route=%2Fwp%2Fv2%2Fproduct_tag&post=94825"}],"curies":[{"name":"wp","href":"https:\/\/api.w.org\/{rel}","templated":true}]}}