{"id":94826,"date":"2021-02-21T21:55:02","date_gmt":"2021-02-21T21:55:02","guid":{"rendered":"https:\/\/www.autonvaraosahaku.fi\/?product=trw-df2671-jarrulevyt"},"modified":"2021-02-21T21:55:08","modified_gmt":"2021-02-21T21:55:08","slug":"trw-df2671-jarrulevyt","status":"publish","type":"product","link":"https:\/\/www.autonvaraosahaku.fi\/?product=trw-df2671-jarrulevyt","title":{"rendered":"TRW DF2671 Jarrulevyt"},"content":{"rendered":"<p>Jarrulevytyyppi: Tuuletettu; Ulkol\u00e4pimitta [mm]: 280; Jarrulevyn paksuus (mm): 26; V\u00e4himm\u00e4ispaksuus (mm): 23; keskitt\u00e4misl\u00e4pimitta [mm]: 68; Korkeus (mm): 50,7; Reikien m\u00e4\u00e4r\u00e4: 5; Kierremitta: 14,3; Reik\u00e4ympyr\u00e4-\u00d8 [mm]: 108; V\u00e4ri: Musta; Pinta: Lakattu; Tarkistuskilpi: E190R02 02C0176\/0036; Asennuspuoli: Vorderachse; VOLVO: V70 I LV,850 Kombi LW,XC70 CROSS COUNTRY,940 II Kombi 945,940 Kombi 945,C70 I Cabriolet,C70 I Coupe,850 LS,960 II Kombi 965,S70 LS,940 944,V90 Kombi,940 II 944,S90; 271788, 2717880, 2717882, 272312, 31262092, 9140759, 91407593; Jarrulevy<\/p>\n","protected":false},"excerpt":{"rendered":"<p>TRW Jarrulevyt DF2671 Jarrulevy VOLVO,V70 I LV,850 Kombi LW,XC70 CROSS COUNTRY,940 II Kombi 945,940 Kombi 945,C70 I Cabriolet,C70 I Coupe,850 LS<\/p>\n","protected":false},"featured_media":0,"template":"","meta":{"site-sidebar-layout":"default","site-content-layout":"default","ast-global-header-display":"","ast-main-header-display":"","ast-hfb-above-header-display":"","ast-hfb-below-header-display":"","ast-hfb-mobile-header-display":"","site-post-title":"","ast-breadcrumbs-content":"","ast-featured-img":"","footer-sml-layout":"","theme-transparent-header-meta":"","adv-header-id-meta":"","stick-header-meta":"","header-above-stick-meta":"","header-main-stick-meta":"","header-below-stick-meta":""},"pwb-brand":[332],"product_cat":[66],"product_tag":[],"class_list":{"0":"post-94826","1":"product","2":"type-product","3":"status-publish","5":"pwb-brand-trw","6":"product_cat-jarrulevyt","7":"desktop-align-left","8":"tablet-align-left","9":"mobile-align-left","11":"first","12":"instock","13":"product-type-external"},"brands":[{"id":332,"name":"TRW","slug":"trw"}],"_links":{"self":[{"href":"https:\/\/www.autonvaraosahaku.fi\/index.php?rest_route=\/wp\/v2\/product\/94826","targetHints":{"allow":["GET"]}}],"collection":[{"href":"https:\/\/www.autonvaraosahaku.fi\/index.php?rest_route=\/wp\/v2\/product"}],"about":[{"href":"https:\/\/www.autonvaraosahaku.fi\/index.php?rest_route=\/wp\/v2\/types\/product"}],"wp:attachment":[{"href":"https:\/\/www.autonvaraosahaku.fi\/index.php?rest_route=%2Fwp%2Fv2%2Fmedia&parent=94826"}],"wp:term":[{"taxonomy":"pwb-brand","embeddable":true,"href":"https:\/\/www.autonvaraosahaku.fi\/index.php?rest_route=%2Fwp%2Fv2%2Fpwb-brand&post=94826"},{"taxonomy":"product_cat","embeddable":true,"href":"https:\/\/www.autonvaraosahaku.fi\/index.php?rest_route=%2Fwp%2Fv2%2Fproduct_cat&post=94826"},{"taxonomy":"product_tag","embeddable":true,"href":"https:\/\/www.autonvaraosahaku.fi\/index.php?rest_route=%2Fwp%2Fv2%2Fproduct_tag&post=94826"}],"curies":[{"name":"wp","href":"https:\/\/api.w.org\/{rel}","templated":true}]}}