{"id":9484,"date":"2021-02-21T14:06:02","date_gmt":"2021-02-21T14:06:02","guid":{"rendered":"https:\/\/www.autonvaraosahaku.fi\/?product=original-imperium-36893-moottorin-kumityyny"},"modified":"2021-02-21T14:06:02","modified_gmt":"2021-02-21T14:06:02","slug":"original-imperium-36893-moottorin-kumityyny","status":"publish","type":"product","link":"https:\/\/www.autonvaraosahaku.fi\/?product=original-imperium-36893-moottorin-kumityyny","title":{"rendered":"ORIGINAL IMPERIUM 36893 Moottorin kumityyny"},"content":{"rendered":"<p>Asennuspuoli: Yl\u00e4puolella, Oikea; Paino [g]: 624; Materiaali: Kumi-metalli; Tarvittava kappalem\u00e4\u00e4r\u00e4: 1; RENAULT: MEGANE III Grandtour KZ0\/1,SC\u00c9NIC III JZ0\/1_,MEGANE III Schr\u00e4gheck BZ0_,GRAND SC\u00c9NIC III JZ0\/1_,MEGANE III Coupe DZ0\/1_,MEGANE CC EZ0\/1_; 113560010R; Moottorin Tukikumit,Moottorin Tuki<\/p>\n","protected":false},"excerpt":{"rendered":"<p>ORIGINAL IMPERIUM Moottorin Kumityyny 36893 Moottorin Tukikumit,Moottorin Tuki RENAULT,MEGANE III Grandtour KZ0\/1,SC\u00c9NIC III JZ0\/1_<\/p>\n","protected":false},"featured_media":0,"template":"","meta":{"site-sidebar-layout":"default","site-content-layout":"default","ast-global-header-display":"","ast-main-header-display":"","ast-hfb-above-header-display":"","ast-hfb-below-header-display":"","ast-hfb-mobile-header-display":"","site-post-title":"","ast-breadcrumbs-content":"","ast-featured-img":"","footer-sml-layout":"","theme-transparent-header-meta":"","adv-header-id-meta":"","stick-header-meta":"","header-above-stick-meta":"","header-main-stick-meta":"","header-below-stick-meta":""},"pwb-brand":[72],"product_cat":[74],"product_tag":[],"class_list":{"0":"post-9484","1":"product","2":"type-product","3":"status-publish","5":"pwb-brand-original-imperium","6":"product_cat-moottorin-kumityyny","7":"desktop-align-left","8":"tablet-align-left","9":"mobile-align-left","11":"first","12":"instock","13":"product-type-external"},"brands":[{"id":72,"name":"ORIGINAL IMPERIUM","slug":"original-imperium"}],"_links":{"self":[{"href":"https:\/\/www.autonvaraosahaku.fi\/index.php?rest_route=\/wp\/v2\/product\/9484","targetHints":{"allow":["GET"]}}],"collection":[{"href":"https:\/\/www.autonvaraosahaku.fi\/index.php?rest_route=\/wp\/v2\/product"}],"about":[{"href":"https:\/\/www.autonvaraosahaku.fi\/index.php?rest_route=\/wp\/v2\/types\/product"}],"wp:attachment":[{"href":"https:\/\/www.autonvaraosahaku.fi\/index.php?rest_route=%2Fwp%2Fv2%2Fmedia&parent=9484"}],"wp:term":[{"taxonomy":"pwb-brand","embeddable":true,"href":"https:\/\/www.autonvaraosahaku.fi\/index.php?rest_route=%2Fwp%2Fv2%2Fpwb-brand&post=9484"},{"taxonomy":"product_cat","embeddable":true,"href":"https:\/\/www.autonvaraosahaku.fi\/index.php?rest_route=%2Fwp%2Fv2%2Fproduct_cat&post=9484"},{"taxonomy":"product_tag","embeddable":true,"href":"https:\/\/www.autonvaraosahaku.fi\/index.php?rest_route=%2Fwp%2Fv2%2Fproduct_tag&post=9484"}],"curies":[{"name":"wp","href":"https:\/\/api.w.org\/{rel}","templated":true}]}}