{"id":94857,"date":"2021-02-21T21:55:19","date_gmt":"2021-02-21T21:55:19","guid":{"rendered":"https:\/\/www.autonvaraosahaku.fi\/?product=dt-9-01030-kierretulppa"},"modified":"2021-02-21T21:55:23","modified_gmt":"2021-02-21T21:55:23","slug":"dt-9-01030-kierretulppa","status":"publish","type":"product","link":"https:\/\/www.autonvaraosahaku.fi\/?product=dt-9-01030-kierretulppa","title":{"rendered":"DT 9.01030 Kierretulppa"},"content":{"rendered":"<p>Muoto: A-muoto; Materiaali: Kupari; Paino [g]: 0,7; Sis\u00e4l\u00e4pimitta [mm]: 12; Ulkol\u00e4pimitta [mm]: 15,5; Paksuus [mm]: 1,5; Tunnusluku: CU; AUDI: R8 42,R8 Spyder; N0138122, N0138128, 07119963129, 0193959, 0326316, 193959, 326316, 07119343, 09009408, 16508060, 1574769, 16508060, 07119343, 09009408, 06561900701, 11200982014, 81907110728, 0010176152, 007603012111, 0199970948, 875565, 90012304320, 90112304320, 0003008072, 0003008075, 0854813000, 0855335000, 7400947282, 7420460061, 0003008072, 0003008075, 0854813000, 0855335000, 7400947282, 7420460061, 8124133, N0138122, N0138128, N0138122, N0138128, 20460061, 947282, N0138122, N0138128, TC1132219; Tiiviste, \u00d6ljynlaskutulppa<\/p>\n","protected":false},"excerpt":{"rendered":"<p>DT \u00d6ljytulpan Tiiviste 9.01030 Tiiviste, \u00d6ljynlaskutulppa AUDI,R8 42,R8 Spyder<\/p>\n","protected":false},"featured_media":0,"template":"","meta":{"site-sidebar-layout":"default","site-content-layout":"default","ast-global-header-display":"","ast-main-header-display":"","ast-hfb-above-header-display":"","ast-hfb-below-header-display":"","ast-hfb-mobile-header-display":"","site-post-title":"","ast-breadcrumbs-content":"","ast-featured-img":"","footer-sml-layout":"","theme-transparent-header-meta":"","adv-header-id-meta":"","stick-header-meta":"","header-above-stick-meta":"","header-main-stick-meta":"","header-below-stick-meta":""},"pwb-brand":[75],"product_cat":[40],"product_tag":[],"class_list":{"0":"post-94857","1":"product","2":"type-product","3":"status-publish","5":"pwb-brand-dt","6":"product_cat-kierretulppa","7":"desktop-align-left","8":"tablet-align-left","9":"mobile-align-left","11":"first","12":"instock","13":"product-type-external"},"brands":[{"id":75,"name":"DT","slug":"dt"}],"_links":{"self":[{"href":"https:\/\/www.autonvaraosahaku.fi\/index.php?rest_route=\/wp\/v2\/product\/94857","targetHints":{"allow":["GET"]}}],"collection":[{"href":"https:\/\/www.autonvaraosahaku.fi\/index.php?rest_route=\/wp\/v2\/product"}],"about":[{"href":"https:\/\/www.autonvaraosahaku.fi\/index.php?rest_route=\/wp\/v2\/types\/product"}],"wp:attachment":[{"href":"https:\/\/www.autonvaraosahaku.fi\/index.php?rest_route=%2Fwp%2Fv2%2Fmedia&parent=94857"}],"wp:term":[{"taxonomy":"pwb-brand","embeddable":true,"href":"https:\/\/www.autonvaraosahaku.fi\/index.php?rest_route=%2Fwp%2Fv2%2Fpwb-brand&post=94857"},{"taxonomy":"product_cat","embeddable":true,"href":"https:\/\/www.autonvaraosahaku.fi\/index.php?rest_route=%2Fwp%2Fv2%2Fproduct_cat&post=94857"},{"taxonomy":"product_tag","embeddable":true,"href":"https:\/\/www.autonvaraosahaku.fi\/index.php?rest_route=%2Fwp%2Fv2%2Fproduct_tag&post=94857"}],"curies":[{"name":"wp","href":"https:\/\/api.w.org\/{rel}","templated":true}]}}