{"id":94861,"date":"2021-02-21T21:55:19","date_gmt":"2021-02-21T21:55:19","guid":{"rendered":"https:\/\/www.autonvaraosahaku.fi\/?product=optimal-f8-7352-tukivarren-hela"},"modified":"2021-02-21T21:55:24","modified_gmt":"2021-02-21T21:55:24","slug":"optimal-f8-7352-tukivarren-hela","status":"publish","type":"product","link":"https:\/\/www.autonvaraosahaku.fi\/?product=optimal-f8-7352-tukivarren-hela","title":{"rendered":"OPTIMAL F8-7352 Tukivarren hela"},"content":{"rendered":"<p>Asennuspuoli: Ulompi, Molemminpuolin, Taka-akseli; Sis\u00e4l\u00e4pimitta [mm]: 12; Ulkol\u00e4pimitta [mm]: 44; Ohjausmalli: Pitkitt\u00e4istukivarrelle; Kiinnitysmalli: Kumimetallilaakeri; Pituus (mm): 67; M\u00e4\u00e4r\u00e4yksikk\u00f6: Kappale; Valmistusvuosi alkaen: 09\/1982; BMW: 5 E34,7 E32,5 Touring E34,5 E28,6 E24,7 E23; 33321123462, 33321125563, 33321137459, 33329058823, 33329061946<\/p>\n","protected":false},"excerpt":{"rendered":"<p>OPTIMAL Tukivarren Hela F8-7352  BMW,5 E34,7 E32,5 Touring E34,5 E28,6 E24,7 E23<\/p>\n","protected":false},"featured_media":0,"template":"","meta":{"site-sidebar-layout":"default","site-content-layout":"default","ast-global-header-display":"","ast-main-header-display":"","ast-hfb-above-header-display":"","ast-hfb-below-header-display":"","ast-hfb-mobile-header-display":"","site-post-title":"","ast-breadcrumbs-content":"","ast-featured-img":"","footer-sml-layout":"","theme-transparent-header-meta":"","adv-header-id-meta":"","stick-header-meta":"","header-above-stick-meta":"","header-main-stick-meta":"","header-below-stick-meta":""},"pwb-brand":[307],"product_cat":[115],"product_tag":[],"class_list":{"0":"post-94861","1":"product","2":"type-product","3":"status-publish","5":"pwb-brand-optimal","6":"product_cat-tukivarren-hela","7":"desktop-align-left","8":"tablet-align-left","9":"mobile-align-left","11":"first","12":"instock","13":"product-type-external"},"brands":[{"id":307,"name":"OPTIMAL","slug":"optimal"}],"_links":{"self":[{"href":"https:\/\/www.autonvaraosahaku.fi\/index.php?rest_route=\/wp\/v2\/product\/94861","targetHints":{"allow":["GET"]}}],"collection":[{"href":"https:\/\/www.autonvaraosahaku.fi\/index.php?rest_route=\/wp\/v2\/product"}],"about":[{"href":"https:\/\/www.autonvaraosahaku.fi\/index.php?rest_route=\/wp\/v2\/types\/product"}],"wp:attachment":[{"href":"https:\/\/www.autonvaraosahaku.fi\/index.php?rest_route=%2Fwp%2Fv2%2Fmedia&parent=94861"}],"wp:term":[{"taxonomy":"pwb-brand","embeddable":true,"href":"https:\/\/www.autonvaraosahaku.fi\/index.php?rest_route=%2Fwp%2Fv2%2Fpwb-brand&post=94861"},{"taxonomy":"product_cat","embeddable":true,"href":"https:\/\/www.autonvaraosahaku.fi\/index.php?rest_route=%2Fwp%2Fv2%2Fproduct_cat&post=94861"},{"taxonomy":"product_tag","embeddable":true,"href":"https:\/\/www.autonvaraosahaku.fi\/index.php?rest_route=%2Fwp%2Fv2%2Fproduct_tag&post=94861"}],"curies":[{"name":"wp","href":"https:\/\/api.w.org\/{rel}","templated":true}]}}