{"id":9487,"date":"2021-02-21T14:06:02","date_gmt":"2021-02-21T14:06:02","guid":{"rendered":"https:\/\/www.autonvaraosahaku.fi\/?product=tedgum-00587948-moottorin-kumityyny"},"modified":"2021-02-21T14:06:03","modified_gmt":"2021-02-21T14:06:03","slug":"tedgum-00587948-moottorin-kumityyny","status":"publish","type":"product","link":"https:\/\/www.autonvaraosahaku.fi\/?product=tedgum-00587948-moottorin-kumityyny","title":{"rendered":"TEDGUM 00587948 Moottorin kumityyny"},"content":{"rendered":"<p>Tarvittava kappalem\u00e4\u00e4r\u00e4: 2, 2; Asennuspuoli: Molemminpuolin, Edess\u00e4; RENAULT: CLIO III BR0\/1, CR0\/1,SC\u00c9NIC II JM0\/1_,MODUS \/ GRAND MODUS F\/JP0_,MEGANE II Kombi KM0\/1_,MEGANE II Coup\u00e9-Cabriolet EM0\/1_,MEGANE II BM0\/1_, CM0\/1_,MEGANE II Stufenheck LM0\/1_; 8200275524, 8200475468Z; Moottorin Tukikumit,Moottorin Tuki<\/p>\n","protected":false},"excerpt":{"rendered":"<p>TEDGUM Moottorin Kumityyny 00587948 Moottorin Tukikumit,Moottorin Tuki RENAULT,CLIO III BR0\/1, CR0\/1,SC\u00c9NIC II JM0\/1_,MODUS \/ GRAND MODUS F\/JP0_<\/p>\n","protected":false},"featured_media":0,"template":"","meta":{"site-sidebar-layout":"default","site-content-layout":"default","ast-global-header-display":"","ast-main-header-display":"","ast-hfb-above-header-display":"","ast-hfb-below-header-display":"","ast-hfb-mobile-header-display":"","site-post-title":"","ast-breadcrumbs-content":"","ast-featured-img":"","footer-sml-layout":"","theme-transparent-header-meta":"","adv-header-id-meta":"","stick-header-meta":"","header-above-stick-meta":"","header-main-stick-meta":"","header-below-stick-meta":""},"pwb-brand":[155],"product_cat":[74],"product_tag":[],"class_list":{"0":"post-9487","1":"product","2":"type-product","3":"status-publish","5":"pwb-brand-tedgum","6":"product_cat-moottorin-kumityyny","7":"desktop-align-left","8":"tablet-align-left","9":"mobile-align-left","11":"first","12":"instock","13":"product-type-external"},"brands":[{"id":155,"name":"TEDGUM","slug":"tedgum"}],"_links":{"self":[{"href":"https:\/\/www.autonvaraosahaku.fi\/index.php?rest_route=\/wp\/v2\/product\/9487","targetHints":{"allow":["GET"]}}],"collection":[{"href":"https:\/\/www.autonvaraosahaku.fi\/index.php?rest_route=\/wp\/v2\/product"}],"about":[{"href":"https:\/\/www.autonvaraosahaku.fi\/index.php?rest_route=\/wp\/v2\/types\/product"}],"wp:attachment":[{"href":"https:\/\/www.autonvaraosahaku.fi\/index.php?rest_route=%2Fwp%2Fv2%2Fmedia&parent=9487"}],"wp:term":[{"taxonomy":"pwb-brand","embeddable":true,"href":"https:\/\/www.autonvaraosahaku.fi\/index.php?rest_route=%2Fwp%2Fv2%2Fpwb-brand&post=9487"},{"taxonomy":"product_cat","embeddable":true,"href":"https:\/\/www.autonvaraosahaku.fi\/index.php?rest_route=%2Fwp%2Fv2%2Fproduct_cat&post=9487"},{"taxonomy":"product_tag","embeddable":true,"href":"https:\/\/www.autonvaraosahaku.fi\/index.php?rest_route=%2Fwp%2Fv2%2Fproduct_tag&post=9487"}],"curies":[{"name":"wp","href":"https:\/\/api.w.org\/{rel}","templated":true}]}}