{"id":94876,"date":"2021-02-21T21:55:28","date_gmt":"2021-02-21T21:55:28","guid":{"rendered":"https:\/\/www.autonvaraosahaku.fi\/?product=janmor-abu32-sytytysjohto"},"modified":"2021-02-21T21:55:31","modified_gmt":"2021-02-21T21:55:31","slug":"janmor-abu32-sytytysjohto","status":"publish","type":"product","link":"https:\/\/www.autonvaraosahaku.fi\/?product=janmor-abu32-sytytysjohto","title":{"rendered":"JANMOR ABU32 Sytytysjohto"},"content":{"rendered":"<p>Materiaali: EPDM (eteenipropeeni-dieeni-kumi); Kennon mitat: KEVLAR; Ulkol\u00e4pimitta [mm]: 7; Sytytyspuola: Liit\u00e4nt\u00e4 M4; Virranjakaja: Liit\u00e4nt\u00e4 M4; Sytytysjohto: Liit\u00e4nt\u00e4 M4; Pituus (cm): 60; Pituus 1 (mm): 600; Pituus 2 (mm): 600; Pituus 3 [mm]: 600; Pituus 4 [mm]: 600; VW: GOLF III 1H1,GOLF II 19E, 1G1,GOLF III Cabriolet 1E7,GOLF Mk III Cabriolet 1E7,GOLF III Variant 1H5,GOLF I 17; SEAT: TOLEDO I 1L; Sytytysjohtosarja,Sytytyskaapeli<\/p>\n","protected":false},"excerpt":{"rendered":"<p>JANMOR Sytytysjohto ABU32 Sytytysjohtosarja,Sytytyskaapeli VW,SEAT,GOLF III 1H1,GOLF II 19E, 1G1,GOLF III Cabriolet 1E7,GOLF Mk III Cabriolet 1E7<\/p>\n","protected":false},"featured_media":0,"template":"","meta":{"site-sidebar-layout":"default","site-content-layout":"default","ast-global-header-display":"","ast-main-header-display":"","ast-hfb-above-header-display":"","ast-hfb-below-header-display":"","ast-hfb-mobile-header-display":"","site-post-title":"","ast-breadcrumbs-content":"","ast-featured-img":"","footer-sml-layout":"","theme-transparent-header-meta":"","adv-header-id-meta":"","stick-header-meta":"","header-above-stick-meta":"","header-main-stick-meta":"","header-below-stick-meta":""},"pwb-brand":[455],"product_cat":[198],"product_tag":[],"class_list":{"0":"post-94876","1":"product","2":"type-product","3":"status-publish","5":"pwb-brand-janmor","6":"product_cat-sytytysjohto","7":"desktop-align-left","8":"tablet-align-left","9":"mobile-align-left","11":"first","12":"instock","13":"product-type-external"},"brands":[{"id":455,"name":"JANMOR","slug":"janmor"}],"_links":{"self":[{"href":"https:\/\/www.autonvaraosahaku.fi\/index.php?rest_route=\/wp\/v2\/product\/94876","targetHints":{"allow":["GET"]}}],"collection":[{"href":"https:\/\/www.autonvaraosahaku.fi\/index.php?rest_route=\/wp\/v2\/product"}],"about":[{"href":"https:\/\/www.autonvaraosahaku.fi\/index.php?rest_route=\/wp\/v2\/types\/product"}],"wp:attachment":[{"href":"https:\/\/www.autonvaraosahaku.fi\/index.php?rest_route=%2Fwp%2Fv2%2Fmedia&parent=94876"}],"wp:term":[{"taxonomy":"pwb-brand","embeddable":true,"href":"https:\/\/www.autonvaraosahaku.fi\/index.php?rest_route=%2Fwp%2Fv2%2Fpwb-brand&post=94876"},{"taxonomy":"product_cat","embeddable":true,"href":"https:\/\/www.autonvaraosahaku.fi\/index.php?rest_route=%2Fwp%2Fv2%2Fproduct_cat&post=94876"},{"taxonomy":"product_tag","embeddable":true,"href":"https:\/\/www.autonvaraosahaku.fi\/index.php?rest_route=%2Fwp%2Fv2%2Fproduct_tag&post=94876"}],"curies":[{"name":"wp","href":"https:\/\/api.w.org\/{rel}","templated":true}]}}