{"id":94877,"date":"2021-02-21T21:55:28","date_gmt":"2021-02-21T21:55:28","guid":{"rendered":"https:\/\/www.autonvaraosahaku.fi\/?product=bilstein-24-158428-ohjausvaimennin"},"modified":"2021-02-21T21:55:31","modified_gmt":"2021-02-21T21:55:31","slug":"bilstein-24-158428-ohjausvaimennin","status":"publish","type":"product","link":"https:\/\/www.autonvaraosahaku.fi\/?product=bilstein-24-158428-ohjausvaimennin","title":{"rendered":"BILSTEIN 24-158428 Ohjausvaimennin"},"content":{"rendered":"<p>Asennuspuoli: Etuakseli; Iskunvaimennin asennustapa: Silmukka ylh\u00e4\u00e4ll\u00e4, Silmukka alhaalla; Rakennemalli: Long Arm Suspension; JEEP: WRANGLER III JK; Ohjausiskunvaimennin<\/p>\n","protected":false},"excerpt":{"rendered":"<p>BILSTEIN Ohjausvaimennin BILSTEIN &#8211; B8 5100 (Steering Damper) 24-158428 Ohjausiskunvaimennin JEEP,WRANGLER III JK<\/p>\n","protected":false},"featured_media":0,"template":"","meta":{"site-sidebar-layout":"default","site-content-layout":"default","ast-global-header-display":"","ast-main-header-display":"","ast-hfb-above-header-display":"","ast-hfb-below-header-display":"","ast-hfb-mobile-header-display":"","site-post-title":"","ast-breadcrumbs-content":"","ast-featured-img":"","footer-sml-layout":"","theme-transparent-header-meta":"","adv-header-id-meta":"","stick-header-meta":"","header-above-stick-meta":"","header-main-stick-meta":"","header-below-stick-meta":""},"pwb-brand":[114],"product_cat":[475],"product_tag":[],"class_list":{"0":"post-94877","1":"product","2":"type-product","3":"status-publish","5":"pwb-brand-bilstein","6":"product_cat-ohjausvaimennin","7":"desktop-align-left","8":"tablet-align-left","9":"mobile-align-left","11":"first","12":"instock","13":"product-type-external"},"brands":[{"id":114,"name":"BILSTEIN","slug":"bilstein"}],"_links":{"self":[{"href":"https:\/\/www.autonvaraosahaku.fi\/index.php?rest_route=\/wp\/v2\/product\/94877","targetHints":{"allow":["GET"]}}],"collection":[{"href":"https:\/\/www.autonvaraosahaku.fi\/index.php?rest_route=\/wp\/v2\/product"}],"about":[{"href":"https:\/\/www.autonvaraosahaku.fi\/index.php?rest_route=\/wp\/v2\/types\/product"}],"wp:attachment":[{"href":"https:\/\/www.autonvaraosahaku.fi\/index.php?rest_route=%2Fwp%2Fv2%2Fmedia&parent=94877"}],"wp:term":[{"taxonomy":"pwb-brand","embeddable":true,"href":"https:\/\/www.autonvaraosahaku.fi\/index.php?rest_route=%2Fwp%2Fv2%2Fpwb-brand&post=94877"},{"taxonomy":"product_cat","embeddable":true,"href":"https:\/\/www.autonvaraosahaku.fi\/index.php?rest_route=%2Fwp%2Fv2%2Fproduct_cat&post=94877"},{"taxonomy":"product_tag","embeddable":true,"href":"https:\/\/www.autonvaraosahaku.fi\/index.php?rest_route=%2Fwp%2Fv2%2Fproduct_tag&post=94877"}],"curies":[{"name":"wp","href":"https:\/\/api.w.org\/{rel}","templated":true}]}}