{"id":94887,"date":"2021-02-21T21:55:28","date_gmt":"2021-02-21T21:55:28","guid":{"rendered":"https:\/\/www.autonvaraosahaku.fi\/?product=optimal-a-1695h-iskunvaimennin"},"modified":"2021-02-21T21:55:35","modified_gmt":"2021-02-21T21:55:35","slug":"optimal-a-1695h-iskunvaimennin","status":"publish","type":"product","link":"https:\/\/www.autonvaraosahaku.fi\/?product=optimal-a-1695h-iskunvaimennin","title":{"rendered":"OPTIMAL A-1695H Iskunvaimennin"},"content":{"rendered":"<p>Asennuspuoli: Taka-akseli, Oikea, Vasen; Iskunvaimennin tyyppi: \u00d6ljypaine; Iskunvaimennin malli: Vaimennin, jousituella; Iskunvaimennin asennustapa: Tappi ylh\u00e4\u00e4ll\u00e4, Silmukka alhaalla; Iskunvaimennusj\u00e4rjestelm\u00e4: Kaksiputki; Suositellun tarvikkeen tuotenumero: AK-732516; VW: GOLF III 1H1,GOLF II 19E, 1G1,GOLF III Cabriolet 1E7,GOLF Mk III Cabriolet 1E7,VENTO 1H2,JETTA II 19E, 1G2, 165; SEAT: TOLEDO I 1L; ZASTAVA: YUGO FLORIDA; 191513033M, 191513033D, 191513033M, 1H0513031, 1H0513031D, 1L0513033B, 1L0513033C, 1L0513033E, 191513033M, 191513033A, 191513033D, 191513033E, 191513033M, 1H0513031A, 1H0513031D, 1H0513031E, 1H0513031K, 1H0513031L, 1HM513031B, 535513031A, 46617466; Iskarit,Iskunvaimennin<\/p>\n","protected":false},"excerpt":{"rendered":"<p>OPTIMAL Iskunvaimentimet A-1695H Iskarit,Iskunvaimennin VW,SEAT,ZASTAVA,GOLF III 1H1,GOLF II 19E, 1G1,GOLF III Cabriolet 1E7,GOLF Mk III Cabriolet 1E7<\/p>\n","protected":false},"featured_media":0,"template":"","meta":{"site-sidebar-layout":"default","site-content-layout":"default","ast-global-header-display":"","ast-main-header-display":"","ast-hfb-above-header-display":"","ast-hfb-below-header-display":"","ast-hfb-mobile-header-display":"","site-post-title":"","ast-breadcrumbs-content":"","ast-featured-img":"","footer-sml-layout":"","theme-transparent-header-meta":"","adv-header-id-meta":"","stick-header-meta":"","header-above-stick-meta":"","header-main-stick-meta":"","header-below-stick-meta":""},"pwb-brand":[307],"product_cat":[80],"product_tag":[],"class_list":{"0":"post-94887","1":"product","2":"type-product","3":"status-publish","5":"pwb-brand-optimal","6":"product_cat-iskunvaimennin","7":"desktop-align-left","8":"tablet-align-left","9":"mobile-align-left","11":"first","12":"instock","13":"product-type-external"},"brands":[{"id":307,"name":"OPTIMAL","slug":"optimal"}],"_links":{"self":[{"href":"https:\/\/www.autonvaraosahaku.fi\/index.php?rest_route=\/wp\/v2\/product\/94887","targetHints":{"allow":["GET"]}}],"collection":[{"href":"https:\/\/www.autonvaraosahaku.fi\/index.php?rest_route=\/wp\/v2\/product"}],"about":[{"href":"https:\/\/www.autonvaraosahaku.fi\/index.php?rest_route=\/wp\/v2\/types\/product"}],"wp:attachment":[{"href":"https:\/\/www.autonvaraosahaku.fi\/index.php?rest_route=%2Fwp%2Fv2%2Fmedia&parent=94887"}],"wp:term":[{"taxonomy":"pwb-brand","embeddable":true,"href":"https:\/\/www.autonvaraosahaku.fi\/index.php?rest_route=%2Fwp%2Fv2%2Fpwb-brand&post=94887"},{"taxonomy":"product_cat","embeddable":true,"href":"https:\/\/www.autonvaraosahaku.fi\/index.php?rest_route=%2Fwp%2Fv2%2Fproduct_cat&post=94887"},{"taxonomy":"product_tag","embeddable":true,"href":"https:\/\/www.autonvaraosahaku.fi\/index.php?rest_route=%2Fwp%2Fv2%2Fproduct_tag&post=94887"}],"curies":[{"name":"wp","href":"https:\/\/api.w.org\/{rel}","templated":true}]}}